{"id":3556,"date":"2013-05-21T15:24:59","date_gmt":"2013-05-21T15:24:59","guid":{"rendered":"http:\/\/localhost:8008\/impressum"},"modified":"2025-07-24T16:40:36","modified_gmt":"2025-07-24T14:40:36","slug":"impressum","status":"publish","type":"page","link":"https:\/\/www.syspectr.com\/de\/impressum","title":{"rendered":"Impressum"},"content":{"rendered":"\n<h2 class=\"wp-block-heading\">Impressum<\/h2>\n\n\n<table width=\"100%\">\n<tbody>\n<tr>\n<td>\n<h2>O&amp;O Software GmbH<\/h2>\n<p>B\u00fclowstra\u00dfe 66<br \/>10783 Berlin<\/p>\n<table width=\"100%\">\n<tbody>\n<tr>\n<td valign=\"top\">Telefon:<\/td>\n<td valign=\"top\">+49 30 991 91 62 00<\/td>\n<\/tr>\n<tr>\n<td valign=\"top\">Fax:<\/td>\n<td valign=\"top\">\n<div>+49 30 991 91 62 99<\/div>\n<\/td>\n<\/tr>\n<tr>\n<td valign=\"top\">E-Mail:<\/td>\n<td valign=\"top\">\n<div><a href=\"mailto:info@oo-software.com\">info@oo-software.com<\/a><\/div>\n<\/td>\n<\/tr>\n<\/tbody>\n<\/table>\n<\/td>\n<td>\u00a0<\/td>\n<\/tr>\n<\/tbody>\n<\/table>\n<h2>Rechtliche Hinweise<\/h2>\n<p>Vertretungsberechtigt f\u00fcr die O&amp;O Software GmbH: Gesch\u00e4ftsf\u00fchrer: Herr Dipl.-Inform. Olaf Kehrer<br \/>Registergericht: Amtsgericht Berlin-Charlottenburg HRB 121676<br \/>Umsatzsteuer-Identifikationsnummer: DE267267409<\/p>\n<p>\u00a0<\/p>\n<p>Wir sind freiwillig bereit, an einem au\u00dfergerichtlichen Schlichtungsverfahren teilzunehmen.<\/p>\n<p>Wir streben an, etwaige Meinungsverschiedenheiten aus unserer Vertragsbeziehung auf einvernehmliche Weise beizulegen. Nehmen Sie bitte Kontakt zu uns auf, damit wir gemeinsam eine L\u00f6sung finden k\u00f6nnen.<\/p>\n<p>Sollte das Problem nicht zu Ihrer Zufriedenheit gel\u00f6st werden, k\u00f6nnen Sie sich an die folgende Schlichtungsstelle wenden:<\/p>\n<p>Allgemeine Verbraucherschlichtungsstelle des Zentrums f\u00fcr Schlichtung e. V.<\/p>\n<p>Stra\u00dfburger Str. 8<br \/>Kehl, 77694<br \/>Deutschland<br \/>Website: <a href=\"https:\/\/www.verbraucher-schlichter.de\" target=\"_blank\" rel=\"noopener\">https:\/\/www.verbraucher-schlichter.de<\/a><\/p>\n<h2>Links zu Webseiten andere Anbieter<\/h2>\n<p>F\u00fcr Links zu Webseiten anderer Anbieter gilt: Der Herausgeber erkl\u00e4rt ausdr\u00fccklich, dass er keinen Einfluss auf den Inhalt der verlinkten Seiten hat. Diese Erkl\u00e4rung gilt f\u00fcr alle auf der O&amp;O-Webseite bereitgestellten Links und Programme, die nicht von O&amp;O hergestellt wurden. Alle genannten Marken sind Eigentum der jeweiligen Inhaber.<\/p>","protected":false},"excerpt":{"rendered":"<p>Impressum O&amp;O Software GmbH B\u00fclowstra\u00dfe 6610783 Berlin Telefon: +49 30 991 91 62 00 Fax: +49 30 991 91 62 99 E-Mail: info@oo-software.com \u00a0 Rechtliche Hinweise Vertretungsberechtigt f\u00fcr die O&amp;O Software GmbH: Gesch\u00e4ftsf\u00fchrer: Herr Dipl.-Inform. Olaf KehrerRegistergericht: Amtsgericht Berlin-Charlottenburg HRB &hellip; <a href=\"https:\/\/www.syspectr.com\/de\/impressum\">Continue reading <span class=\"meta-nav\">&rarr;<\/span><\/a><\/p>\n","protected":false},"author":2,"featured_media":0,"parent":0,"menu_order":0,"comment_status":"closed","ping_status":"closed","template":"","meta":{"footnotes":""},"class_list":["post-3556","page","type-page","status-publish","hentry"],"yoast_head":"<!-- This site is optimized with the Yoast SEO plugin v25.1 - https:\/\/yoast.com\/wordpress\/plugins\/seo\/ -->\n<title>Impressum - O&amp;O Syspectr<\/title>\n<meta name=\"robots\" content=\"index, follow, max-snippet:-1, max-image-preview:large, max-video-preview:-1\" \/>\n<link rel=\"canonical\" href=\"https:\/\/www.syspectr.com\/de\/impressum\" \/>\n<meta property=\"og:locale\" content=\"de_DE\" \/>\n<meta property=\"og:type\" content=\"article\" \/>\n<meta property=\"og:title\" content=\"Impressum - O&amp;O Syspectr\" \/>\n<meta property=\"og:description\" content=\"Impressum O&amp;O Software GmbH B\u00fclowstra\u00dfe 6610783 Berlin Telefon: +49 30 991 91 62 00 Fax: +49 30 991 91 62 99 E-Mail: info@oo-software.com \u00a0 Rechtliche Hinweise Vertretungsberechtigt f\u00fcr die O&amp;O Software GmbH: Gesch\u00e4ftsf\u00fchrer: Herr Dipl.-Inform. Olaf KehrerRegistergericht: Amtsgericht Berlin-Charlottenburg HRB &hellip; Continue reading &rarr;\" \/>\n<meta property=\"og:url\" content=\"https:\/\/www.syspectr.com\/de\/impressum\" \/>\n<meta property=\"og:site_name\" content=\"O&amp;O Syspectr\" \/>\n<meta property=\"article:publisher\" content=\"https:\/\/www.facebook.com\/OOSoftware\" \/>\n<meta property=\"article:modified_time\" content=\"2025-07-24T14:40:36+00:00\" \/>\n<meta property=\"og:image\" content=\"https:\/\/www.syspectr.com\/wp-content\/uploads\/logo.png\" \/>\n\t<meta property=\"og:image:width\" content=\"1200\" \/>\n\t<meta property=\"og:image:height\" content=\"1200\" \/>\n\t<meta property=\"og:image:type\" content=\"image\/png\" \/>\n<meta name=\"twitter:card\" content=\"summary_large_image\" \/>\n<meta name=\"twitter:site\" content=\"@syspectr\" \/>\n<meta name=\"twitter:label1\" content=\"Gesch\u00e4tzte Lesezeit\" \/>\n\t<meta name=\"twitter:data1\" content=\"1\u00a0Minute\" \/>\n<script type=\"application\/ld+json\" class=\"yoast-schema-graph\">{\"@context\":\"https:\/\/schema.org\",\"@graph\":[{\"@type\":\"WebPage\",\"@id\":\"https:\/\/www.syspectr.com\/de\/impressum\",\"url\":\"https:\/\/www.syspectr.com\/de\/impressum\",\"name\":\"Impressum - O&amp;O Syspectr\",\"isPartOf\":{\"@id\":\"https:\/\/www.syspectr.com\/de#website\"},\"datePublished\":\"2013-05-21T15:24:59+00:00\",\"dateModified\":\"2025-07-24T14:40:36+00:00\",\"breadcrumb\":{\"@id\":\"https:\/\/www.syspectr.com\/de\/impressum#breadcrumb\"},\"inLanguage\":\"de\",\"potentialAction\":[{\"@type\":\"ReadAction\",\"target\":[\"https:\/\/www.syspectr.com\/de\/impressum\"]}]},{\"@type\":\"BreadcrumbList\",\"@id\":\"https:\/\/www.syspectr.com\/de\/impressum#breadcrumb\",\"itemListElement\":[{\"@type\":\"ListItem\",\"position\":1,\"name\":\"Home\",\"item\":\"https:\/\/oodev-www.syspectr.com\/de\"},{\"@type\":\"ListItem\",\"position\":2,\"name\":\"Impressum\"}]},{\"@type\":\"WebSite\",\"@id\":\"https:\/\/www.syspectr.com\/de#website\",\"url\":\"https:\/\/www.syspectr.com\/de\",\"name\":\"O&amp;O Syspectr\",\"description\":\"Managen und \u00fcberwachen Sie Ihr Netzwerk. Jederzeit. \u00dcberall.\",\"publisher\":{\"@id\":\"https:\/\/www.syspectr.com\/de#organization\"},\"potentialAction\":[{\"@type\":\"SearchAction\",\"target\":{\"@type\":\"EntryPoint\",\"urlTemplate\":\"https:\/\/www.syspectr.com\/de?s={search_term_string}\"},\"query-input\":{\"@type\":\"PropertyValueSpecification\",\"valueRequired\":true,\"valueName\":\"search_term_string\"}}],\"inLanguage\":\"de\"},{\"@type\":\"Organization\",\"@id\":\"https:\/\/www.syspectr.com\/de#organization\",\"name\":\"O&O Software GmbH\",\"url\":\"https:\/\/www.syspectr.com\/de\",\"logo\":{\"@type\":\"ImageObject\",\"inLanguage\":\"de\",\"@id\":\"https:\/\/www.syspectr.com\/de#\/schema\/logo\/image\/\",\"url\":\"https:\/\/oodev-www.syspectr.com\/wp-content\/uploads\/logo.png\",\"contentUrl\":\"https:\/\/oodev-www.syspectr.com\/wp-content\/uploads\/logo.png\",\"width\":1200,\"height\":1200,\"caption\":\"O&O Software GmbH\"},\"image\":{\"@id\":\"https:\/\/www.syspectr.com\/de#\/schema\/logo\/image\/\"},\"sameAs\":[\"https:\/\/www.facebook.com\/OOSoftware\",\"https:\/\/x.com\/syspectr\",\"https:\/\/ca.linkedin.com\/company\/o&amp;o-software-gmbh\",\"https:\/\/www.youtube.com\/user\/oosoftw\"]}]}<\/script>\n<!-- \/ Yoast SEO plugin. -->","yoast_head_json":{"title":"Impressum - O&amp;O Syspectr","robots":{"index":"index","follow":"follow","max-snippet":"max-snippet:-1","max-image-preview":"max-image-preview:large","max-video-preview":"max-video-preview:-1"},"canonical":"https:\/\/www.syspectr.com\/de\/impressum","og_locale":"de_DE","og_type":"article","og_title":"Impressum - O&amp;O Syspectr","og_description":"Impressum O&amp;O Software GmbH B\u00fclowstra\u00dfe 6610783 Berlin Telefon: +49 30 991 91 62 00 Fax: +49 30 991 91 62 99 E-Mail: info@oo-software.com \u00a0 Rechtliche Hinweise Vertretungsberechtigt f\u00fcr die O&amp;O Software GmbH: Gesch\u00e4ftsf\u00fchrer: Herr Dipl.-Inform. Olaf KehrerRegistergericht: Amtsgericht Berlin-Charlottenburg HRB &hellip; Continue reading &rarr;","og_url":"https:\/\/www.syspectr.com\/de\/impressum","og_site_name":"O&amp;O Syspectr","article_publisher":"https:\/\/www.facebook.com\/OOSoftware","article_modified_time":"2025-07-24T14:40:36+00:00","og_image":[{"width":1200,"height":1200,"url":"https:\/\/www.syspectr.com\/wp-content\/uploads\/logo.png","type":"image\/png"}],"twitter_card":"summary_large_image","twitter_site":"@syspectr","twitter_misc":{"Gesch\u00e4tzte Lesezeit":"1\u00a0Minute"},"schema":{"@context":"https:\/\/schema.org","@graph":[{"@type":"WebPage","@id":"https:\/\/www.syspectr.com\/de\/impressum","url":"https:\/\/www.syspectr.com\/de\/impressum","name":"Impressum - O&amp;O Syspectr","isPartOf":{"@id":"https:\/\/www.syspectr.com\/de#website"},"datePublished":"2013-05-21T15:24:59+00:00","dateModified":"2025-07-24T14:40:36+00:00","breadcrumb":{"@id":"https:\/\/www.syspectr.com\/de\/impressum#breadcrumb"},"inLanguage":"de","potentialAction":[{"@type":"ReadAction","target":["https:\/\/www.syspectr.com\/de\/impressum"]}]},{"@type":"BreadcrumbList","@id":"https:\/\/www.syspectr.com\/de\/impressum#breadcrumb","itemListElement":[{"@type":"ListItem","position":1,"name":"Home","item":"https:\/\/oodev-www.syspectr.com\/de"},{"@type":"ListItem","position":2,"name":"Impressum"}]},{"@type":"WebSite","@id":"https:\/\/www.syspectr.com\/de#website","url":"https:\/\/www.syspectr.com\/de","name":"O&amp;O Syspectr","description":"Managen und \u00fcberwachen Sie Ihr Netzwerk. Jederzeit. \u00dcberall.","publisher":{"@id":"https:\/\/www.syspectr.com\/de#organization"},"potentialAction":[{"@type":"SearchAction","target":{"@type":"EntryPoint","urlTemplate":"https:\/\/www.syspectr.com\/de?s={search_term_string}"},"query-input":{"@type":"PropertyValueSpecification","valueRequired":true,"valueName":"search_term_string"}}],"inLanguage":"de"},{"@type":"Organization","@id":"https:\/\/www.syspectr.com\/de#organization","name":"O&O Software GmbH","url":"https:\/\/www.syspectr.com\/de","logo":{"@type":"ImageObject","inLanguage":"de","@id":"https:\/\/www.syspectr.com\/de#\/schema\/logo\/image\/","url":"https:\/\/oodev-www.syspectr.com\/wp-content\/uploads\/logo.png","contentUrl":"https:\/\/oodev-www.syspectr.com\/wp-content\/uploads\/logo.png","width":1200,"height":1200,"caption":"O&O Software GmbH"},"image":{"@id":"https:\/\/www.syspectr.com\/de#\/schema\/logo\/image\/"},"sameAs":["https:\/\/www.facebook.com\/OOSoftware","https:\/\/x.com\/syspectr","https:\/\/ca.linkedin.com\/company\/o&amp;o-software-gmbh","https:\/\/www.youtube.com\/user\/oosoftw"]}]}},"publishpress_future_action":{"enabled":false,"date":"2026-05-07 16:41:28","action":"change-status","newStatus":"draft","terms":[],"taxonomy":"translation_priority"},"publishpress_future_workflow_manual_trigger":{"enabledWorkflows":[]},"_links":{"self":[{"href":"https:\/\/www.syspectr.com\/de\/wp-json\/wp\/v2\/pages\/3556","targetHints":{"allow":["GET"]}}],"collection":[{"href":"https:\/\/www.syspectr.com\/de\/wp-json\/wp\/v2\/pages"}],"about":[{"href":"https:\/\/www.syspectr.com\/de\/wp-json\/wp\/v2\/types\/page"}],"author":[{"embeddable":true,"href":"https:\/\/www.syspectr.com\/de\/wp-json\/wp\/v2\/users\/2"}],"replies":[{"embeddable":true,"href":"https:\/\/www.syspectr.com\/de\/wp-json\/wp\/v2\/comments?post=3556"}],"version-history":[{"count":7,"href":"https:\/\/www.syspectr.com\/de\/wp-json\/wp\/v2\/pages\/3556\/revisions"}],"predecessor-version":[{"id":9143,"href":"https:\/\/www.syspectr.com\/de\/wp-json\/wp\/v2\/pages\/3556\/revisions\/9143"}],"wp:attachment":[{"href":"https:\/\/www.syspectr.com\/de\/wp-json\/wp\/v2\/media?parent=3556"}],"curies":[{"name":"wp","href":"https:\/\/api.w.org\/{rel}","templated":true}]}}