{"id":3558,"date":"2013-05-21T15:26:24","date_gmt":"2013-05-21T15:26:24","guid":{"rendered":"http:\/\/localhost:8008\/datenschutzbestimmungen"},"modified":"2024-10-15T14:56:50","modified_gmt":"2024-10-15T12:56:50","slug":"datenschutzbestimmungen","status":"publish","type":"page","link":"https:\/\/www.syspectr.com\/de\/datenschutzbestimmungen","title":{"rendered":"Datenschutzbestimmungen"},"content":{"rendered":"<p>Die O&amp;O Software GmbH (O&amp;O) setzt sich f\u00fcr den Schutz Ihrer Privatsph\u00e4re ein. Diese Datenschutzgrunds\u00e4tze wurden von O&amp;O entwickelt, um Ihnen als Kunde einen \u00dcberblick dar\u00fcber zu geben, wie personenbezogene Daten von uns erfasst, gespeichert, verarbeitet, weitergegeben und \u00fcbermittelt werden, wenn Sie unsere Seiten besuchen oder unsere Dienste nutzen. Diese Datenschutzgrunds\u00e4tze beziehen sich auf personenbezogene Daten, die relevant sind, wenn Sie unsere Websites besuchen oder unsere Services nutzen.<\/p>\n<p><strong>Welche personenbezogenen Daten erfassen wir?<\/strong><\/p>\n<p>Wir erfassen personenbezogene Daten von Ihnen, wenn Sie unsere Seiten besuchen oder unsere Services nutzen. Dazu geh\u00f6ren folgende Informationen:<\/p>\n<ul>\n<li>Informationen \u00fcber Registrierung und Nutzung \u2013 Wenn Sie sich f\u00fcr die Nutzung unserer Services registrieren, indem Sie ein Konto einrichten, erfassen wir personenbezogene Daten, die erforderlich sind, um die von Ihnen angeforderten Dienstleistungen bereitstellen zu k\u00f6nnen. Je nach ausgew\u00e4hlten Diensten kann es erforderlich sein, dass Sie Ihren Namen, Ihre Anschrift, Ihre Telefonnummer, Ihre E-Mail-Adresse und weitere Identifizierungsinformationen angeben, damit Sie ein Konto einrichten k\u00f6nnen. Gegebenenfalls bitten wir Sie, uns weitere personenbezogene Daten zur Verf\u00fcgung zu stellen, wenn Sie unsere Dienste nutzen.<\/li>\n<li>Im Rahmen der Funktionsaus\u00fcbung unserer Dienste erfasste Daten \u2013 Um die von Ihnen gew\u00fcnschte Dienstleistung erbringen zu k\u00f6nnen, erfassen und speichern wir eine Reihe von Daten, wie etwa Ger\u00e4teinformationen, technische Nutzungsdaten, Standortdaten, Fehlerprotokolle und Daten, der von Ihnen mit O&amp;O Syspectr \u00fcberwachten Rechner und Server.<\/li>\n<li>Andere Daten, die wir erfassen, wenn Sie unsere Websites oder Services nutzen &#8211; Wir k\u00f6nnen zus\u00e4tzliche Informationen von Ihnen oder \u00fcber Sie erfassen, wenn Sie mit uns kommunizieren, sich an unsere Kunden-Support-Teams wenden oder an einer Umfrage teilnehmen. Es werden auch anonymisierte Daten \u00fcber Ihre Computerhardware und -software automatisch durch O&amp;O gesammelt und m\u00f6glicherweise an andere Websites innerhalb der O&amp;O Websites weitergegeben. Diese Daten k\u00f6nnen folgende Informationen enthalten: Ihr Herkunftsland, Ihre Spracheinstellung, Browsertyp, Dom\u00e4nenname, Zugriffzeit und entsprechende Websiteadressen. Diese Daten werden von O&amp;O zur Betreibung der Websites, zur Aufrechterhaltung der Qualit\u00e4t und zur Erstellung von allgemeinen Statistiken \u00fcber die Verwendung der O&amp;O Websites verwendet.<\/li>\n<\/ul>\n<p>Daten, die auf einer O&amp;O Website oder einem O&amp;O Dienst gesammelt werden, k\u00f6nnen innerhalb O&amp;O, deren Niederlassungen und Tochtergesellschaften weitergegeben werden.<\/p>\n<p>O&amp;O empfiehlt das Lesen der Datenschutzgarantien von Websites, die Sie \u00fcber Links von O&amp;O erreichen k\u00f6nnen, so dass Sie verstehen, wie jene Websites Ihre Daten sammeln, verwenden und weitergeben. O&amp;O ist nicht f\u00fcr Inhalte und Datenschutzgarantien von Websites au\u00dferhalb von O&amp;O Websites verantwortlich.<\/p>\n<p><strong>Warum speichern wir personenbezogene Daten?<\/strong><br \/>\nWir bewahren personenbezogene Daten in einem identifizierbaren Format so lange auf, wie es per Gesetz oder Vorschrift mindestens erforderlich ist oder f\u00fcr unsere gesch\u00e4ftlichen Zwecke ben\u00f6tigt wird. Wir bewahren personenbezogene Daten f\u00fcr l\u00e4ngere Zeitr\u00e4ume auf, als es gesetzlich erforderlich ist, wenn dies in unserem rechtm\u00e4\u00dfigen Gesch\u00e4ftsinteresse liegt und nicht gesetzlich verboten ist. Wenn Ihr Konto geschlossen ist, k\u00f6nnen wir Ma\u00dfnahmen ergreifen, um personenbezogene Daten und weitere Informationen zu maskieren, jedoch behalten wir uns die M\u00f6glichkeit vor, die Daten so lange aufzubewahren und darauf zuzugreifen, wie es gem\u00e4\u00df den geltenden Gesetzen erforderlich ist.<\/p>\n<p><strong>Verwendung Ihrer pers\u00f6nlichen Daten<\/strong><br \/>\nO&amp;O und ihre Servicepartner sammeln Ihre pers\u00f6nlichen Daten und verwenden diese zum Betreiben der O&amp;O Websites, und um die von Ihnen angeforderten Dienste durchzuf\u00fchren.<br \/>\nO&amp;O wird gegebenenfalls personenbezogene Daten an andere Serviceprovider weitergeben, die Dienste und Funktionen auf unsere Anweisung und in unserem Namen ausf\u00fchren. Diese Serviceprovider stellen Ihnen beispielsweise Dienste bereit, verifizieren Ihre Identit\u00e4t, unterst\u00fctzen uns bei der Verarbeitung von Transaktionen, senden Ihnen Werbung f\u00fcr unsere Produkte und Dienste oder bieten Ihnen Kundensupport.<\/p>\n<p>Mit Ihrer Einwilligung verwendet O&amp;O Ihre pers\u00f6nlich identifizierbaren Daten, um Sie \u00fcber Produkte oder Dienste zu informieren, die von O&amp;O verf\u00fcgbar sind. O&amp;O wendet sich m\u00f6glicherweise auch mit Umfragen an Sie, um Ihre Meinung \u00fcber aktuelle Dienste\/Produkte und potentielle neue Dienste\/Produkte, die eventuell angeboten werden, zu erfragen.<br \/>\nO&amp;O verkauft, vermietet oder least seine Kundenlisten nicht an Dritte. O&amp;O wird sich m\u00f6glicherweise von Zeit zu Zeit im Auftrag von externen Gesch\u00e4ftspartnern an Sie wenden, um Ihnen spezielle Angebote, die Sie m\u00f6glicherweise interessieren, zu unterbreiten. In jenen F\u00e4llen werden Ihre pers\u00f6nlich identifizierbaren Daten (E-Mail, Name, Adresse, Telefonnummer) nicht an Dritte weitergegeben.<\/p>\n<p>Sie k\u00f6nnen Ihre Einwilligung jederzeit und kostenlos widerrufen.<\/p>\n<p>O&amp;O erfasst und verwendet keine sensitiven pers\u00f6nlichen Daten, wie z.B. Religion, Rasse und politische Zugeh\u00f6rigkeit.<br \/>\nWir k\u00f6nnen aus gesch\u00e4ftlichen Gr\u00fcnden Informationen \u00fcber Sie an Dritte weitergeben, oder wenn die Weitergabe gesetzlich zul\u00e4ssig oder erforderlich ist. Dies gilt in folgenden F\u00e4llen:<\/p>\n<ul>\n<li>Wenn wir dazu verpflichtet sind, um ein Gesetz, einen rechtlichen Beschluss oder eine Vorschrift zu erf\u00fcllen,<\/li>\n<li>an Strafverfolgungsbeh\u00f6rden, andere Regierungsbeamte oder andere Dritte aufgrund einer Vorladung, eines Gerichtsbeschlusses oder eines anderen gesetzlichen Verfahrens oder einer Anforderung, wenn O&amp;O Software oder die O&amp;O Gruppe davon betroffen sind,<\/li>\n<li>wenn wir nach eigenem Ermessen der Auffassung sind, dass die Weitergabe von personenbezogenen Daten erforderlich oder angemessen ist, um physische Sch\u00e4den oder finanzielle Verluste zu verhindern oder um die Untersuchung einer m\u00f6glichen oder tats\u00e4chlichen illegalen Aktivit\u00e4t zu unterst\u00fctzen;<\/li>\n<li>um Verst\u00f6\u00dfe gegen f\u00fcr unsere Services geltende Nutzungsvereinbarungen oder sonstige rechtliche Bestimmungen zu untersuchen oder um diese Rechtsinstrumente durchzusetzen;<\/li>\n<li>zum Schutz unserer Verm\u00f6genswerte, Dienste und Rechte;<\/li>\n<li>im Zusammenhang mit Versandservices und \u00e4hnlichen Dienstleistungen.<\/li>\n<\/ul>\n<p>Dar\u00fcber hinaus kann O&amp;O zusammengefasste Statistikdaten an Dritte wie andere Unternehmen und die \u00d6ffentlichkeit weitergeben. Mit diesen Daten k\u00f6nnen Sie nicht pers\u00f6nlich identifiziert werden, und sie enthalten keine Angaben zu Ihrer Verwendung der Websites oder Dienste. Wir geben Ihre personenbezogenen Daten ohne Ihre Zustimmung nicht an Dritte f\u00fcr deren Marketingma\u00dfnahmen weiter.<\/p>\n<p>Diese Website benutzt Matomo, eine Open-Source-Software zur statistischen Auswertung der Besucherzugriffe. Matomo verwendet sog. \u201eCookies\u201c, Textdateien, die auf Ihrem Computer gespeichert werden und die eine Analyse der Benutzung der Website durch Sie erm\u00f6glichen. Die durch den Cookie erzeugten Informationen \u00fcber Ihre Benutzung dieses Internetangebotes werden auf dem Server des Anbieters in Deutschland gespeichert. Die IP-Adresse wird sofort nach der Verarbeitung und vor deren Speicherung anonymisiert. Sie k\u00f6nnen die Installation der Cookies durch eine entsprechende Einstellung Ihrer Browser-Software verhindern; wir weisen Sie jedoch darauf hin, dass Sie in diesem Fall gegebenenfalls nicht s\u00e4mtliche Funktionen dieser Website vollumf\u00e4nglich nutzen k\u00f6nnen.<\/p>\n<p data-renderer-start-pos=\"216\"><strong data-renderer-mark=\"true\">KI-Funktionalit\u00e4t in O&amp;O Syspectr<br \/>\n<\/strong>Unsere O&amp;O Syspectr-Funktion KI-Erkl\u00e4rungen sendet zu keinem Zeitpunkt pers\u00f6nliche Daten i.S.d. DSGVO an OpenAI, so dass Ihre Informationen privat und sicher bleiben.<\/p>\n<p><strong>Verwendung von Cookies<\/strong><br \/>\nViele O&amp;O Websites verwenden \u201eCookies\u201c, um Sie beim Personalisieren zu unterst\u00fctzen. Ein Cookie ist eine Textdatei, die von einem Webserver auf Ihre Festplatte kopiert wird. Cookies k\u00f6nnen keine Programme ausf\u00fchren oder Viren auf Ihren Computer bringen. Cookies werden eindeutig an Sie vergeben, und k\u00f6nnen nur von einem Webserver in der Dom\u00e4ne gelesen werden, von der das Cookie an Sie ausgegeben wurde.<\/p>\n<p>Ein Hauptzweck von Cookies ist es, Ihnen ein Feature zur Zeiteinsparung anzubieten. Der Zweck eines Cookies ist es, einem Webserver mitzuteilen, dass Sie zu einer bestimmten Seite zur\u00fcckkehren. Z.B., wenn Sie O&amp;O Seiten personalisieren oder sich auf O&amp;O Sites oder -Diensten registrieren, unterst\u00fctzt ein Cookie O&amp;O, um Ihre spezifischen Informationen f\u00fcr sp\u00e4tere Besuche abzurufen. Dieses vereinfacht den Aufzeichnungsprozess Ihrer pers\u00f6nlichen Daten, wie Rechnungsadresse, Lieferadresse, und so weiter. Wenn Sie zu der gleichen O&amp;O Website zur\u00fcckkehren, k\u00f6nnen die vorherigen gelieferten Daten abgerufen werden, so dass Sie die von Ihnen angepassten O&amp;O Features einfach nutzen k\u00f6nnen.<\/p>\n<p>Sie haben mehrere Optionen zur Verwaltung Ihrer Cookie-Einstellungen. Je nach Browser oder Internet-Ger\u00e4t k\u00f6nnen Sie bestimmte Cookies oder Tracking-Technologien l\u00f6schen, deaktivieren oder blockieren. Weitere Informationen finden Sie auf AboutCookies.org. Sie k\u00f6nnen diese Optionen aktivieren; dadurch k\u00f6nnen Sie aber ggf. viele Grundfunktionen eines Dienstes oder einer Website nicht mehr nutzen.<\/p>\n<p><strong>Verwendung von Facebook-Plug-Ins<\/strong><br \/>\nAuf diesen Internetseiten werden Plug-Ins des sozialen Netzwerkes facebook.com verwendet, das von der Facebook Inc., 1601 S. California Ave, Palo Alto, CA 94304, USA betrieben wird (\u201eFacebook\u201c).<\/p>\n<p>Wenn Sie mit einem solchen Plug-In versehene Internetseiten unserer Internetpr\u00e4senz aufrufen, wird erst dann eine Verbindung zu den Facebook-Servern hergestellt, wenn Sie einmal aktiv auf das Facebook-Symbol klicken. Erst dadurch wird an den Facebook-Server \u00fcbermittelt, welche unserer Internetseiten Sie besucht haben. Sind Sie dabei als Mitglied bei Facebook eingeloggt, ordnet Facebook diese Information Ihrem pers\u00f6nlichen Facebook-Benutzerkonto zu. Bei der Nutzung der Plug-In-Funktionen (z.B. Anklicken des \u201eGef\u00e4llt mir\u201c-Buttons, Abgabe eines Kommentars) werden auch diese Informationen Ihrem Facebook-Konto zugeordnet, was Sie nur durch Ausloggen vor Nutzung des Plug-Ins verhindern k\u00f6nnen.<\/p>\n<p>N\u00e4here Informationen zur Erhebung und Nutzung der Daten durch Facebook, \u00fcber Ihre diesbez\u00fcglichen Rechte und M\u00f6glichkeiten zum Schutz Ihrer Privatsph\u00e4re finden Sie in den Datenschutzhinweisen von Facebook.<\/p>\n<p><strong>Sicherheit Ihrer pers\u00f6nlichen Daten<\/strong><br \/>\nO&amp;O sch\u00fctzt Ihre pers\u00f6nlichen Daten vor unerlaubtem Zugriff, Verwendung und Weitergabe. O&amp;O sichert Ihre pers\u00f6nlich identifizierbaren Daten, die Sie auf Servern zur Verf\u00fcgung stellen, in einer kontrollierten gesicherten Umgebung, gesch\u00fctzt vor unerlaubtem Zugriff, Verwendung und Weitergabe. Wenn pers\u00f6nliche Daten, wie z.B. eine Kreditkartennummer, an andere Websites \u00fcbertragen werden, werden diese Daten durch die Verwendung einer Verschl\u00fcsselung, wie z.B. das SSL-Protokoll (Secure Sockets Layer) gesch\u00fctzt. Wir engagieren uns f\u00fcr die Sicherung unserer Systeme und Services. F\u00fcr die Sicherheit und die Geheimhaltung Ihrer Passw\u00f6rter und Ihres Kontoprofils bzw. Ihrer Registrierungsdaten sind Sie jedoch selbst verantwortlich. Dar\u00fcber hinaus liegt es in Ihrer Verantwortung, zu pr\u00fcfen, dass die personenbezogenen Daten, die wir \u00fcber Sie besitzen, korrekt und auf dem aktuellen Stand sind.<br \/>\nWelche Rechte haben Sie?<br \/>\nSie haben ein Recht auf Zugriff, Berichtigung, Einschr\u00e4nkung, Widerspruch, L\u00f6schung und \u00dcbertragbarkeit Ihrer personenbezogenen Daten. Bitte kontaktieren Sie uns, wenn Sie diese Rechte aus\u00fcben m\u00f6chten. Wenn Sie ein Konto bei einem unserer Dienste haben, k\u00f6nnen Sie personenbezogene Daten in der Regel in diesem Konto pr\u00fcfen und bearbeiten, indem Sie sich einloggen und die Angaben auf direktem Weg aktualisieren.<\/p>\n<p><strong>\u00c4nderungen in diesem Dokument<\/strong><br \/>\nO&amp;O wird gelegentlich diese Datenschutzgarantie aktualisieren, um das Feedback von Firmen und Kunden einflie\u00dfen zu lassen. O&amp;O empfiehlt Ihnen, dieses Dokument regelm\u00e4\u00dfig zu \u00fcberpr\u00fcfen, damit Sie \u00fcber den Schutz Ihrer Daten von O&amp;O informiert sind.<\/p>\n<p><strong>Kontaktinformationen<\/strong><br \/>\nIhre Kommentare zu dieser Datenschutzgarantie sind bei O&amp;O willkommen. Wenn Sie glauben, dass O&amp;O dieses Dokument nicht einh\u00e4lt, wenden Sie sich per E-Mail an O&amp;O. Wir werden uns kommerziell vertretbar bem\u00fchen, das Problem zu ermitteln und zu beheben.<\/p>\n<p><a href=\"http:\/\/www.oo-software.com\/de\/contact\/index.html\">Kontakt<\/a><\/p>\n","protected":false},"excerpt":{"rendered":"<p>Die O&amp;O Software GmbH (O&amp;O) setzt sich f\u00fcr den Schutz Ihrer Privatsph\u00e4re ein. Diese Datenschutzgrunds\u00e4tze wurden von O&amp;O entwickelt, um Ihnen als Kunde einen \u00dcberblick dar\u00fcber zu geben, wie personenbezogene Daten von uns erfasst, gespeichert, verarbeitet, weitergegeben und \u00fcbermittelt werden, &hellip; <a href=\"https:\/\/www.syspectr.com\/de\/datenschutzbestimmungen\">Continue reading <span class=\"meta-nav\">&rarr;<\/span><\/a><\/p>\n","protected":false},"author":2,"featured_media":0,"parent":0,"menu_order":0,"comment_status":"open","ping_status":"closed","template":"","meta":{"footnotes":""},"class_list":["post-3558","page","type-page","status-publish","hentry"],"yoast_head":"<!-- This site is optimized with the Yoast SEO plugin v25.1 - https:\/\/yoast.com\/wordpress\/plugins\/seo\/ -->\n<title>Datenschutzbestimmungen - O&amp;O Syspectr<\/title>\n<meta name=\"description\" content=\"Die O&amp;O Software GmbH (O&amp;O) setzt sich f\u00fcr den Schutz Ihrer Privatsph\u00e4re ein. Diese Datenschutzgrunds\u00e4tze wurden von O&amp;O entwickelt, um Ihnen als Kunde einen \u00dcberblick dar\u00fcber zu geben, wie personenbezogene Daten von uns erfasst, gespeichert, verarbeitet, weitergegeben und \u00fcbermittelt werden, wenn Sie unsere Seiten besuchen oder unsere Dienste nutzen.\" \/>\n<meta name=\"robots\" content=\"index, follow, max-snippet:-1, max-image-preview:large, max-video-preview:-1\" \/>\n<link rel=\"canonical\" href=\"https:\/\/www.syspectr.com\/de\/datenschutzbestimmungen\" \/>\n<meta property=\"og:locale\" content=\"de_DE\" \/>\n<meta property=\"og:type\" content=\"article\" \/>\n<meta property=\"og:title\" content=\"Datenschutzbestimmungen - O&amp;O Syspectr\" \/>\n<meta property=\"og:description\" content=\"Die O&amp;O Software GmbH (O&amp;O) setzt sich f\u00fcr den Schutz Ihrer Privatsph\u00e4re ein. Diese Datenschutzgrunds\u00e4tze wurden von O&amp;O entwickelt, um Ihnen als Kunde einen \u00dcberblick dar\u00fcber zu geben, wie personenbezogene Daten von uns erfasst, gespeichert, verarbeitet, weitergegeben und \u00fcbermittelt werden, wenn Sie unsere Seiten besuchen oder unsere Dienste nutzen.\" \/>\n<meta property=\"og:url\" content=\"https:\/\/www.syspectr.com\/de\/datenschutzbestimmungen\" \/>\n<meta property=\"og:site_name\" content=\"O&amp;O Syspectr\" \/>\n<meta property=\"article:publisher\" content=\"https:\/\/www.facebook.com\/OOSoftware\" \/>\n<meta property=\"article:modified_time\" content=\"2024-10-15T12:56:50+00:00\" \/>\n<meta property=\"og:image\" content=\"https:\/\/www.syspectr.com\/wp-content\/uploads\/logo.png\" \/>\n\t<meta property=\"og:image:width\" content=\"1200\" \/>\n\t<meta property=\"og:image:height\" content=\"1200\" \/>\n\t<meta property=\"og:image:type\" content=\"image\/png\" \/>\n<meta name=\"twitter:card\" content=\"summary_large_image\" \/>\n<meta name=\"twitter:site\" content=\"@syspectr\" \/>\n<meta name=\"twitter:label1\" content=\"Gesch\u00e4tzte Lesezeit\" \/>\n\t<meta name=\"twitter:data1\" content=\"9\u00a0Minuten\" \/>\n<script type=\"application\/ld+json\" class=\"yoast-schema-graph\">{\"@context\":\"https:\/\/schema.org\",\"@graph\":[{\"@type\":\"WebPage\",\"@id\":\"https:\/\/www.syspectr.com\/de\/datenschutzbestimmungen\",\"url\":\"https:\/\/www.syspectr.com\/de\/datenschutzbestimmungen\",\"name\":\"Datenschutzbestimmungen - O&amp;O Syspectr\",\"isPartOf\":{\"@id\":\"https:\/\/www.syspectr.com\/de#website\"},\"datePublished\":\"2013-05-21T15:26:24+00:00\",\"dateModified\":\"2024-10-15T12:56:50+00:00\",\"description\":\"Die O&O Software GmbH (O&O) setzt sich f\u00fcr den Schutz Ihrer Privatsph\u00e4re ein. Diese Datenschutzgrunds\u00e4tze wurden von O&O entwickelt, um Ihnen als Kunde einen \u00dcberblick dar\u00fcber zu geben, wie personenbezogene Daten von uns erfasst, gespeichert, verarbeitet, weitergegeben und \u00fcbermittelt werden, wenn Sie unsere Seiten besuchen oder unsere Dienste nutzen.\",\"breadcrumb\":{\"@id\":\"https:\/\/www.syspectr.com\/de\/datenschutzbestimmungen#breadcrumb\"},\"inLanguage\":\"de\",\"potentialAction\":[{\"@type\":\"ReadAction\",\"target\":[\"https:\/\/www.syspectr.com\/de\/datenschutzbestimmungen\"]}]},{\"@type\":\"BreadcrumbList\",\"@id\":\"https:\/\/www.syspectr.com\/de\/datenschutzbestimmungen#breadcrumb\",\"itemListElement\":[{\"@type\":\"ListItem\",\"position\":1,\"name\":\"Home\",\"item\":\"https:\/\/oodev-www.syspectr.com\/de\"},{\"@type\":\"ListItem\",\"position\":2,\"name\":\"Datenschutzbestimmungen\"}]},{\"@type\":\"WebSite\",\"@id\":\"https:\/\/www.syspectr.com\/de#website\",\"url\":\"https:\/\/www.syspectr.com\/de\",\"name\":\"O&amp;O Syspectr\",\"description\":\"Managen und \u00fcberwachen Sie Ihr Netzwerk. Jederzeit. \u00dcberall.\",\"publisher\":{\"@id\":\"https:\/\/www.syspectr.com\/de#organization\"},\"potentialAction\":[{\"@type\":\"SearchAction\",\"target\":{\"@type\":\"EntryPoint\",\"urlTemplate\":\"https:\/\/www.syspectr.com\/de?s={search_term_string}\"},\"query-input\":{\"@type\":\"PropertyValueSpecification\",\"valueRequired\":true,\"valueName\":\"search_term_string\"}}],\"inLanguage\":\"de\"},{\"@type\":\"Organization\",\"@id\":\"https:\/\/www.syspectr.com\/de#organization\",\"name\":\"O&O Software GmbH\",\"url\":\"https:\/\/www.syspectr.com\/de\",\"logo\":{\"@type\":\"ImageObject\",\"inLanguage\":\"de\",\"@id\":\"https:\/\/www.syspectr.com\/de#\/schema\/logo\/image\/\",\"url\":\"https:\/\/oodev-www.syspectr.com\/wp-content\/uploads\/logo.png\",\"contentUrl\":\"https:\/\/oodev-www.syspectr.com\/wp-content\/uploads\/logo.png\",\"width\":1200,\"height\":1200,\"caption\":\"O&O Software GmbH\"},\"image\":{\"@id\":\"https:\/\/www.syspectr.com\/de#\/schema\/logo\/image\/\"},\"sameAs\":[\"https:\/\/www.facebook.com\/OOSoftware\",\"https:\/\/x.com\/syspectr\",\"https:\/\/ca.linkedin.com\/company\/o&amp;o-software-gmbh\",\"https:\/\/www.youtube.com\/user\/oosoftw\"]}]}<\/script>\n<!-- \/ Yoast SEO plugin. -->","yoast_head_json":{"title":"Datenschutzbestimmungen - O&amp;O Syspectr","description":"Die O&O Software GmbH (O&O) setzt sich f\u00fcr den Schutz Ihrer Privatsph\u00e4re ein. Diese Datenschutzgrunds\u00e4tze wurden von O&O entwickelt, um Ihnen als Kunde einen \u00dcberblick dar\u00fcber zu geben, wie personenbezogene Daten von uns erfasst, gespeichert, verarbeitet, weitergegeben und \u00fcbermittelt werden, wenn Sie unsere Seiten besuchen oder unsere Dienste nutzen.","robots":{"index":"index","follow":"follow","max-snippet":"max-snippet:-1","max-image-preview":"max-image-preview:large","max-video-preview":"max-video-preview:-1"},"canonical":"https:\/\/www.syspectr.com\/de\/datenschutzbestimmungen","og_locale":"de_DE","og_type":"article","og_title":"Datenschutzbestimmungen - O&amp;O Syspectr","og_description":"Die O&O Software GmbH (O&O) setzt sich f\u00fcr den Schutz Ihrer Privatsph\u00e4re ein. Diese Datenschutzgrunds\u00e4tze wurden von O&O entwickelt, um Ihnen als Kunde einen \u00dcberblick dar\u00fcber zu geben, wie personenbezogene Daten von uns erfasst, gespeichert, verarbeitet, weitergegeben und \u00fcbermittelt werden, wenn Sie unsere Seiten besuchen oder unsere Dienste nutzen.","og_url":"https:\/\/www.syspectr.com\/de\/datenschutzbestimmungen","og_site_name":"O&amp;O Syspectr","article_publisher":"https:\/\/www.facebook.com\/OOSoftware","article_modified_time":"2024-10-15T12:56:50+00:00","og_image":[{"width":1200,"height":1200,"url":"https:\/\/www.syspectr.com\/wp-content\/uploads\/logo.png","type":"image\/png"}],"twitter_card":"summary_large_image","twitter_site":"@syspectr","twitter_misc":{"Gesch\u00e4tzte Lesezeit":"9\u00a0Minuten"},"schema":{"@context":"https:\/\/schema.org","@graph":[{"@type":"WebPage","@id":"https:\/\/www.syspectr.com\/de\/datenschutzbestimmungen","url":"https:\/\/www.syspectr.com\/de\/datenschutzbestimmungen","name":"Datenschutzbestimmungen - O&amp;O Syspectr","isPartOf":{"@id":"https:\/\/www.syspectr.com\/de#website"},"datePublished":"2013-05-21T15:26:24+00:00","dateModified":"2024-10-15T12:56:50+00:00","description":"Die O&O Software GmbH (O&O) setzt sich f\u00fcr den Schutz Ihrer Privatsph\u00e4re ein. Diese Datenschutzgrunds\u00e4tze wurden von O&O entwickelt, um Ihnen als Kunde einen \u00dcberblick dar\u00fcber zu geben, wie personenbezogene Daten von uns erfasst, gespeichert, verarbeitet, weitergegeben und \u00fcbermittelt werden, wenn Sie unsere Seiten besuchen oder unsere Dienste nutzen.","breadcrumb":{"@id":"https:\/\/www.syspectr.com\/de\/datenschutzbestimmungen#breadcrumb"},"inLanguage":"de","potentialAction":[{"@type":"ReadAction","target":["https:\/\/www.syspectr.com\/de\/datenschutzbestimmungen"]}]},{"@type":"BreadcrumbList","@id":"https:\/\/www.syspectr.com\/de\/datenschutzbestimmungen#breadcrumb","itemListElement":[{"@type":"ListItem","position":1,"name":"Home","item":"https:\/\/oodev-www.syspectr.com\/de"},{"@type":"ListItem","position":2,"name":"Datenschutzbestimmungen"}]},{"@type":"WebSite","@id":"https:\/\/www.syspectr.com\/de#website","url":"https:\/\/www.syspectr.com\/de","name":"O&amp;O Syspectr","description":"Managen und \u00fcberwachen Sie Ihr Netzwerk. Jederzeit. \u00dcberall.","publisher":{"@id":"https:\/\/www.syspectr.com\/de#organization"},"potentialAction":[{"@type":"SearchAction","target":{"@type":"EntryPoint","urlTemplate":"https:\/\/www.syspectr.com\/de?s={search_term_string}"},"query-input":{"@type":"PropertyValueSpecification","valueRequired":true,"valueName":"search_term_string"}}],"inLanguage":"de"},{"@type":"Organization","@id":"https:\/\/www.syspectr.com\/de#organization","name":"O&O Software GmbH","url":"https:\/\/www.syspectr.com\/de","logo":{"@type":"ImageObject","inLanguage":"de","@id":"https:\/\/www.syspectr.com\/de#\/schema\/logo\/image\/","url":"https:\/\/oodev-www.syspectr.com\/wp-content\/uploads\/logo.png","contentUrl":"https:\/\/oodev-www.syspectr.com\/wp-content\/uploads\/logo.png","width":1200,"height":1200,"caption":"O&O Software GmbH"},"image":{"@id":"https:\/\/www.syspectr.com\/de#\/schema\/logo\/image\/"},"sameAs":["https:\/\/www.facebook.com\/OOSoftware","https:\/\/x.com\/syspectr","https:\/\/ca.linkedin.com\/company\/o&amp;o-software-gmbh","https:\/\/www.youtube.com\/user\/oosoftw"]}]}},"publishpress_future_action":{"enabled":false,"date":"2026-05-05 21:52:31","action":"change-status","newStatus":"draft","terms":[],"taxonomy":"translation_priority"},"publishpress_future_workflow_manual_trigger":{"enabledWorkflows":[]},"_links":{"self":[{"href":"https:\/\/www.syspectr.com\/de\/wp-json\/wp\/v2\/pages\/3558","targetHints":{"allow":["GET"]}}],"collection":[{"href":"https:\/\/www.syspectr.com\/de\/wp-json\/wp\/v2\/pages"}],"about":[{"href":"https:\/\/www.syspectr.com\/de\/wp-json\/wp\/v2\/types\/page"}],"author":[{"embeddable":true,"href":"https:\/\/www.syspectr.com\/de\/wp-json\/wp\/v2\/users\/2"}],"replies":[{"embeddable":true,"href":"https:\/\/www.syspectr.com\/de\/wp-json\/wp\/v2\/comments?post=3558"}],"version-history":[{"count":3,"href":"https:\/\/www.syspectr.com\/de\/wp-json\/wp\/v2\/pages\/3558\/revisions"}],"predecessor-version":[{"id":8400,"href":"https:\/\/www.syspectr.com\/de\/wp-json\/wp\/v2\/pages\/3558\/revisions\/8400"}],"wp:attachment":[{"href":"https:\/\/www.syspectr.com\/de\/wp-json\/wp\/v2\/media?parent=3558"}],"curies":[{"name":"wp","href":"https:\/\/api.w.org\/{rel}","templated":true}]}}