{"id":3562,"date":"2013-05-22T07:20:42","date_gmt":"2013-05-22T07:20:42","guid":{"rendered":"http:\/\/localhost:8008\/uber-oo"},"modified":"2013-05-22T07:20:42","modified_gmt":"2013-05-22T07:20:42","slug":"uber-oo","status":"publish","type":"page","link":"https:\/\/www.syspectr.com\/de\/uber-oo","title":{"rendered":"\u00dcber O&#038;O"},"content":{"rendered":"<p>Die O&amp;O Software GmbH wurde 1997 von Oliver Falkenthal und Olaf Kehrer in Berlin gegr\u00fcndet. Die Idee zu dem Namen \u201cO&amp;O\u201d entstand bereits 1991 in Form der O&amp;O Systemtechnik GbR, die w\u00e4hrend des Studiums der beiden Gr\u00fcnder PC-Systeme und Software speziell f\u00fcr Studenten anbot. Der Name \u201cO&amp;O\u201d war \u00fcbrigens eine spontane \u00dcberlegung, weil die beiden Vornamen der Gr\u00fcnder mit \u201cO\u201d beginnen. Im Jahre 1998, genauer am 10. Februar, war mit der Ver\u00f6ffentlichung von O&amp;O Defrag V1.0 die Geburtsstunde des heutigen Unternehmens.<\/p>\n<p><a href=\"http:\/\/www.oo-software.com\/de\" target=\"_blank\" rel=\"noopener\"><img decoding=\"async\" src=\"\/wp-content\/uploads\/ooproducts-de.png\" class=\"img-responsive\" style=\"margin:60px 0 60px -15px\"  alt=\"Unsere Top-Desktop-Produkte\"><\/a><\/p>\n<h3>F\u00fchrender Hersteller von Systemwerkzeugen<\/h3>\n<p>Im Laufe der vergangenen Jahre hat sich O&amp;O zu einem Synonym f\u00fcr \u201cTools for Windows\u201d entwickelt und z\u00e4hlt heute mit Kunden und Partnern in mehr als 140 L\u00e4ndern zu einem der f\u00fchrenden Hersteller von Systemwerkzeugen f\u00fcr das Windows-Betriebssystem. Als Microsoft Gold-Partner (die h\u00f6chste Partnerstufe) stehen wir in engem Kontakt mit Microsoft und sind am \u201cPuls der Entwicklung\u201d neuer Windows-Technologien. Wir sind eines der wenigen Unternehmen weltweit, das von Microsoft Basis-Technologien f\u00fcr den Einsatz in seinen Produkten lizenzieren konnte und damit einen entscheidenden Mehrwert f\u00fcr die Kunden bieten kann.<\/p>\n<p>So setzen 76% der im DAX gelisteten Unternehmen bereits O&amp;O Produkte ebenso ein, wie 43% der im \u201cForbes 100 International\u201d gelisteten Unternehmen. Unz\u00e4hlige Auszeichnungen durch die Fachpresse best\u00e4tigen unser Engagement f\u00fcr unsere Kunden. So ist beispielsweise alleine O&amp;O Defrag in den vergangenen Jahren in der nationalen wie internationalen Presse mehrfach zum Testsieger gek\u00fcrt worden und hat eine hervorragende Reputation bei unseren Kunden und IT-Spezialisten.<\/p>\n<h3>Unsere Kunden sparen Zeit und Kosten<\/h3>\n<p>Unser Anspruch ist es, dass sich unsere Kunden auf die f\u00fcr sie wichtigen Dinge konzentrieren k\u00f6nnen und sich keine Gedanken \u00fcber die Wartung ihrer Systeme machen m\u00fcssen. Daf\u00fcr haben wir zahlreiche Werkzeuge entwickelt, die bei der Performanceoptimierung, bei der Datensicherheit und Datensicherung sowie bei der Rettung verlorener Daten helfen. Unsere Produkte und unser Service helfen t\u00e4glichen Millionen von Anwendern Zeit und Kosten zu sparen, so dass sie schneller ihr Ziel erreichen.<\/p>\n<p>Dabei adressieren wir nicht nur den Unternehmenskunden, sondern bieten auch Privatanwendern L\u00f6sungen, die das Leben im Digitalzeitalter erheblich vereinfachen. Dazu z\u00e4hlt beispielsweise O&amp;O DiskRecovery, ein Produkt, das quasi auf Knopfdruck erm\u00f6glicht, gel\u00f6schte Bilder von Digitalkameras wiederherzustellen.<\/p>\n<h3>Microsoft-Partner seit \u00fcber 20 Jahren<\/h3>\n<p>Seit \u00fcber 20 Jahren ist die O&amp;O Software GmbH zertifizierter Microsoft-Partner. Aufgrund der herausragenden Leistungen im Bereich der Softwareentwicklung f\u00fcr Windows wurde O&amp;O im Jahr 2003 zum Microsoft Gold Certified Partner\/ISV ernannt, der h\u00f6chsten Auszeichnung f\u00fcr unabh\u00e4ngige Softwarehersteller. Dar\u00fcber hinaus hat O&amp;O f\u00fcr seine Datenrettungs- und Datensicherungsprogramme Teile des Windows-Betriebssystems von Microsoft lizenziert, um einen Rechner von CD-ROM starten zu k\u00f6nnen, ohne dass das Betriebssystem des Rechners ben\u00f6tigt wird.<\/p>\n<p><img decoding=\"async\" class=\"img-responsive center-block\" alt=\"Microsoft Gold Certified Partner\" style=\"margin:60px 0 0 0\" src=\"\/wp-content\/themes\/systheme2015\/includes\/img\/logos\/msp.png\"><\/p>\n","protected":false},"excerpt":{"rendered":"<p>Die O&amp;O Software GmbH wurde 1997 von Oliver Falkenthal und Olaf Kehrer in Berlin gegr\u00fcndet. Die Idee zu dem Namen \u201cO&amp;O\u201d entstand bereits 1991 in Form der O&amp;O Systemtechnik GbR, die w\u00e4hrend des Studiums der beiden Gr\u00fcnder PC-Systeme und Software &hellip; <a href=\"https:\/\/www.syspectr.com\/de\/uber-oo\">Continue reading <span class=\"meta-nav\">&rarr;<\/span><\/a><\/p>\n","protected":false},"author":2,"featured_media":0,"parent":0,"menu_order":0,"comment_status":"open","ping_status":"closed","template":"","meta":{"footnotes":""},"class_list":["post-3562","page","type-page","status-publish","hentry"],"yoast_head":"<!-- This site is optimized with the Yoast SEO plugin v25.1 - https:\/\/yoast.com\/wordpress\/plugins\/seo\/ -->\n<title>\u00dcber O&amp;O - O&amp;O Syspectr<\/title>\n<meta name=\"robots\" content=\"index, follow, max-snippet:-1, max-image-preview:large, max-video-preview:-1\" \/>\n<link rel=\"canonical\" href=\"https:\/\/www.syspectr.com\/de\/uber-oo\" \/>\n<meta property=\"og:locale\" content=\"de_DE\" \/>\n<meta property=\"og:type\" content=\"article\" \/>\n<meta property=\"og:title\" content=\"\u00dcber O&amp;O - O&amp;O Syspectr\" \/>\n<meta property=\"og:description\" content=\"Die O&amp;O Software GmbH wurde 1997 von Oliver Falkenthal und Olaf Kehrer in Berlin gegr\u00fcndet. Die Idee zu dem Namen \u201cO&amp;O\u201d entstand bereits 1991 in Form der O&amp;O Systemtechnik GbR, die w\u00e4hrend des Studiums der beiden Gr\u00fcnder PC-Systeme und Software &hellip; Continue reading &rarr;\" \/>\n<meta property=\"og:url\" content=\"https:\/\/www.syspectr.com\/de\/uber-oo\" \/>\n<meta property=\"og:site_name\" content=\"O&amp;O Syspectr\" \/>\n<meta property=\"article:publisher\" content=\"https:\/\/www.facebook.com\/OOSoftware\" \/>\n<meta property=\"og:image\" content=\"https:\/\/www.syspectr.com\/wp-content\/uploads\/ooproducts-de.png\" \/>\n<meta name=\"twitter:card\" content=\"summary_large_image\" \/>\n<meta name=\"twitter:site\" content=\"@syspectr\" \/>\n<meta name=\"twitter:label1\" content=\"Gesch\u00e4tzte Lesezeit\" \/>\n\t<meta name=\"twitter:data1\" content=\"2\u00a0Minuten\" \/>\n<script type=\"application\/ld+json\" class=\"yoast-schema-graph\">{\"@context\":\"https:\/\/schema.org\",\"@graph\":[{\"@type\":\"WebPage\",\"@id\":\"https:\/\/www.syspectr.com\/de\/uber-oo\",\"url\":\"https:\/\/www.syspectr.com\/de\/uber-oo\",\"name\":\"\u00dcber O&O - O&amp;O Syspectr\",\"isPartOf\":{\"@id\":\"https:\/\/www.syspectr.com\/de#website\"},\"datePublished\":\"2013-05-22T07:20:42+00:00\",\"breadcrumb\":{\"@id\":\"https:\/\/www.syspectr.com\/de\/uber-oo#breadcrumb\"},\"inLanguage\":\"de\",\"potentialAction\":[{\"@type\":\"ReadAction\",\"target\":[\"https:\/\/www.syspectr.com\/de\/uber-oo\"]}]},{\"@type\":\"BreadcrumbList\",\"@id\":\"https:\/\/www.syspectr.com\/de\/uber-oo#breadcrumb\",\"itemListElement\":[{\"@type\":\"ListItem\",\"position\":1,\"name\":\"Home\",\"item\":\"https:\/\/oodev-www.syspectr.com\/de\"},{\"@type\":\"ListItem\",\"position\":2,\"name\":\"\u00dcber O&#038;O\"}]},{\"@type\":\"WebSite\",\"@id\":\"https:\/\/www.syspectr.com\/de#website\",\"url\":\"https:\/\/www.syspectr.com\/de\",\"name\":\"O&amp;O Syspectr\",\"description\":\"Managen und \u00fcberwachen Sie Ihr Netzwerk. Jederzeit. \u00dcberall.\",\"publisher\":{\"@id\":\"https:\/\/www.syspectr.com\/de#organization\"},\"potentialAction\":[{\"@type\":\"SearchAction\",\"target\":{\"@type\":\"EntryPoint\",\"urlTemplate\":\"https:\/\/www.syspectr.com\/de?s={search_term_string}\"},\"query-input\":{\"@type\":\"PropertyValueSpecification\",\"valueRequired\":true,\"valueName\":\"search_term_string\"}}],\"inLanguage\":\"de\"},{\"@type\":\"Organization\",\"@id\":\"https:\/\/www.syspectr.com\/de#organization\",\"name\":\"O&O Software GmbH\",\"url\":\"https:\/\/www.syspectr.com\/de\",\"logo\":{\"@type\":\"ImageObject\",\"inLanguage\":\"de\",\"@id\":\"https:\/\/www.syspectr.com\/de#\/schema\/logo\/image\/\",\"url\":\"https:\/\/oodev-www.syspectr.com\/wp-content\/uploads\/logo.png\",\"contentUrl\":\"https:\/\/oodev-www.syspectr.com\/wp-content\/uploads\/logo.png\",\"width\":1200,\"height\":1200,\"caption\":\"O&O Software GmbH\"},\"image\":{\"@id\":\"https:\/\/www.syspectr.com\/de#\/schema\/logo\/image\/\"},\"sameAs\":[\"https:\/\/www.facebook.com\/OOSoftware\",\"https:\/\/x.com\/syspectr\",\"https:\/\/ca.linkedin.com\/company\/o&amp;o-software-gmbh\",\"https:\/\/www.youtube.com\/user\/oosoftw\"]}]}<\/script>\n<!-- \/ Yoast SEO plugin. -->","yoast_head_json":{"title":"\u00dcber O&O - O&amp;O Syspectr","robots":{"index":"index","follow":"follow","max-snippet":"max-snippet:-1","max-image-preview":"max-image-preview:large","max-video-preview":"max-video-preview:-1"},"canonical":"https:\/\/www.syspectr.com\/de\/uber-oo","og_locale":"de_DE","og_type":"article","og_title":"\u00dcber O&O - O&amp;O Syspectr","og_description":"Die O&amp;O Software GmbH wurde 1997 von Oliver Falkenthal und Olaf Kehrer in Berlin gegr\u00fcndet. Die Idee zu dem Namen \u201cO&amp;O\u201d entstand bereits 1991 in Form der O&amp;O Systemtechnik GbR, die w\u00e4hrend des Studiums der beiden Gr\u00fcnder PC-Systeme und Software &hellip; Continue reading &rarr;","og_url":"https:\/\/www.syspectr.com\/de\/uber-oo","og_site_name":"O&amp;O Syspectr","article_publisher":"https:\/\/www.facebook.com\/OOSoftware","og_image":[{"url":"https:\/\/www.syspectr.com\/wp-content\/uploads\/ooproducts-de.png","type":"","width":"","height":""}],"twitter_card":"summary_large_image","twitter_site":"@syspectr","twitter_misc":{"Gesch\u00e4tzte Lesezeit":"2\u00a0Minuten"},"schema":{"@context":"https:\/\/schema.org","@graph":[{"@type":"WebPage","@id":"https:\/\/www.syspectr.com\/de\/uber-oo","url":"https:\/\/www.syspectr.com\/de\/uber-oo","name":"\u00dcber O&O - O&amp;O Syspectr","isPartOf":{"@id":"https:\/\/www.syspectr.com\/de#website"},"datePublished":"2013-05-22T07:20:42+00:00","breadcrumb":{"@id":"https:\/\/www.syspectr.com\/de\/uber-oo#breadcrumb"},"inLanguage":"de","potentialAction":[{"@type":"ReadAction","target":["https:\/\/www.syspectr.com\/de\/uber-oo"]}]},{"@type":"BreadcrumbList","@id":"https:\/\/www.syspectr.com\/de\/uber-oo#breadcrumb","itemListElement":[{"@type":"ListItem","position":1,"name":"Home","item":"https:\/\/oodev-www.syspectr.com\/de"},{"@type":"ListItem","position":2,"name":"\u00dcber O&#038;O"}]},{"@type":"WebSite","@id":"https:\/\/www.syspectr.com\/de#website","url":"https:\/\/www.syspectr.com\/de","name":"O&amp;O Syspectr","description":"Managen und \u00fcberwachen Sie Ihr Netzwerk. Jederzeit. \u00dcberall.","publisher":{"@id":"https:\/\/www.syspectr.com\/de#organization"},"potentialAction":[{"@type":"SearchAction","target":{"@type":"EntryPoint","urlTemplate":"https:\/\/www.syspectr.com\/de?s={search_term_string}"},"query-input":{"@type":"PropertyValueSpecification","valueRequired":true,"valueName":"search_term_string"}}],"inLanguage":"de"},{"@type":"Organization","@id":"https:\/\/www.syspectr.com\/de#organization","name":"O&O Software GmbH","url":"https:\/\/www.syspectr.com\/de","logo":{"@type":"ImageObject","inLanguage":"de","@id":"https:\/\/www.syspectr.com\/de#\/schema\/logo\/image\/","url":"https:\/\/oodev-www.syspectr.com\/wp-content\/uploads\/logo.png","contentUrl":"https:\/\/oodev-www.syspectr.com\/wp-content\/uploads\/logo.png","width":1200,"height":1200,"caption":"O&O Software GmbH"},"image":{"@id":"https:\/\/www.syspectr.com\/de#\/schema\/logo\/image\/"},"sameAs":["https:\/\/www.facebook.com\/OOSoftware","https:\/\/x.com\/syspectr","https:\/\/ca.linkedin.com\/company\/o&amp;o-software-gmbh","https:\/\/www.youtube.com\/user\/oosoftw"]}]}},"publishpress_future_action":{"enabled":false,"date":"2026-05-05 02:23:32","action":"change-status","newStatus":"draft","terms":[],"taxonomy":"translation_priority"},"publishpress_future_workflow_manual_trigger":{"enabledWorkflows":[]},"_links":{"self":[{"href":"https:\/\/www.syspectr.com\/de\/wp-json\/wp\/v2\/pages\/3562","targetHints":{"allow":["GET"]}}],"collection":[{"href":"https:\/\/www.syspectr.com\/de\/wp-json\/wp\/v2\/pages"}],"about":[{"href":"https:\/\/www.syspectr.com\/de\/wp-json\/wp\/v2\/types\/page"}],"author":[{"embeddable":true,"href":"https:\/\/www.syspectr.com\/de\/wp-json\/wp\/v2\/users\/2"}],"replies":[{"embeddable":true,"href":"https:\/\/www.syspectr.com\/de\/wp-json\/wp\/v2\/comments?post=3562"}],"version-history":[{"count":0,"href":"https:\/\/www.syspectr.com\/de\/wp-json\/wp\/v2\/pages\/3562\/revisions"}],"wp:attachment":[{"href":"https:\/\/www.syspectr.com\/de\/wp-json\/wp\/v2\/media?parent=3562"}],"curies":[{"name":"wp","href":"https:\/\/api.w.org\/{rel}","templated":true}]}}