{"id":3578,"date":"2013-07-30T19:01:21","date_gmt":"2013-07-30T19:01:21","guid":{"rendered":"http:\/\/localhost:8008\/oo-syspectr-wurde-erfolgreich-installiert"},"modified":"2022-06-01T18:58:55","modified_gmt":"2022-06-01T16:58:55","slug":"oo-syspectr-wurde-erfolgreich-installiert","status":"publish","type":"page","link":"https:\/\/www.syspectr.com\/de\/oo-syspectr-wurde-erfolgreich-installiert","title":{"rendered":"O&#038;O Syspectr wurde erfolgreich installiert"},"content":{"rendered":"\n<h2 class=\"wp-block-heading\">O&amp;O Syspectr wurde erfolgreich installiert<\/h2>\n\n\n<p><strong>Vielen Dank, dass Sie sich f\u00fcr O&amp;O Syspectr entschieden haben! <\/strong><\/p>\n<p>Ab sofort k\u00f6nnen Sie Ihre PC-Systeme von jedem Ort der Welt \u00fcberwachen und werden automatisch \u00fcber Ereignisse benachrichtigt, die die Sicherheit oder Funktionsf\u00e4higkeit Ihrer Rechner gef\u00e4hrden k\u00f6nnten.<\/p>\n<p>\u00a0<\/p>\n<p>\u00a0<\/p>\n<center><img loading=\"lazy\" decoding=\"async\" class=\"size-full wp-image-5010 aligncenter\" src=\"https:\/\/www.syspectr.com\/wp-content\/uploads\/installation-successfull-de.png\" alt=\"Die n\u00e4chsten Schritte\" width=\"510\" height=\"253\" \/><\/center>\n<p>\u00a0<\/p>","protected":false},"excerpt":{"rendered":"<p>O&amp;O Syspectr wurde erfolgreich installiert Vielen Dank, dass Sie sich f\u00fcr O&amp;O Syspectr entschieden haben! Ab sofort k\u00f6nnen Sie Ihre PC-Systeme von jedem Ort der Welt \u00fcberwachen und werden automatisch \u00fcber Ereignisse benachrichtigt, die die Sicherheit oder Funktionsf\u00e4higkeit Ihrer Rechner &hellip; <a href=\"https:\/\/www.syspectr.com\/de\/oo-syspectr-wurde-erfolgreich-installiert\">Continue reading <span class=\"meta-nav\">&rarr;<\/span><\/a><\/p>\n","protected":false},"author":3,"featured_media":0,"parent":0,"menu_order":0,"comment_status":"open","ping_status":"open","template":"","meta":{"footnotes":""},"class_list":["post-3578","page","type-page","status-publish","hentry"],"yoast_head":"<!-- This site is optimized with the Yoast SEO plugin v25.1 - https:\/\/yoast.com\/wordpress\/plugins\/seo\/ -->\n<title>O&amp;O Syspectr wurde erfolgreich installiert - O&amp;O Syspectr<\/title>\n<meta name=\"robots\" content=\"index, follow, max-snippet:-1, max-image-preview:large, max-video-preview:-1\" \/>\n<link rel=\"canonical\" href=\"https:\/\/www.syspectr.com\/de\/oo-syspectr-wurde-erfolgreich-installiert\" \/>\n<meta property=\"og:locale\" content=\"de_DE\" \/>\n<meta property=\"og:type\" content=\"article\" \/>\n<meta property=\"og:title\" content=\"O&amp;O Syspectr wurde erfolgreich installiert - O&amp;O Syspectr\" \/>\n<meta property=\"og:description\" content=\"O&amp;O Syspectr wurde erfolgreich installiert Vielen Dank, dass Sie sich f\u00fcr O&amp;O Syspectr entschieden haben! Ab sofort k\u00f6nnen Sie Ihre PC-Systeme von jedem Ort der Welt \u00fcberwachen und werden automatisch \u00fcber Ereignisse benachrichtigt, die die Sicherheit oder Funktionsf\u00e4higkeit Ihrer Rechner &hellip; Continue reading &rarr;\" \/>\n<meta property=\"og:url\" content=\"https:\/\/www.syspectr.com\/de\/oo-syspectr-wurde-erfolgreich-installiert\" \/>\n<meta property=\"og:site_name\" content=\"O&amp;O Syspectr\" \/>\n<meta property=\"article:publisher\" content=\"https:\/\/www.facebook.com\/OOSoftware\" \/>\n<meta property=\"article:modified_time\" content=\"2022-06-01T16:58:55+00:00\" \/>\n<meta property=\"og:image\" content=\"https:\/\/www.syspectr.com\/wp-content\/uploads\/installation-successfull-de.png\" \/>\n<meta name=\"twitter:card\" content=\"summary_large_image\" \/>\n<meta name=\"twitter:site\" content=\"@syspectr\" \/>\n<meta name=\"twitter:label1\" content=\"Gesch\u00e4tzte Lesezeit\" \/>\n\t<meta name=\"twitter:data1\" content=\"1\u00a0Minute\" \/>\n<script type=\"application\/ld+json\" class=\"yoast-schema-graph\">{\"@context\":\"https:\/\/schema.org\",\"@graph\":[{\"@type\":\"WebPage\",\"@id\":\"https:\/\/www.syspectr.com\/de\/oo-syspectr-wurde-erfolgreich-installiert\",\"url\":\"https:\/\/www.syspectr.com\/de\/oo-syspectr-wurde-erfolgreich-installiert\",\"name\":\"O&O Syspectr wurde erfolgreich installiert - O&amp;O Syspectr\",\"isPartOf\":{\"@id\":\"https:\/\/www.syspectr.com\/de#website\"},\"primaryImageOfPage\":{\"@id\":\"https:\/\/www.syspectr.com\/de\/oo-syspectr-wurde-erfolgreich-installiert#primaryimage\"},\"image\":{\"@id\":\"https:\/\/www.syspectr.com\/de\/oo-syspectr-wurde-erfolgreich-installiert#primaryimage\"},\"thumbnailUrl\":\"https:\/\/www.syspectr.com\/wp-content\/uploads\/installation-successfull-de.png\",\"datePublished\":\"2013-07-30T19:01:21+00:00\",\"dateModified\":\"2022-06-01T16:58:55+00:00\",\"breadcrumb\":{\"@id\":\"https:\/\/www.syspectr.com\/de\/oo-syspectr-wurde-erfolgreich-installiert#breadcrumb\"},\"inLanguage\":\"de\",\"potentialAction\":[{\"@type\":\"ReadAction\",\"target\":[\"https:\/\/www.syspectr.com\/de\/oo-syspectr-wurde-erfolgreich-installiert\"]}]},{\"@type\":\"ImageObject\",\"inLanguage\":\"de\",\"@id\":\"https:\/\/www.syspectr.com\/de\/oo-syspectr-wurde-erfolgreich-installiert#primaryimage\",\"url\":\"https:\/\/www.syspectr.com\/wp-content\/uploads\/installation-successfull-de.png\",\"contentUrl\":\"https:\/\/www.syspectr.com\/wp-content\/uploads\/installation-successfull-de.png\"},{\"@type\":\"BreadcrumbList\",\"@id\":\"https:\/\/www.syspectr.com\/de\/oo-syspectr-wurde-erfolgreich-installiert#breadcrumb\",\"itemListElement\":[{\"@type\":\"ListItem\",\"position\":1,\"name\":\"Home\",\"item\":\"https:\/\/oodev-www.syspectr.com\/de\"},{\"@type\":\"ListItem\",\"position\":2,\"name\":\"O&#038;O Syspectr wurde erfolgreich installiert\"}]},{\"@type\":\"WebSite\",\"@id\":\"https:\/\/www.syspectr.com\/de#website\",\"url\":\"https:\/\/www.syspectr.com\/de\",\"name\":\"O&amp;O Syspectr\",\"description\":\"Managen und \u00fcberwachen Sie Ihr Netzwerk. Jederzeit. \u00dcberall.\",\"publisher\":{\"@id\":\"https:\/\/www.syspectr.com\/de#organization\"},\"potentialAction\":[{\"@type\":\"SearchAction\",\"target\":{\"@type\":\"EntryPoint\",\"urlTemplate\":\"https:\/\/www.syspectr.com\/de?s={search_term_string}\"},\"query-input\":{\"@type\":\"PropertyValueSpecification\",\"valueRequired\":true,\"valueName\":\"search_term_string\"}}],\"inLanguage\":\"de\"},{\"@type\":\"Organization\",\"@id\":\"https:\/\/www.syspectr.com\/de#organization\",\"name\":\"O&O Software GmbH\",\"url\":\"https:\/\/www.syspectr.com\/de\",\"logo\":{\"@type\":\"ImageObject\",\"inLanguage\":\"de\",\"@id\":\"https:\/\/www.syspectr.com\/de#\/schema\/logo\/image\/\",\"url\":\"https:\/\/oodev-www.syspectr.com\/wp-content\/uploads\/logo.png\",\"contentUrl\":\"https:\/\/oodev-www.syspectr.com\/wp-content\/uploads\/logo.png\",\"width\":1200,\"height\":1200,\"caption\":\"O&O Software GmbH\"},\"image\":{\"@id\":\"https:\/\/www.syspectr.com\/de#\/schema\/logo\/image\/\"},\"sameAs\":[\"https:\/\/www.facebook.com\/OOSoftware\",\"https:\/\/x.com\/syspectr\",\"https:\/\/ca.linkedin.com\/company\/o&amp;o-software-gmbh\",\"https:\/\/www.youtube.com\/user\/oosoftw\"]}]}<\/script>\n<!-- \/ Yoast SEO plugin. -->","yoast_head_json":{"title":"O&O Syspectr wurde erfolgreich installiert - O&amp;O Syspectr","robots":{"index":"index","follow":"follow","max-snippet":"max-snippet:-1","max-image-preview":"max-image-preview:large","max-video-preview":"max-video-preview:-1"},"canonical":"https:\/\/www.syspectr.com\/de\/oo-syspectr-wurde-erfolgreich-installiert","og_locale":"de_DE","og_type":"article","og_title":"O&O Syspectr wurde erfolgreich installiert - O&amp;O Syspectr","og_description":"O&amp;O Syspectr wurde erfolgreich installiert Vielen Dank, dass Sie sich f\u00fcr O&amp;O Syspectr entschieden haben! Ab sofort k\u00f6nnen Sie Ihre PC-Systeme von jedem Ort der Welt \u00fcberwachen und werden automatisch \u00fcber Ereignisse benachrichtigt, die die Sicherheit oder Funktionsf\u00e4higkeit Ihrer Rechner &hellip; Continue reading &rarr;","og_url":"https:\/\/www.syspectr.com\/de\/oo-syspectr-wurde-erfolgreich-installiert","og_site_name":"O&amp;O Syspectr","article_publisher":"https:\/\/www.facebook.com\/OOSoftware","article_modified_time":"2022-06-01T16:58:55+00:00","og_image":[{"url":"https:\/\/www.syspectr.com\/wp-content\/uploads\/installation-successfull-de.png","type":"","width":"","height":""}],"twitter_card":"summary_large_image","twitter_site":"@syspectr","twitter_misc":{"Gesch\u00e4tzte Lesezeit":"1\u00a0Minute"},"schema":{"@context":"https:\/\/schema.org","@graph":[{"@type":"WebPage","@id":"https:\/\/www.syspectr.com\/de\/oo-syspectr-wurde-erfolgreich-installiert","url":"https:\/\/www.syspectr.com\/de\/oo-syspectr-wurde-erfolgreich-installiert","name":"O&O Syspectr wurde erfolgreich installiert - O&amp;O Syspectr","isPartOf":{"@id":"https:\/\/www.syspectr.com\/de#website"},"primaryImageOfPage":{"@id":"https:\/\/www.syspectr.com\/de\/oo-syspectr-wurde-erfolgreich-installiert#primaryimage"},"image":{"@id":"https:\/\/www.syspectr.com\/de\/oo-syspectr-wurde-erfolgreich-installiert#primaryimage"},"thumbnailUrl":"https:\/\/www.syspectr.com\/wp-content\/uploads\/installation-successfull-de.png","datePublished":"2013-07-30T19:01:21+00:00","dateModified":"2022-06-01T16:58:55+00:00","breadcrumb":{"@id":"https:\/\/www.syspectr.com\/de\/oo-syspectr-wurde-erfolgreich-installiert#breadcrumb"},"inLanguage":"de","potentialAction":[{"@type":"ReadAction","target":["https:\/\/www.syspectr.com\/de\/oo-syspectr-wurde-erfolgreich-installiert"]}]},{"@type":"ImageObject","inLanguage":"de","@id":"https:\/\/www.syspectr.com\/de\/oo-syspectr-wurde-erfolgreich-installiert#primaryimage","url":"https:\/\/www.syspectr.com\/wp-content\/uploads\/installation-successfull-de.png","contentUrl":"https:\/\/www.syspectr.com\/wp-content\/uploads\/installation-successfull-de.png"},{"@type":"BreadcrumbList","@id":"https:\/\/www.syspectr.com\/de\/oo-syspectr-wurde-erfolgreich-installiert#breadcrumb","itemListElement":[{"@type":"ListItem","position":1,"name":"Home","item":"https:\/\/oodev-www.syspectr.com\/de"},{"@type":"ListItem","position":2,"name":"O&#038;O Syspectr wurde erfolgreich installiert"}]},{"@type":"WebSite","@id":"https:\/\/www.syspectr.com\/de#website","url":"https:\/\/www.syspectr.com\/de","name":"O&amp;O Syspectr","description":"Managen und \u00fcberwachen Sie Ihr Netzwerk. Jederzeit. \u00dcberall.","publisher":{"@id":"https:\/\/www.syspectr.com\/de#organization"},"potentialAction":[{"@type":"SearchAction","target":{"@type":"EntryPoint","urlTemplate":"https:\/\/www.syspectr.com\/de?s={search_term_string}"},"query-input":{"@type":"PropertyValueSpecification","valueRequired":true,"valueName":"search_term_string"}}],"inLanguage":"de"},{"@type":"Organization","@id":"https:\/\/www.syspectr.com\/de#organization","name":"O&O Software GmbH","url":"https:\/\/www.syspectr.com\/de","logo":{"@type":"ImageObject","inLanguage":"de","@id":"https:\/\/www.syspectr.com\/de#\/schema\/logo\/image\/","url":"https:\/\/oodev-www.syspectr.com\/wp-content\/uploads\/logo.png","contentUrl":"https:\/\/oodev-www.syspectr.com\/wp-content\/uploads\/logo.png","width":1200,"height":1200,"caption":"O&O Software GmbH"},"image":{"@id":"https:\/\/www.syspectr.com\/de#\/schema\/logo\/image\/"},"sameAs":["https:\/\/www.facebook.com\/OOSoftware","https:\/\/x.com\/syspectr","https:\/\/ca.linkedin.com\/company\/o&amp;o-software-gmbh","https:\/\/www.youtube.com\/user\/oosoftw"]}]}},"publishpress_future_action":{"enabled":false,"date":"2026-05-09 14:29:06","action":"change-status","newStatus":"draft","terms":[],"taxonomy":"translation_priority"},"publishpress_future_workflow_manual_trigger":{"enabledWorkflows":[]},"_links":{"self":[{"href":"https:\/\/www.syspectr.com\/de\/wp-json\/wp\/v2\/pages\/3578","targetHints":{"allow":["GET"]}}],"collection":[{"href":"https:\/\/www.syspectr.com\/de\/wp-json\/wp\/v2\/pages"}],"about":[{"href":"https:\/\/www.syspectr.com\/de\/wp-json\/wp\/v2\/types\/page"}],"author":[{"embeddable":true,"href":"https:\/\/www.syspectr.com\/de\/wp-json\/wp\/v2\/users\/3"}],"replies":[{"embeddable":true,"href":"https:\/\/www.syspectr.com\/de\/wp-json\/wp\/v2\/comments?post=3578"}],"version-history":[{"count":4,"href":"https:\/\/www.syspectr.com\/de\/wp-json\/wp\/v2\/pages\/3578\/revisions"}],"predecessor-version":[{"id":5013,"href":"https:\/\/www.syspectr.com\/de\/wp-json\/wp\/v2\/pages\/3578\/revisions\/5013"}],"wp:attachment":[{"href":"https:\/\/www.syspectr.com\/de\/wp-json\/wp\/v2\/media?parent=3578"}],"curies":[{"name":"wp","href":"https:\/\/api.w.org\/{rel}","templated":true}]}}