{"id":3600,"date":"2013-11-12T15:31:21","date_gmt":"2013-11-12T15:31:21","guid":{"rendered":"http:\/\/localhost:8008\/kontaktieren-sie-uns"},"modified":"2013-11-12T15:31:21","modified_gmt":"2013-11-12T15:31:21","slug":"kontaktieren-sie-uns","status":"publish","type":"page","link":"https:\/\/www.syspectr.com\/de\/kontaktieren-sie-uns","title":{"rendered":"Kontaktieren Sie uns!"},"content":{"rendered":"<p>Die h\u00e4ufigsten Fragen zu O&amp;O Syspectr finden Sie in unseren <a href=\"https:\/\/www.syspectr.com\/de\/faq\">FAQ<\/a>. Wenn Sie dar\u00fcber hinaus Fragen zu O&amp;O Syspectr haben, dann wenden Sie sich bitte an uns! F\u00fcllen Sie dazu einfach das nachfolgende Formular aus, wir melden uns umgehend bei Ihnen!<\/p>\n<p>&nbsp;<\/p>\n\n<div class=\"wpcf7 no-js\" id=\"wpcf7-f1001-o1\" lang=\"de-DE\" dir=\"ltr\" data-wpcf7-id=\"1001\">\n<div class=\"screen-reader-response\"><p role=\"status\" aria-live=\"polite\" aria-atomic=\"true\"><\/p> <ul><\/ul><\/div>\n<form action=\"\/de\/wp-json\/wp\/v2\/pages\/3600#wpcf7-f1001-o1\" method=\"post\" class=\"wpcf7-form init\" aria-label=\"Kontaktformular\" novalidate=\"novalidate\" data-status=\"init\">\n<div style=\"display: none;\">\n<input type=\"hidden\" name=\"_wpcf7\" value=\"1001\" \/>\n<input type=\"hidden\" name=\"_wpcf7_version\" value=\"6.0.6\" \/>\n<input type=\"hidden\" name=\"_wpcf7_locale\" value=\"de_DE\" \/>\n<input type=\"hidden\" name=\"_wpcf7_unit_tag\" value=\"wpcf7-f1001-o1\" \/>\n<input type=\"hidden\" name=\"_wpcf7_container_post\" value=\"0\" \/>\n<input type=\"hidden\" name=\"_wpcf7_posted_data_hash\" value=\"\" \/>\n<\/div>\n<div class=\"row\">\n\t<div class=\"col-md-8\">\n\t\t<div class=\"form-group\">\n\t\t\t<p><label for=\"your-name\">Ihr Name<\/label><br \/>\n<span class=\"wpcf7-form-control-wrap\" data-name=\"your-name\"><input size=\"40\" maxlength=\"400\" class=\"wpcf7-form-control wpcf7-text wpcf7-validates-as-required form-control\" id=\"your-name\" aria-required=\"true\" aria-invalid=\"false\" placeholder=\"Ihr Name\" value=\"\" type=\"text\" name=\"your-name\" \/><\/span>\n\t\t\t<\/p>\n\t\t<\/div>\n\t\t<div class=\"form-group\">\n\t\t\t<p><label for=\"your-email\">Ihre E-Mail-Adresse<\/label><br \/>\n<span class=\"wpcf7-form-control-wrap\" data-name=\"your-email\"><input size=\"40\" maxlength=\"400\" class=\"wpcf7-form-control wpcf7-email wpcf7-validates-as-required wpcf7-text wpcf7-validates-as-email form-control\" id=\"your-email\" aria-required=\"true\" aria-invalid=\"false\" placeholder=\"Ihre E-Mail-Adresse\" value=\"\" type=\"email\" name=\"your-email\" \/><\/span>\n\t\t\t<\/p>\n\t\t<\/div>\n\t\t<div class=\"form-group\">\n\t\t\t<p><label for=\"your-message\">Ihre Anfrage<\/label><br \/>\n<span class=\"wpcf7-form-control-wrap\" data-name=\"your-message\"><textarea cols=\"40\" rows=\"10\" maxlength=\"2000\" class=\"wpcf7-form-control wpcf7-textarea form-control\" id=\"your-message\" aria-invalid=\"false\" placeholder=\"Ihre Anfrage\" name=\"your-message\"><\/textarea><\/span>\n\t\t\t<\/p>\n\t\t<\/div>\n\t\t<p><input class=\"wpcf7-form-control wpcf7-submit has-spinner button btn btn-bluesmallxs\" type=\"submit\" value=\"Senden\" \/>\n\t\t<\/p>\n\t<\/div>\n<\/div><div class=\"wpcf7-response-output\" aria-hidden=\"true\"><\/div>\n<\/form>\n<\/div>\n\n","protected":false},"excerpt":{"rendered":"<p>Die h\u00e4ufigsten Fragen zu O&amp;O Syspectr finden Sie in unseren FAQ. Wenn Sie dar\u00fcber hinaus Fragen zu O&amp;O Syspectr haben, dann wenden Sie sich bitte an uns! F\u00fcllen Sie dazu einfach das nachfolgende Formular aus, wir melden uns umgehend bei &hellip; <a href=\"https:\/\/www.syspectr.com\/de\/kontaktieren-sie-uns\">Continue reading <span class=\"meta-nav\">&rarr;<\/span><\/a><\/p>\n","protected":false},"author":3,"featured_media":0,"parent":0,"menu_order":0,"comment_status":"closed","ping_status":"closed","template":"","meta":{"footnotes":""},"class_list":["post-3600","page","type-page","status-publish","hentry"],"yoast_head":"<!-- This site is optimized with the Yoast SEO plugin v25.1 - https:\/\/yoast.com\/wordpress\/plugins\/seo\/ -->\n<title>Kontaktieren Sie uns! - O&amp;O Syspectr<\/title>\n<meta name=\"robots\" content=\"index, follow, max-snippet:-1, max-image-preview:large, max-video-preview:-1\" \/>\n<link rel=\"canonical\" href=\"https:\/\/www.syspectr.com\/de\/kontaktieren-sie-uns\" \/>\n<meta property=\"og:locale\" content=\"de_DE\" \/>\n<meta property=\"og:type\" content=\"article\" \/>\n<meta property=\"og:title\" content=\"Kontaktieren Sie uns! - O&amp;O Syspectr\" \/>\n<meta property=\"og:description\" content=\"Die h\u00e4ufigsten Fragen zu O&amp;O Syspectr finden Sie in unseren FAQ. Wenn Sie dar\u00fcber hinaus Fragen zu O&amp;O Syspectr haben, dann wenden Sie sich bitte an uns! F\u00fcllen Sie dazu einfach das nachfolgende Formular aus, wir melden uns umgehend bei &hellip; Continue reading &rarr;\" \/>\n<meta property=\"og:url\" content=\"https:\/\/www.syspectr.com\/de\/kontaktieren-sie-uns\" \/>\n<meta property=\"og:site_name\" content=\"O&amp;O Syspectr\" \/>\n<meta property=\"article:publisher\" content=\"https:\/\/www.facebook.com\/OOSoftware\" \/>\n<meta property=\"og:image\" content=\"https:\/\/www.syspectr.com\/wp-content\/uploads\/logo.png\" \/>\n\t<meta property=\"og:image:width\" content=\"1200\" \/>\n\t<meta property=\"og:image:height\" content=\"1200\" \/>\n\t<meta property=\"og:image:type\" content=\"image\/png\" \/>\n<meta name=\"twitter:card\" content=\"summary_large_image\" \/>\n<meta name=\"twitter:site\" content=\"@syspectr\" \/>\n<script type=\"application\/ld+json\" class=\"yoast-schema-graph\">{\"@context\":\"https:\/\/schema.org\",\"@graph\":[{\"@type\":\"WebPage\",\"@id\":\"https:\/\/www.syspectr.com\/de\/kontaktieren-sie-uns\",\"url\":\"https:\/\/www.syspectr.com\/de\/kontaktieren-sie-uns\",\"name\":\"Kontaktieren Sie uns! - O&amp;O Syspectr\",\"isPartOf\":{\"@id\":\"https:\/\/www.syspectr.com\/de#website\"},\"datePublished\":\"2013-11-12T15:31:21+00:00\",\"breadcrumb\":{\"@id\":\"https:\/\/www.syspectr.com\/de\/kontaktieren-sie-uns#breadcrumb\"},\"inLanguage\":\"de\",\"potentialAction\":[{\"@type\":\"ReadAction\",\"target\":[\"https:\/\/www.syspectr.com\/de\/kontaktieren-sie-uns\"]}]},{\"@type\":\"BreadcrumbList\",\"@id\":\"https:\/\/www.syspectr.com\/de\/kontaktieren-sie-uns#breadcrumb\",\"itemListElement\":[{\"@type\":\"ListItem\",\"position\":1,\"name\":\"Home\",\"item\":\"https:\/\/oodev-www.syspectr.com\/de\"},{\"@type\":\"ListItem\",\"position\":2,\"name\":\"Kontaktieren Sie uns!\"}]},{\"@type\":\"WebSite\",\"@id\":\"https:\/\/www.syspectr.com\/de#website\",\"url\":\"https:\/\/www.syspectr.com\/de\",\"name\":\"O&amp;O Syspectr\",\"description\":\"Managen und \u00fcberwachen Sie Ihr Netzwerk. Jederzeit. \u00dcberall.\",\"publisher\":{\"@id\":\"https:\/\/www.syspectr.com\/de#organization\"},\"potentialAction\":[{\"@type\":\"SearchAction\",\"target\":{\"@type\":\"EntryPoint\",\"urlTemplate\":\"https:\/\/www.syspectr.com\/de?s={search_term_string}\"},\"query-input\":{\"@type\":\"PropertyValueSpecification\",\"valueRequired\":true,\"valueName\":\"search_term_string\"}}],\"inLanguage\":\"de\"},{\"@type\":\"Organization\",\"@id\":\"https:\/\/www.syspectr.com\/de#organization\",\"name\":\"O&O Software GmbH\",\"url\":\"https:\/\/www.syspectr.com\/de\",\"logo\":{\"@type\":\"ImageObject\",\"inLanguage\":\"de\",\"@id\":\"https:\/\/www.syspectr.com\/de#\/schema\/logo\/image\/\",\"url\":\"https:\/\/oodev-www.syspectr.com\/wp-content\/uploads\/logo.png\",\"contentUrl\":\"https:\/\/oodev-www.syspectr.com\/wp-content\/uploads\/logo.png\",\"width\":1200,\"height\":1200,\"caption\":\"O&O Software GmbH\"},\"image\":{\"@id\":\"https:\/\/www.syspectr.com\/de#\/schema\/logo\/image\/\"},\"sameAs\":[\"https:\/\/www.facebook.com\/OOSoftware\",\"https:\/\/x.com\/syspectr\",\"https:\/\/ca.linkedin.com\/company\/o&amp;o-software-gmbh\",\"https:\/\/www.youtube.com\/user\/oosoftw\"]}]}<\/script>\n<!-- \/ Yoast SEO plugin. -->","yoast_head_json":{"title":"Kontaktieren Sie uns! - O&amp;O Syspectr","robots":{"index":"index","follow":"follow","max-snippet":"max-snippet:-1","max-image-preview":"max-image-preview:large","max-video-preview":"max-video-preview:-1"},"canonical":"https:\/\/www.syspectr.com\/de\/kontaktieren-sie-uns","og_locale":"de_DE","og_type":"article","og_title":"Kontaktieren Sie uns! - O&amp;O Syspectr","og_description":"Die h\u00e4ufigsten Fragen zu O&amp;O Syspectr finden Sie in unseren FAQ. Wenn Sie dar\u00fcber hinaus Fragen zu O&amp;O Syspectr haben, dann wenden Sie sich bitte an uns! F\u00fcllen Sie dazu einfach das nachfolgende Formular aus, wir melden uns umgehend bei &hellip; Continue reading &rarr;","og_url":"https:\/\/www.syspectr.com\/de\/kontaktieren-sie-uns","og_site_name":"O&amp;O Syspectr","article_publisher":"https:\/\/www.facebook.com\/OOSoftware","og_image":[{"width":1200,"height":1200,"url":"https:\/\/www.syspectr.com\/wp-content\/uploads\/logo.png","type":"image\/png"}],"twitter_card":"summary_large_image","twitter_site":"@syspectr","schema":{"@context":"https:\/\/schema.org","@graph":[{"@type":"WebPage","@id":"https:\/\/www.syspectr.com\/de\/kontaktieren-sie-uns","url":"https:\/\/www.syspectr.com\/de\/kontaktieren-sie-uns","name":"Kontaktieren Sie uns! - O&amp;O Syspectr","isPartOf":{"@id":"https:\/\/www.syspectr.com\/de#website"},"datePublished":"2013-11-12T15:31:21+00:00","breadcrumb":{"@id":"https:\/\/www.syspectr.com\/de\/kontaktieren-sie-uns#breadcrumb"},"inLanguage":"de","potentialAction":[{"@type":"ReadAction","target":["https:\/\/www.syspectr.com\/de\/kontaktieren-sie-uns"]}]},{"@type":"BreadcrumbList","@id":"https:\/\/www.syspectr.com\/de\/kontaktieren-sie-uns#breadcrumb","itemListElement":[{"@type":"ListItem","position":1,"name":"Home","item":"https:\/\/oodev-www.syspectr.com\/de"},{"@type":"ListItem","position":2,"name":"Kontaktieren Sie uns!"}]},{"@type":"WebSite","@id":"https:\/\/www.syspectr.com\/de#website","url":"https:\/\/www.syspectr.com\/de","name":"O&amp;O Syspectr","description":"Managen und \u00fcberwachen Sie Ihr Netzwerk. Jederzeit. \u00dcberall.","publisher":{"@id":"https:\/\/www.syspectr.com\/de#organization"},"potentialAction":[{"@type":"SearchAction","target":{"@type":"EntryPoint","urlTemplate":"https:\/\/www.syspectr.com\/de?s={search_term_string}"},"query-input":{"@type":"PropertyValueSpecification","valueRequired":true,"valueName":"search_term_string"}}],"inLanguage":"de"},{"@type":"Organization","@id":"https:\/\/www.syspectr.com\/de#organization","name":"O&O Software GmbH","url":"https:\/\/www.syspectr.com\/de","logo":{"@type":"ImageObject","inLanguage":"de","@id":"https:\/\/www.syspectr.com\/de#\/schema\/logo\/image\/","url":"https:\/\/oodev-www.syspectr.com\/wp-content\/uploads\/logo.png","contentUrl":"https:\/\/oodev-www.syspectr.com\/wp-content\/uploads\/logo.png","width":1200,"height":1200,"caption":"O&O Software GmbH"},"image":{"@id":"https:\/\/www.syspectr.com\/de#\/schema\/logo\/image\/"},"sameAs":["https:\/\/www.facebook.com\/OOSoftware","https:\/\/x.com\/syspectr","https:\/\/ca.linkedin.com\/company\/o&amp;o-software-gmbh","https:\/\/www.youtube.com\/user\/oosoftw"]}]}},"publishpress_future_action":{"enabled":false,"date":"2026-04-16 06:30:42","action":"change-status","newStatus":"draft","terms":[],"taxonomy":"translation_priority"},"publishpress_future_workflow_manual_trigger":{"enabledWorkflows":[]},"_links":{"self":[{"href":"https:\/\/www.syspectr.com\/de\/wp-json\/wp\/v2\/pages\/3600","targetHints":{"allow":["GET"]}}],"collection":[{"href":"https:\/\/www.syspectr.com\/de\/wp-json\/wp\/v2\/pages"}],"about":[{"href":"https:\/\/www.syspectr.com\/de\/wp-json\/wp\/v2\/types\/page"}],"author":[{"embeddable":true,"href":"https:\/\/www.syspectr.com\/de\/wp-json\/wp\/v2\/users\/3"}],"replies":[{"embeddable":true,"href":"https:\/\/www.syspectr.com\/de\/wp-json\/wp\/v2\/comments?post=3600"}],"version-history":[{"count":0,"href":"https:\/\/www.syspectr.com\/de\/wp-json\/wp\/v2\/pages\/3600\/revisions"}],"wp:attachment":[{"href":"https:\/\/www.syspectr.com\/de\/wp-json\/wp\/v2\/media?parent=3600"}],"curies":[{"name":"wp","href":"https:\/\/api.w.org\/{rel}","templated":true}]}}