{"id":3604,"date":"2014-01-30T15:36:49","date_gmt":"2014-01-30T14:36:49","guid":{"rendered":"http:\/\/localhost:8008\/systemarchitektur"},"modified":"2023-06-28T10:21:12","modified_gmt":"2023-06-28T08:21:12","slug":"systemarchitektur","status":"publish","type":"page","link":"https:\/\/www.syspectr.com\/de\/systemarchitektur","title":{"rendered":"Systemarchitektur"},"content":{"rendered":"<p>O&amp;O Syspectr ist eine Web-Anwendung zur Verwaltung von Windows-Systemen \u00fcber das Internet. Daf\u00fcr muss auf dem Rechner, der verwaltet werden soll, eine Client-Anwendung installiert werden, die die Verbindung zu unseren Servern herstellt. Dabei werden entsprechende Systeminformationen \u00fcbertragen und auf unseren Servern gespeichert, die Sie dann \u00fcber Ihr Konto einsehen und abrufen k\u00f6nnen. Bei der \u00dcbertragung und Speicherung werden die Daten nach heutigen Standards verschl\u00fcsselt und gesichert.<\/p>\n<p>Der Zugriff auf Ihr Konto ist nur mit Ihren Zugangsdaten m\u00f6glich. Sie k\u00f6nnen anderen Nutzern auf Wunsch Zugriff gew\u00e4hren, wobei wir dabei zwischen nur lesendem Zugriff und auch schreibendem Zugriff unterscheiden. Dar\u00fcber hinaus haben wir eine Zwei-Faktor-Authentifizierung nach Industriestandard integriert.<\/p>\n<h2>Made in Germany. Hosted in Germany.<\/h2>\n<p>Alle unsere Server stehen in deutschen Rechenzentren und werden von uns betrieben. Die O&amp;O Software GmbH unterliegt als deutsches Unternehmen dem Bundesdatenschutzgesetz und respektiert dar\u00fcber hinaus die Privatsph\u00e4re ihrer Nutzer.<\/p>\n<h2>Client-Integration<\/h2>\n<p>Die Integration des Clients von O&amp;O Syspectr ist denkbar einfach: nachdem man sein Konto angelegt hat, kann man eine vorkonfigurierte Installationsdatei herunterladen. Diese installiert man auf allen Rechnern, die man mit O&amp;O Syspectr verwalten m\u00f6chte. Eine manuelle Aktualisierung ist nicht notwendig, diese wird vollkommen automatisch bei Bedarf vorgenommen.<\/p>\n<h2>Systemanforderungen<\/h2>\n<p>F\u00fcr den Betrieb von O&amp;O Syspectr ist das Microsoft .NET Framework 4.6.1 oder h\u00f6her sowie eine Internetverbindung notwendig. Sollte das .NET Framework auf dem Client nicht installiert sein, wird es automatisch von O&amp;O Syspectr nachinstalliert.<\/p>\n<h3>Folgende Betriebssysteme werden aktuell von O&amp;O Syspectr unterst\u00fctzt:<\/h3>\n<ul class=\"noic\">\n<li>Windows 8.1<\/li>\n<li>Windows 10<\/li>\n<li>Windows 11<\/li>\n<li>Windows Server 2012 \/ Windows Server 2012 R2<\/li>\n<li>Windows Server 2016<\/li>\n<li>Windows Server 2019<\/li>\n<li>Windows Server 2022<\/li>\n<\/ul>\n<h2>Installation im Netzwerk<\/h2>\n<p>F\u00fcr das Ausrollen von O&amp;O Syspectr \u00fcber das Active Directory von Windows stellen wir ebenfalls eine spezielle MSI-Datei zur Verf\u00fcgung, so dass der gesamte Installationsvorgang zentral verwaltet und durchgef\u00fchrt werden kann. <a href=\"https:\/\/docs.syspectr.com\/de\/installation\/network\" target=\"_blank\" rel=\"noopener\">Erfahren Sie hier mehr<\/a>, wie man O&amp;O Syspectr in einem Unternehmensnetzwerk ausrollen kann.<\/p>\n<p>\u00a0<\/p>\n\n\n<div style=\"height:60px\" aria-hidden=\"true\" class=\"wp-block-spacer\"><\/div>\n","protected":false},"excerpt":{"rendered":"<p>O&amp;O Syspectr ist eine Web-Anwendung zur Verwaltung von Windows-Systemen \u00fcber das Internet. Daf\u00fcr muss auf dem Rechner, der verwaltet werden soll, eine Client-Anwendung installiert werden, die die Verbindung zu unseren Servern herstellt. Dabei werden entsprechende Systeminformationen \u00fcbertragen und auf unseren &hellip; <a href=\"https:\/\/www.syspectr.com\/de\/systemarchitektur\">Continue reading <span class=\"meta-nav\">&rarr;<\/span><\/a><\/p>\n","protected":false},"author":3,"featured_media":0,"parent":0,"menu_order":0,"comment_status":"closed","ping_status":"closed","template":"","meta":{"footnotes":""},"class_list":["post-3604","page","type-page","status-publish","hentry"],"yoast_head":"<!-- This site is optimized with the Yoast SEO plugin v25.1 - https:\/\/yoast.com\/wordpress\/plugins\/seo\/ -->\n<title>Systemarchitektur - O&amp;O Syspectr<\/title>\n<meta name=\"robots\" content=\"index, follow, max-snippet:-1, max-image-preview:large, max-video-preview:-1\" \/>\n<link rel=\"canonical\" href=\"https:\/\/www.syspectr.com\/de\/systemarchitektur\" \/>\n<meta property=\"og:locale\" content=\"de_DE\" \/>\n<meta property=\"og:type\" content=\"article\" \/>\n<meta property=\"og:title\" content=\"Systemarchitektur - O&amp;O Syspectr\" \/>\n<meta property=\"og:description\" content=\"O&amp;O Syspectr ist eine Web-Anwendung zur Verwaltung von Windows-Systemen \u00fcber das Internet. Daf\u00fcr muss auf dem Rechner, der verwaltet werden soll, eine Client-Anwendung installiert werden, die die Verbindung zu unseren Servern herstellt. Dabei werden entsprechende Systeminformationen \u00fcbertragen und auf unseren &hellip; Continue reading &rarr;\" \/>\n<meta property=\"og:url\" content=\"https:\/\/www.syspectr.com\/de\/systemarchitektur\" \/>\n<meta property=\"og:site_name\" content=\"O&amp;O Syspectr\" \/>\n<meta property=\"article:publisher\" content=\"https:\/\/www.facebook.com\/OOSoftware\" \/>\n<meta property=\"article:modified_time\" content=\"2023-06-28T08:21:12+00:00\" \/>\n<meta property=\"og:image\" content=\"https:\/\/www.syspectr.com\/wp-content\/uploads\/logo.png\" \/>\n\t<meta property=\"og:image:width\" content=\"1200\" \/>\n\t<meta property=\"og:image:height\" content=\"1200\" \/>\n\t<meta property=\"og:image:type\" content=\"image\/png\" \/>\n<meta name=\"twitter:card\" content=\"summary_large_image\" \/>\n<meta name=\"twitter:site\" content=\"@syspectr\" \/>\n<meta name=\"twitter:label1\" content=\"Gesch\u00e4tzte Lesezeit\" \/>\n\t<meta name=\"twitter:data1\" content=\"2\u00a0Minuten\" \/>\n<script type=\"application\/ld+json\" class=\"yoast-schema-graph\">{\"@context\":\"https:\/\/schema.org\",\"@graph\":[{\"@type\":\"WebPage\",\"@id\":\"https:\/\/www.syspectr.com\/de\/systemarchitektur\",\"url\":\"https:\/\/www.syspectr.com\/de\/systemarchitektur\",\"name\":\"Systemarchitektur - O&amp;O Syspectr\",\"isPartOf\":{\"@id\":\"https:\/\/www.syspectr.com\/de#website\"},\"datePublished\":\"2014-01-30T14:36:49+00:00\",\"dateModified\":\"2023-06-28T08:21:12+00:00\",\"breadcrumb\":{\"@id\":\"https:\/\/www.syspectr.com\/de\/systemarchitektur#breadcrumb\"},\"inLanguage\":\"de\",\"potentialAction\":[{\"@type\":\"ReadAction\",\"target\":[\"https:\/\/www.syspectr.com\/de\/systemarchitektur\"]}]},{\"@type\":\"BreadcrumbList\",\"@id\":\"https:\/\/www.syspectr.com\/de\/systemarchitektur#breadcrumb\",\"itemListElement\":[{\"@type\":\"ListItem\",\"position\":1,\"name\":\"Home\",\"item\":\"https:\/\/oodev-www.syspectr.com\/de\"},{\"@type\":\"ListItem\",\"position\":2,\"name\":\"Systemarchitektur\"}]},{\"@type\":\"WebSite\",\"@id\":\"https:\/\/www.syspectr.com\/de#website\",\"url\":\"https:\/\/www.syspectr.com\/de\",\"name\":\"O&amp;O Syspectr\",\"description\":\"Managen und \u00fcberwachen Sie Ihr Netzwerk. Jederzeit. \u00dcberall.\",\"publisher\":{\"@id\":\"https:\/\/www.syspectr.com\/de#organization\"},\"potentialAction\":[{\"@type\":\"SearchAction\",\"target\":{\"@type\":\"EntryPoint\",\"urlTemplate\":\"https:\/\/www.syspectr.com\/de?s={search_term_string}\"},\"query-input\":{\"@type\":\"PropertyValueSpecification\",\"valueRequired\":true,\"valueName\":\"search_term_string\"}}],\"inLanguage\":\"de\"},{\"@type\":\"Organization\",\"@id\":\"https:\/\/www.syspectr.com\/de#organization\",\"name\":\"O&O Software GmbH\",\"url\":\"https:\/\/www.syspectr.com\/de\",\"logo\":{\"@type\":\"ImageObject\",\"inLanguage\":\"de\",\"@id\":\"https:\/\/www.syspectr.com\/de#\/schema\/logo\/image\/\",\"url\":\"https:\/\/oodev-www.syspectr.com\/wp-content\/uploads\/logo.png\",\"contentUrl\":\"https:\/\/oodev-www.syspectr.com\/wp-content\/uploads\/logo.png\",\"width\":1200,\"height\":1200,\"caption\":\"O&O Software GmbH\"},\"image\":{\"@id\":\"https:\/\/www.syspectr.com\/de#\/schema\/logo\/image\/\"},\"sameAs\":[\"https:\/\/www.facebook.com\/OOSoftware\",\"https:\/\/x.com\/syspectr\",\"https:\/\/ca.linkedin.com\/company\/o&amp;o-software-gmbh\",\"https:\/\/www.youtube.com\/user\/oosoftw\"]}]}<\/script>\n<!-- \/ Yoast SEO plugin. -->","yoast_head_json":{"title":"Systemarchitektur - O&amp;O Syspectr","robots":{"index":"index","follow":"follow","max-snippet":"max-snippet:-1","max-image-preview":"max-image-preview:large","max-video-preview":"max-video-preview:-1"},"canonical":"https:\/\/www.syspectr.com\/de\/systemarchitektur","og_locale":"de_DE","og_type":"article","og_title":"Systemarchitektur - O&amp;O Syspectr","og_description":"O&amp;O Syspectr ist eine Web-Anwendung zur Verwaltung von Windows-Systemen \u00fcber das Internet. Daf\u00fcr muss auf dem Rechner, der verwaltet werden soll, eine Client-Anwendung installiert werden, die die Verbindung zu unseren Servern herstellt. Dabei werden entsprechende Systeminformationen \u00fcbertragen und auf unseren &hellip; Continue reading &rarr;","og_url":"https:\/\/www.syspectr.com\/de\/systemarchitektur","og_site_name":"O&amp;O Syspectr","article_publisher":"https:\/\/www.facebook.com\/OOSoftware","article_modified_time":"2023-06-28T08:21:12+00:00","og_image":[{"width":1200,"height":1200,"url":"https:\/\/www.syspectr.com\/wp-content\/uploads\/logo.png","type":"image\/png"}],"twitter_card":"summary_large_image","twitter_site":"@syspectr","twitter_misc":{"Gesch\u00e4tzte Lesezeit":"2\u00a0Minuten"},"schema":{"@context":"https:\/\/schema.org","@graph":[{"@type":"WebPage","@id":"https:\/\/www.syspectr.com\/de\/systemarchitektur","url":"https:\/\/www.syspectr.com\/de\/systemarchitektur","name":"Systemarchitektur - O&amp;O Syspectr","isPartOf":{"@id":"https:\/\/www.syspectr.com\/de#website"},"datePublished":"2014-01-30T14:36:49+00:00","dateModified":"2023-06-28T08:21:12+00:00","breadcrumb":{"@id":"https:\/\/www.syspectr.com\/de\/systemarchitektur#breadcrumb"},"inLanguage":"de","potentialAction":[{"@type":"ReadAction","target":["https:\/\/www.syspectr.com\/de\/systemarchitektur"]}]},{"@type":"BreadcrumbList","@id":"https:\/\/www.syspectr.com\/de\/systemarchitektur#breadcrumb","itemListElement":[{"@type":"ListItem","position":1,"name":"Home","item":"https:\/\/oodev-www.syspectr.com\/de"},{"@type":"ListItem","position":2,"name":"Systemarchitektur"}]},{"@type":"WebSite","@id":"https:\/\/www.syspectr.com\/de#website","url":"https:\/\/www.syspectr.com\/de","name":"O&amp;O Syspectr","description":"Managen und \u00fcberwachen Sie Ihr Netzwerk. Jederzeit. \u00dcberall.","publisher":{"@id":"https:\/\/www.syspectr.com\/de#organization"},"potentialAction":[{"@type":"SearchAction","target":{"@type":"EntryPoint","urlTemplate":"https:\/\/www.syspectr.com\/de?s={search_term_string}"},"query-input":{"@type":"PropertyValueSpecification","valueRequired":true,"valueName":"search_term_string"}}],"inLanguage":"de"},{"@type":"Organization","@id":"https:\/\/www.syspectr.com\/de#organization","name":"O&O Software GmbH","url":"https:\/\/www.syspectr.com\/de","logo":{"@type":"ImageObject","inLanguage":"de","@id":"https:\/\/www.syspectr.com\/de#\/schema\/logo\/image\/","url":"https:\/\/oodev-www.syspectr.com\/wp-content\/uploads\/logo.png","contentUrl":"https:\/\/oodev-www.syspectr.com\/wp-content\/uploads\/logo.png","width":1200,"height":1200,"caption":"O&O Software GmbH"},"image":{"@id":"https:\/\/www.syspectr.com\/de#\/schema\/logo\/image\/"},"sameAs":["https:\/\/www.facebook.com\/OOSoftware","https:\/\/x.com\/syspectr","https:\/\/ca.linkedin.com\/company\/o&amp;o-software-gmbh","https:\/\/www.youtube.com\/user\/oosoftw"]}]}},"publishpress_future_action":{"enabled":false,"date":"2026-05-12 21:13:43","action":"change-status","newStatus":"draft","terms":[],"taxonomy":"translation_priority"},"publishpress_future_workflow_manual_trigger":{"enabledWorkflows":[]},"_links":{"self":[{"href":"https:\/\/www.syspectr.com\/de\/wp-json\/wp\/v2\/pages\/3604","targetHints":{"allow":["GET"]}}],"collection":[{"href":"https:\/\/www.syspectr.com\/de\/wp-json\/wp\/v2\/pages"}],"about":[{"href":"https:\/\/www.syspectr.com\/de\/wp-json\/wp\/v2\/types\/page"}],"author":[{"embeddable":true,"href":"https:\/\/www.syspectr.com\/de\/wp-json\/wp\/v2\/users\/3"}],"replies":[{"embeddable":true,"href":"https:\/\/www.syspectr.com\/de\/wp-json\/wp\/v2\/comments?post=3604"}],"version-history":[{"count":2,"href":"https:\/\/www.syspectr.com\/de\/wp-json\/wp\/v2\/pages\/3604\/revisions"}],"predecessor-version":[{"id":7224,"href":"https:\/\/www.syspectr.com\/de\/wp-json\/wp\/v2\/pages\/3604\/revisions\/7224"}],"wp:attachment":[{"href":"https:\/\/www.syspectr.com\/de\/wp-json\/wp\/v2\/media?parent=3604"}],"curies":[{"name":"wp","href":"https:\/\/api.w.org\/{rel}","templated":true}]}}