{"id":4657,"date":"2022-05-16T12:51:11","date_gmt":"2022-05-16T10:51:11","guid":{"rendered":"https:\/\/www.syspectr.com\/4551-2"},"modified":"2026-03-13T07:54:18","modified_gmt":"2026-03-13T05:54:18","slug":"startseite-2","status":"publish","type":"page","link":"https:\/\/www.syspectr.com\/de","title":{"rendered":"Remote Monitoring und Management f\u00fcr Windows. Einfach gemacht."},"content":{"rendered":"\n<div style=\"height:50px\" aria-hidden=\"true\" class=\"wp-block-spacer\"><\/div>\n\n\n<div class=\"wp-block-image\">\n<figure class=\"aligncenter size-full is-resized\"><img loading=\"lazy\" decoding=\"async\" width=\"1386\" height=\"816\" src=\"\/wp-content\/uploads\/syspectrWeb5_498_syspEdit_12_25_030_003.png\" alt=\"O&amp;O Syspectr\" class=\"wp-image-9516\" style=\"width:624px;height:auto\"\/><\/figure><\/div>\n\n\n<h2 class=\"wp-block-heading has-text-align-center\" style=\"font-size:35px\">Handlungsf\u00e4hig auch dann noch, <br><strong>wenn Ihr RMM schon ausgestiegen ist<\/strong><\/h2>\n\n\n\n<p class=\"has-text-align-center has-small-font-size\"><\/p>\n\n\n\n<div style=\"height:100px\" aria-hidden=\"true\" class=\"wp-block-spacer\"><\/div>\n\n\n\n<div class=\"wp-block-columns is-layout-flex wp-container-core-columns-is-layout-9d6595d7 wp-block-columns-is-layout-flex\">\n<div class=\"wp-block-column is-vertically-aligned-top is-layout-flow wp-block-column-is-layout-flow\" style=\"flex-basis:66.66%\">\n<ul style=\"line-height:1.5; font-size:20x; list-style:none; padding-left:0;\">\n<li>\n<img decoding=\"async\" src=\"\/wp-content\/uploads\/yes_list.png\" alt=\"Icon\" style=\"height:17px; vertical-align:middle;\"> \n<b>Notfallzugriff auf jedes Ger\u00e4t<\/b> \u2013 selbst wenn Windows nicht mehr startet\n<\/li>\n\n<li>\n<img decoding=\"async\" src=\"\/wp-content\/uploads\/yes_list.png\" alt=\"Icon\" style=\"height:17px; vertical-align:middle;\"> \n<b>Handlungsf\u00e4hig bei Systemausfall<\/b> \u2013 PCs und Server aus der Ferne retten\n<\/li>\n\n<li>\n<img decoding=\"async\" src=\"\/wp-content\/uploads\/yes_list.png\" alt=\"Icon\" style=\"height:17px; vertical-align:middle;\"> \n<b>Schnelle Wiederherstellung<\/b> \u2013 individuelle und automatische Disaster Recovery\n<\/li>\n<\/ul>\n<\/div>\n\n\n\n<div class=\"wp-block-column is-vertically-aligned-center is-layout-flow wp-block-column-is-layout-flow\" style=\"flex-basis:33.33%\">\n<div class=\"wp-block-buttons is-layout-flex wp-block-buttons-is-layout-flex\">\n<div class=\"wp-block-button has-custom-width wp-block-button__width-100\"><a class=\"wp-block-button__link has-background wp-element-button\" href=\"https:\/\/app.syspectr.com\/de\/account\/signup?aff=www\" style=\"border-radius:12px;background-color:#72b15a\" target=\"_blank\" rel=\"noreferrer noopener\">Jetzt testen!<\/a><\/div>\n<\/div>\n<\/div>\n<\/div>\n\n\n\n<div style=\"height:100px\" aria-hidden=\"true\" class=\"wp-block-spacer\"><\/div>\n\n\n\n<div style=\"height:0px\" aria-hidden=\"true\" class=\"wp-block-spacer\"><\/div>\n\n\n\n<div class=\"wp-block-columns is-layout-flex wp-container-core-columns-is-layout-9d6595d7 wp-block-columns-is-layout-flex\">\n<div class=\"wp-block-column is-layout-flow wp-block-column-is-layout-flow\">\n<figure class=\"wp-block-image size-full is-resized\"><img loading=\"lazy\" decoding=\"async\" width=\"241\" height=\"235\" src=\"\/wp-content\/uploads\/syspWeb4_feat1.png\" alt=\"\" class=\"wp-image-6576\" style=\"width:121px;height:118px\"\/><\/figure>\n\n\n\n<p><strong>Unkomplizierte Installation<\/strong><\/p>\n\n\n\n<p>Einrichten in 5 Minuten: anmelden, Client herunterladen, installieren \u2013 fertig! Kompatibel mit Windows-PCs, Servern und virtuellen Maschinen.<\/p>\n<\/div>\n\n\n\n<div class=\"wp-block-column is-layout-flow wp-block-column-is-layout-flow\">\n<figure class=\"wp-block-image size-full is-resized\"><img loading=\"lazy\" decoding=\"async\" width=\"241\" height=\"235\" src=\"\/wp-content\/uploads\/syspWeb4_feat2.png\" alt=\"\" class=\"wp-image-6583\" style=\"width:121px;height:118px\"\/><\/figure>\n\n\n\n<p><strong>Stets und \u00fcberall verf\u00fcgbar<\/strong><\/p>\n\n\n\n<p>Greifen Sie \u00fcberall bequem \u00fcber Ihren Browser zu. Behalten Sie den \u00dcberblick und steuern Sie Ihre Systeme flexibel von PC, Tablet oder Smartphone.<\/p>\n<\/div>\n\n\n\n<div class=\"wp-block-column is-layout-flow wp-block-column-is-layout-flow\">\n<figure class=\"wp-block-image size-full is-resized\"><img loading=\"lazy\" decoding=\"async\" width=\"241\" height=\"235\" src=\"\/wp-content\/uploads\/syspWeb4_feat3.png\" alt=\"\" class=\"wp-image-6586\" style=\"width:121px;height:118px\"\/><\/figure>\n\n\n\n<p><strong>Keine weitere Infrastruktur n\u00f6tig<\/strong><\/p>\n\n\n\n<p>O&amp;O Syspectr l\u00e4uft sicher in unserem deutschen Rechenzentrum. Kein eigener Server, keine Einrichtung n\u00f6tig \u2013 starten Sie einfach durch.<\/p>\n<\/div>\n<\/div>\n\n\n\n<div style=\"height:100px\" aria-hidden=\"true\" class=\"wp-block-spacer\"><\/div>\n\n\n\n<div class=\"wp-block-columns is-layout-flex wp-container-core-columns-is-layout-9d6595d7 wp-block-columns-is-layout-flex\">\n<div class=\"wp-block-column is-layout-flow wp-block-column-is-layout-flow\">\n<figure class=\"wp-block-image size-full is-resized\"><img loading=\"lazy\" decoding=\"async\" width=\"241\" height=\"235\" src=\"\/wp-content\/uploads\/syspWeb4_feat4.png\" alt=\"\" class=\"wp-image-6589\" style=\"width:121px;height:118px\"\/><\/figure>\n\n\n\n<p><strong>Integrierter Remote Desktop<\/strong><\/p>\n\n\n\n<p>Stellen Sie per Browser eine Verbindung zu Ihren PCs und Servern her \u2013 dank integriertem Remote Desktop. Unterst\u00fctzen Sie Ihre Nutzer standortunabh\u00e4ngig.<\/p>\n<\/div>\n\n\n\n<div class=\"wp-block-column is-layout-flow wp-block-column-is-layout-flow\">\n<figure class=\"wp-block-image size-full is-resized\"><img loading=\"lazy\" decoding=\"async\" width=\"268\" height=\"176\" src=\"\/wp-content\/uploads\/syspWebAMTillus_illu3.png\" alt=\"\" class=\"wp-image-7416\" style=\"width:119px;height:79px\"\/><\/figure>\n\n\n\n<div style=\"height:39px\" aria-hidden=\"true\" class=\"wp-block-spacer\"><\/div>\n\n\n\n<p><strong>Intel vPro Integration<\/strong><\/p>\n\n\n\n<p>Intel vPro erweitert Ihre M\u00f6glichkeiten: Automatische Ger\u00e4te-Provisionierung, Out-of-Band-Management und geplantes Aufwecken von Systemen.<\/p>\n<\/div>\n\n\n\n<div class=\"wp-block-column is-layout-flow wp-block-column-is-layout-flow\">\n<figure class=\"wp-block-image size-full is-resized\"><img loading=\"lazy\" decoding=\"async\" width=\"240\" height=\"231\" src=\"\/wp-content\/uploads\/Bild-3.png\" alt=\"\" class=\"wp-image-8285\" style=\"width:120px;height:116px\"\/><\/figure>\n\n\n\n<p><strong>Patch Management<\/strong><\/p>\n\n\n\n<p>Veraltete Systeme und Drittanbieter-Anwendungen sind ein beliebtes Ziel f\u00fcr Cyberangriffe. O&amp;O Syspectr l\u00f6st dieses Problem mit der integrierten Patch-Management-Funktion.<\/p>\n<\/div>\n<\/div>\n\n\n\n<div style=\"height:101px\" aria-hidden=\"true\" class=\"wp-block-spacer\"><\/div>\n\n\n\n<h5 class=\"wp-block-heading\" style=\"font-size:28px\">Weltneuheit: Remote Disaster Recovery f\u00fcr IT-Administratoren<\/h5>\n\n\n\n<div style=\"height:40px\" aria-hidden=\"true\" class=\"wp-block-spacer\"><\/div>\n\n\n\n<div class=\"wp-block-columns are-vertically-aligned-center is-layout-flex wp-container-core-columns-is-layout-9d6595d7 wp-block-columns-is-layout-flex\">\n<div class=\"wp-block-column is-vertically-aligned-center is-layout-flow wp-block-column-is-layout-flow\">\n<p>Wenn PCs oder Server nicht mehr starten, verlieren klassische RMM- und Management-Tools genau dann ihre Wirkung, wenn sie am dringendsten gebraucht werden. IT-Administratoren und MSP behalten dennoch Zugriff auf betroffene Systeme &#8211; selbst bei Bootproblemen oder vollst\u00e4ndigem Systemausfall.<\/p>\n\n\n\n<p>Ger\u00e4te k\u00f6nnen aus der Ferne analysiert, repariert und wiederhergestellt werden, ohne vor Ort eingreifen zu m\u00fcssen. So bleiben IT-Teams auch im Worst Case handlungsf\u00e4hig, reduzieren Ausfallzeiten und stellen Systeme deutlich schneller wieder her.<\/p>\n<\/div>\n\n\n\n<div class=\"wp-block-column is-vertically-aligned-center is-layout-flow wp-block-column-is-layout-flow\">\n<figure class=\"wp-block-image size-full\"><img loading=\"lazy\" decoding=\"async\" width=\"1110\" height=\"710\" src=\"\/wp-content\/uploads\/sys_front_oobc_001.png\" alt=\"\" class=\"wp-image-8681\" style=\"object-fit:cover\"\/><\/figure>\n<\/div>\n<\/div>\n\n\n\n<div style=\"height:100px\" aria-hidden=\"true\" class=\"wp-block-spacer\"><\/div>\n\n\n\n<div class=\"wp-block-columns is-layout-flex wp-container-core-columns-is-layout-9d6595d7 wp-block-columns-is-layout-flex\">\n<div class=\"wp-block-column is-layout-flow wp-block-column-is-layout-flow\">\n<p class=\"has-text-align-center has-background\" style=\"background-color:#f3f3f3;font-size:16px\"><br><em>\u201eAls Anbieter von Cyber-Security-L\u00f6sungen ist es uns wichtig, stets einen umfassenden \u00dcberblick \u00fcber die Sicherheit und Leistung unserer Systeme zu haben. Mit O&amp;O Syspectr haben wir eine kosteng\u00fcnstige L\u00f6sung gefunden, um all unsere Windows Server und Arbeitspl\u00e4tze permanent \u201aim Auge zu haben\u2018.<br><br>Auch unsere Kunden sch\u00e4tzen die kontinuierliche \u00dcberwachung und die proaktive Problemerkennung. Wir nutzen das Tool schon viele Jahre und haben auch das Modul Antivirus mit G DATA im Einsatz, einem Pionier im Antiviren-Markt. Zus\u00e4tzlich setzen wir auf andere Systemwerkzeuge wie O&amp;O BlueCon, um unsere IT-Infrastruktur optimal zu unterst\u00fctzen.\u201c<\/em><br><br><strong>Ing. Alfred Gunsch, CDC<\/strong><br>Gesch\u00e4ftsf\u00fchrender Gesellschafter der <a href=\"https:\/\/www.siplan.at\/\" target=\"_blank\" rel=\"noreferrer noopener\">siplan GmbH<\/a><br><br><\/p>\n<\/div>\n<\/div>\n\n\n\n<div style=\"height:50px\" aria-hidden=\"true\" class=\"wp-block-spacer\"><\/div>\n\n\n\n<p class=\"has-text-align-center\" style=\"font-size:16px\"><br>Sie wollen O&amp;O Syspectr selbst ausprobieren? Kein Problem!<\/p>\n\n\n\n<div style=\"height:35px\" aria-hidden=\"true\" class=\"wp-block-spacer\"><\/div>\n\n\n\n<div class=\"syspectr-cta-green-buttons\">\n     <a class=\"syspectr-cta-green-button\" href=\"https:\/\/app.syspectr.com\/de\/account\/signup?aff=www\">\nJetzt testen!<\/a>\n<\/div>\n\n\n\n<div style=\"height:40px\" aria-hidden=\"true\" class=\"wp-block-spacer\"><\/div>\n\n\n\n<p class=\"has-text-align-center\" style=\"font-size:16px\">\u00dcbrigens: bis zu 10 Rechner k\u00f6nnen Sie kostenlos verwalten!<\/p>\n\n\n\n<div style=\"height:20px\" aria-hidden=\"true\" class=\"wp-block-spacer\"><\/div>\n","protected":false},"excerpt":{"rendered":"<p>Handlungsf\u00e4hig auch dann noch, wenn Ihr RMM schon ausgestiegen ist Notfallzugriff auf jedes Ger\u00e4t \u2013 selbst wenn Windows nicht mehr startet Handlungsf\u00e4hig bei Systemausfall \u2013 PCs und Server aus der Ferne retten Schnelle Wiederherstellung \u2013 individuelle und automatische Disaster Recovery &hellip; <a href=\"https:\/\/www.syspectr.com\/de\">Continue reading <span class=\"meta-nav\">&rarr;<\/span><\/a><\/p>\n","protected":false},"author":15,"featured_media":0,"parent":0,"menu_order":0,"comment_status":"closed","ping_status":"closed","template":"","meta":{"footnotes":""},"class_list":["post-4657","page","type-page","status-publish","hentry"],"yoast_head":"<!-- This site is optimized with the Yoast SEO plugin v25.1 - https:\/\/yoast.com\/wordpress\/plugins\/seo\/ -->\n<title>Remote Monitoring und Management f\u00fcr Windows. Einfach gemacht. - O&amp;O Syspectr<\/title>\n<meta name=\"description\" content=\"Immer wissen, was auf Ihren PCs und Servern passiert. Kostenlos bis zu 10 PCs. Bei wichtigen Ereignissen erhalten Sie eine Benachrichtigung.\" \/>\n<meta name=\"robots\" content=\"index, follow, max-snippet:-1, max-image-preview:large, max-video-preview:-1\" \/>\n<link rel=\"canonical\" href=\"https:\/\/www.syspectr.com\/de\" \/>\n<meta property=\"og:locale\" content=\"de_DE\" \/>\n<meta property=\"og:type\" content=\"article\" \/>\n<meta property=\"og:title\" content=\"Remote Monitoring und Management f\u00fcr Windows. Einfach gemacht. - O&amp;O Syspectr\" \/>\n<meta property=\"og:description\" content=\"Immer wissen, was auf Ihren PCs und Servern passiert. Kostenlos bis zu 10 PCs. Bei wichtigen Ereignissen erhalten Sie eine Benachrichtigung.\" \/>\n<meta property=\"og:url\" content=\"https:\/\/www.syspectr.com\/de\" \/>\n<meta property=\"og:site_name\" content=\"O&amp;O Syspectr\" \/>\n<meta property=\"article:publisher\" content=\"https:\/\/www.facebook.com\/OOSoftware\" \/>\n<meta property=\"article:modified_time\" content=\"2026-03-13T05:54:18+00:00\" \/>\n<meta property=\"og:image\" content=\"https:\/\/www.syspectr.com\/wp-content\/uploads\/logo.png\" \/>\n\t<meta property=\"og:image:width\" content=\"1200\" \/>\n\t<meta property=\"og:image:height\" content=\"1200\" \/>\n\t<meta property=\"og:image:type\" content=\"image\/png\" \/>\n<meta name=\"twitter:card\" content=\"summary_large_image\" \/>\n<meta name=\"twitter:site\" content=\"@syspectr\" \/>\n<meta name=\"twitter:label1\" content=\"Gesch\u00e4tzte Lesezeit\" \/>\n\t<meta name=\"twitter:data1\" content=\"3\u00a0Minuten\" \/>\n<script type=\"application\/ld+json\" class=\"yoast-schema-graph\">{\"@context\":\"https:\/\/schema.org\",\"@graph\":[{\"@type\":\"WebPage\",\"@id\":\"https:\/\/www.syspectr.com\/de\",\"url\":\"https:\/\/www.syspectr.com\/de\",\"name\":\"Remote Monitoring und Management f\u00fcr Windows. Einfach gemacht. - O&amp;O Syspectr\",\"isPartOf\":{\"@id\":\"https:\/\/www.syspectr.com\/de#website\"},\"datePublished\":\"2022-05-16T10:51:11+00:00\",\"dateModified\":\"2026-03-13T05:54:18+00:00\",\"description\":\"Immer wissen, was auf Ihren PCs und Servern passiert. Kostenlos bis zu 10 PCs. Bei wichtigen Ereignissen erhalten Sie eine Benachrichtigung.\",\"breadcrumb\":{\"@id\":\"https:\/\/www.syspectr.com\/de#breadcrumb\"},\"inLanguage\":\"de\",\"potentialAction\":[{\"@type\":\"ReadAction\",\"target\":[\"https:\/\/www.syspectr.com\/de\"]}]},{\"@type\":\"BreadcrumbList\",\"@id\":\"https:\/\/www.syspectr.com\/de#breadcrumb\",\"itemListElement\":[{\"@type\":\"ListItem\",\"position\":1,\"name\":\"Home\",\"item\":\"https:\/\/oodev-www.syspectr.com\/de\"},{\"@type\":\"ListItem\",\"position\":2,\"name\":\"Remote Monitoring und Management f\u00fcr Windows. Einfach gemacht.\"}]},{\"@type\":\"WebSite\",\"@id\":\"https:\/\/www.syspectr.com\/de#website\",\"url\":\"https:\/\/www.syspectr.com\/de\",\"name\":\"O&amp;O Syspectr\",\"description\":\"Managen und \u00fcberwachen Sie Ihr Netzwerk. Jederzeit. \u00dcberall.\",\"publisher\":{\"@id\":\"https:\/\/www.syspectr.com\/de#organization\"},\"potentialAction\":[{\"@type\":\"SearchAction\",\"target\":{\"@type\":\"EntryPoint\",\"urlTemplate\":\"https:\/\/www.syspectr.com\/de?s={search_term_string}\"},\"query-input\":{\"@type\":\"PropertyValueSpecification\",\"valueRequired\":true,\"valueName\":\"search_term_string\"}}],\"inLanguage\":\"de\"},{\"@type\":\"Organization\",\"@id\":\"https:\/\/www.syspectr.com\/de#organization\",\"name\":\"O&O Software GmbH\",\"url\":\"https:\/\/www.syspectr.com\/de\",\"logo\":{\"@type\":\"ImageObject\",\"inLanguage\":\"de\",\"@id\":\"https:\/\/www.syspectr.com\/de#\/schema\/logo\/image\/\",\"url\":\"https:\/\/oodev-www.syspectr.com\/wp-content\/uploads\/logo.png\",\"contentUrl\":\"https:\/\/oodev-www.syspectr.com\/wp-content\/uploads\/logo.png\",\"width\":1200,\"height\":1200,\"caption\":\"O&O Software GmbH\"},\"image\":{\"@id\":\"https:\/\/www.syspectr.com\/de#\/schema\/logo\/image\/\"},\"sameAs\":[\"https:\/\/www.facebook.com\/OOSoftware\",\"https:\/\/x.com\/syspectr\",\"https:\/\/ca.linkedin.com\/company\/o&amp;o-software-gmbh\",\"https:\/\/www.youtube.com\/user\/oosoftw\"]}]}<\/script>\n<!-- \/ Yoast SEO plugin. -->","yoast_head_json":{"title":"Remote Monitoring und Management f\u00fcr Windows. Einfach gemacht. - O&amp;O Syspectr","description":"Immer wissen, was auf Ihren PCs und Servern passiert. Kostenlos bis zu 10 PCs. Bei wichtigen Ereignissen erhalten Sie eine Benachrichtigung.","robots":{"index":"index","follow":"follow","max-snippet":"max-snippet:-1","max-image-preview":"max-image-preview:large","max-video-preview":"max-video-preview:-1"},"canonical":"https:\/\/www.syspectr.com\/de","og_locale":"de_DE","og_type":"article","og_title":"Remote Monitoring und Management f\u00fcr Windows. Einfach gemacht. - O&amp;O Syspectr","og_description":"Immer wissen, was auf Ihren PCs und Servern passiert. Kostenlos bis zu 10 PCs. Bei wichtigen Ereignissen erhalten Sie eine Benachrichtigung.","og_url":"https:\/\/www.syspectr.com\/de","og_site_name":"O&amp;O Syspectr","article_publisher":"https:\/\/www.facebook.com\/OOSoftware","article_modified_time":"2026-03-13T05:54:18+00:00","og_image":[{"width":1200,"height":1200,"url":"https:\/\/www.syspectr.com\/wp-content\/uploads\/logo.png","type":"image\/png"}],"twitter_card":"summary_large_image","twitter_site":"@syspectr","twitter_misc":{"Gesch\u00e4tzte Lesezeit":"3\u00a0Minuten"},"schema":{"@context":"https:\/\/schema.org","@graph":[{"@type":"WebPage","@id":"https:\/\/www.syspectr.com\/de","url":"https:\/\/www.syspectr.com\/de","name":"Remote Monitoring und Management f\u00fcr Windows. Einfach gemacht. - O&amp;O Syspectr","isPartOf":{"@id":"https:\/\/www.syspectr.com\/de#website"},"datePublished":"2022-05-16T10:51:11+00:00","dateModified":"2026-03-13T05:54:18+00:00","description":"Immer wissen, was auf Ihren PCs und Servern passiert. Kostenlos bis zu 10 PCs. Bei wichtigen Ereignissen erhalten Sie eine Benachrichtigung.","breadcrumb":{"@id":"https:\/\/www.syspectr.com\/de#breadcrumb"},"inLanguage":"de","potentialAction":[{"@type":"ReadAction","target":["https:\/\/www.syspectr.com\/de"]}]},{"@type":"BreadcrumbList","@id":"https:\/\/www.syspectr.com\/de#breadcrumb","itemListElement":[{"@type":"ListItem","position":1,"name":"Home","item":"https:\/\/oodev-www.syspectr.com\/de"},{"@type":"ListItem","position":2,"name":"Remote Monitoring und Management f\u00fcr Windows. Einfach gemacht."}]},{"@type":"WebSite","@id":"https:\/\/www.syspectr.com\/de#website","url":"https:\/\/www.syspectr.com\/de","name":"O&amp;O Syspectr","description":"Managen und \u00fcberwachen Sie Ihr Netzwerk. Jederzeit. \u00dcberall.","publisher":{"@id":"https:\/\/www.syspectr.com\/de#organization"},"potentialAction":[{"@type":"SearchAction","target":{"@type":"EntryPoint","urlTemplate":"https:\/\/www.syspectr.com\/de?s={search_term_string}"},"query-input":{"@type":"PropertyValueSpecification","valueRequired":true,"valueName":"search_term_string"}}],"inLanguage":"de"},{"@type":"Organization","@id":"https:\/\/www.syspectr.com\/de#organization","name":"O&O Software GmbH","url":"https:\/\/www.syspectr.com\/de","logo":{"@type":"ImageObject","inLanguage":"de","@id":"https:\/\/www.syspectr.com\/de#\/schema\/logo\/image\/","url":"https:\/\/oodev-www.syspectr.com\/wp-content\/uploads\/logo.png","contentUrl":"https:\/\/oodev-www.syspectr.com\/wp-content\/uploads\/logo.png","width":1200,"height":1200,"caption":"O&O Software GmbH"},"image":{"@id":"https:\/\/www.syspectr.com\/de#\/schema\/logo\/image\/"},"sameAs":["https:\/\/www.facebook.com\/OOSoftware","https:\/\/x.com\/syspectr","https:\/\/ca.linkedin.com\/company\/o&amp;o-software-gmbh","https:\/\/www.youtube.com\/user\/oosoftw"]}]}},"publishpress_future_action":{"enabled":false,"date":"2026-05-19 15:30:37","action":"change-status","newStatus":"draft","terms":[],"taxonomy":"translation_priority"},"publishpress_future_workflow_manual_trigger":{"enabledWorkflows":[]},"_links":{"self":[{"href":"https:\/\/www.syspectr.com\/de\/wp-json\/wp\/v2\/pages\/4657","targetHints":{"allow":["GET"]}}],"collection":[{"href":"https:\/\/www.syspectr.com\/de\/wp-json\/wp\/v2\/pages"}],"about":[{"href":"https:\/\/www.syspectr.com\/de\/wp-json\/wp\/v2\/types\/page"}],"author":[{"embeddable":true,"href":"https:\/\/www.syspectr.com\/de\/wp-json\/wp\/v2\/users\/15"}],"replies":[{"embeddable":true,"href":"https:\/\/www.syspectr.com\/de\/wp-json\/wp\/v2\/comments?post=4657"}],"version-history":[{"count":204,"href":"https:\/\/www.syspectr.com\/de\/wp-json\/wp\/v2\/pages\/4657\/revisions"}],"predecessor-version":[{"id":9581,"href":"https:\/\/www.syspectr.com\/de\/wp-json\/wp\/v2\/pages\/4657\/revisions\/9581"}],"wp:attachment":[{"href":"https:\/\/www.syspectr.com\/de\/wp-json\/wp\/v2\/media?parent=4657"}],"curies":[{"name":"wp","href":"https:\/\/api.w.org\/{rel}","templated":true}]}}