{"id":8420,"date":"2024-11-13T16:01:36","date_gmt":"2024-11-13T14:01:36","guid":{"rendered":"https:\/\/oodev-www.syspectr.com\/?page_id=8420"},"modified":"2025-07-21T13:41:37","modified_gmt":"2025-07-21T11:41:37","slug":"oo-bluecon-disaster-recovery","status":"publish","type":"page","link":"https:\/\/www.syspectr.com\/de\/oo-bluecon-disaster-recovery","title":{"rendered":"Weltneuheit: Remote Desktop Disaster Recovery"},"content":{"rendered":"\n<div style=\"height:50px\" aria-hidden=\"true\" class=\"wp-block-spacer\"><\/div>\n\n\n\n<h2 class=\"wp-block-heading has-text-align-center\" style=\"font-size:38px\">Weltneuheit: <br>Remote Desktop Disaster Recovery<\/h2>\n\n\n\n<div style=\"height:20px\" aria-hidden=\"true\" class=\"wp-block-spacer\"><\/div>\n\n\n\n<div style=\"height:50px\" aria-hidden=\"true\" class=\"wp-block-spacer\"><\/div>\n\n\n<div class=\"wp-block-image is-resized is-style-default full-width-ft-image\">\n<figure class=\"aligncenter size-full\"><img loading=\"lazy\" decoding=\"async\" width=\"1245\" height=\"833\" src=\"\/wp-content\/uploads\/oobc22_sys004_de.png\" alt=\"\" class=\"wp-image-9084\"\/><\/figure><\/div>\n\n\n<div style=\"height:50px\" aria-hidden=\"true\" class=\"wp-block-spacer\"><\/div>\n\n\n\n<p style=\"font-size:18px\">Die Erfahrungen aus dem diesj\u00e4hrigen Crowdstrike-Desaster und die W\u00fcnsche unserer Kunden haben wir in die Entwicklung des brandneuen, nun in O&amp;O Syspectr integrierten <a href=\"https:\/\/www.oo-software.com\/de\/oo-bluecon-disaster-recovery-im-unternehmen\">O&amp;O BlueCon 22<\/a> einflie\u00dfen lassen! Herausgekommen ist das weltweit erste Disaster Recovery Tool, das sowohl einen Rechner mit kaputtem Windows aus der Ferne reparieren als auch einen ausgeschalteten Rechner starten, warten und wiederherstellen oder ein vorhandenes Backup wiederherstellen kann, selbst wenn kein funktionierendes Betriebssystem mehr vorhanden ist.&nbsp;<\/p>\n\n\n\n<p style=\"font-size:18px\"><strong>Und das alles als Flatrate f\u00fcr beliebig viele Ihrer Rechner und Server!<\/strong>&nbsp;<\/p>\n\n\n\n<div class=\"wp-block-columns are-vertically-aligned-center is-layout-flex wp-container-core-columns-is-layout-9d6595d7 wp-block-columns-is-layout-flex\">\n<div class=\"wp-block-column is-vertically-aligned-center is-layout-flow wp-block-column-is-layout-flow\" style=\"flex-basis:66.66%\">\n<div style=\"height:22px\" aria-hidden=\"true\" class=\"wp-block-spacer\"><\/div>\n\n\n\n<p style=\"font-size:18px\"><strong>Erstmalige Integration mit O&amp;O Syspectr<\/strong><\/p>\n\n\n\n<p style=\"font-size:18px\">O&amp;O BlueCon 22 bietet eine einzigartige M\u00f6glichkeit zur Fernwartung im Rettungsumfeld. Daf\u00fcr wurde die gesamte Technologie in den O&amp;O Syspectr integriert und kann f\u00fcr 29 Euro netto pro Monat auf einer unbegrenzten Anzahl von PCs und Servern eingesetzt werden!&nbsp;<\/p>\n<\/div>\n\n\n\n<div class=\"wp-block-column is-vertically-aligned-center is-layout-flow wp-block-column-is-layout-flow\" style=\"flex-basis:33.33%\"><div class=\"wp-block-image\">\n<figure class=\"alignright size-full\"><img loading=\"lazy\" decoding=\"async\" width=\"244\" height=\"245\" src=\"\/wp-content\/uploads\/syspWeb_RemoteIllus_illu2.png\" alt=\"\" class=\"wp-image-7919\"\/><\/figure><\/div><\/div>\n<\/div>\n\n\n\n<div style=\"height:60px\" aria-hidden=\"true\" class=\"wp-block-spacer\"><\/div>\n\n\n\n<div class=\"wp-block-columns are-vertically-aligned-center is-layout-flex wp-container-core-columns-is-layout-9d6595d7 wp-block-columns-is-layout-flex\">\n<div class=\"wp-block-column is-vertically-aligned-center is-layout-flow wp-block-column-is-layout-flow\" style=\"flex-basis:33.33%\"><div class=\"wp-block-image\">\n<figure class=\"alignright size-full\"><img loading=\"lazy\" decoding=\"async\" width=\"284\" height=\"307\" src=\"\/wp-content\/uploads\/syspWebAMTillus_illu2.png\" alt=\"\" class=\"wp-image-7413\"\/><\/figure><\/div><\/div>\n\n\n\n<div class=\"wp-block-column is-vertically-aligned-center is-layout-flow wp-block-column-is-layout-flow\" style=\"flex-basis:66.66%\">\n<div style=\"height:22px\" aria-hidden=\"true\" class=\"wp-block-spacer\"><\/div>\n\n\n\n<p style=\"font-size:18px\"><strong><strong>Die Power der Intel vPro Technologie nutzen<\/strong>&nbsp;<\/strong><\/p>\n\n\n\n<p style=\"font-size:18px\">Damit k\u00f6nnen IT-Administratoren \u00fcber eine Cloud-basierte Verbindung direkt auf die Endger\u00e4te zugreifen, selbst wenn das System nicht mehr richtig startet. Bei vorhandener Intel vPro-Technologie l\u00e4sst sich das Ger\u00e4t sogar im ausgeschalteten Zustand starten und anschlie\u00dfend administrieren!&nbsp;<\/p>\n<\/div>\n<\/div>\n\n\n\n<div style=\"height:100px\" aria-hidden=\"true\" class=\"wp-block-spacer\"><\/div>\n\n\n\n<p style=\"font-size:18px\"><\/p>\n\n\n\n<p style=\"font-size:18px\"><strong>O&amp;O BlueCon aus der Ferne nutzen \u2013 ganz einfach mit O&amp;O Syspectr<\/strong><\/p>\n\n\n\n<div style=\"height:40px\" aria-hidden=\"true\" class=\"wp-block-spacer\"><\/div>\n\n\n\n<div class=\"wp-block-columns is-layout-flex wp-container-core-columns-is-layout-9d6595d7 wp-block-columns-is-layout-flex\">\n<div class=\"wp-block-column is-layout-flow wp-block-column-is-layout-flow\">\n<figure class=\"wp-block-image size-full is-resized\"><img loading=\"lazy\" decoding=\"async\" width=\"355\" height=\"270\" src=\"\/wp-content\/uploads\/sys_sol_003.png\" alt=\"\" class=\"wp-image-6692\" style=\"width:163px;height:auto\"\/><\/figure>\n\n\n\n<div style=\"height:10px\" aria-hidden=\"true\" class=\"wp-block-spacer\"><\/div>\n\n\n\n<p style=\"font-size:18px\"><strong>Zugriff auf verschl\u00fcsselte Laufwerke<\/strong><\/p>\n\n\n\n<p style=\"font-size:18px\">Volle Kontrolle \u00fcber alle Datentr\u00e4ger \u2013 inklusive BitLocker-Entschl\u00fcsselung \u2013 zur Analyse und Sicherung selbst gesperrter oder besch\u00e4digter Systeme.<\/p>\n<\/div>\n\n\n\n<div class=\"wp-block-column is-layout-flow wp-block-column-is-layout-flow\">\n<figure class=\"wp-block-image size-full is-resized\"><img loading=\"lazy\" decoding=\"async\" width=\"316\" height=\"323\" src=\"\/wp-content\/uploads\/sys_y_001.png\" alt=\"\" class=\"wp-image-6717\" style=\"width:121px\"\/><\/figure>\n\n\n\n<div style=\"height:10px\" aria-hidden=\"true\" class=\"wp-block-spacer\"><\/div>\n\n\n\n<p style=\"font-size:18px\"><strong>Passw\u00f6rter und Konten zur\u00fccksetzen<\/strong><\/p>\n\n\n\n<p style=\"font-size:18px\">Zur\u00fccksetzen vergessener Passw\u00f6rter und Wiederherstellung lokaler Benutzerkonten \u2013 schnell, sicher und ohne Neuinstallation des Betriebssystems.<\/p>\n<\/div>\n\n\n\n<div class=\"wp-block-column is-layout-flow wp-block-column-is-layout-flow\">\n<figure class=\"wp-block-image size-full is-resized\"><img loading=\"lazy\" decoding=\"async\" width=\"211\" height=\"213\" src=\"\/wp-content\/uploads\/Bild-4.png\" alt=\"\" class=\"wp-image-8289\" style=\"width:121px\"\/><\/figure>\n\n\n\n<div style=\"height:10px\" aria-hidden=\"true\" class=\"wp-block-spacer\"><\/div>\n\n\n\n<p style=\"font-size:18px\"><strong>Automatische Windows-Reparatur<\/strong><\/p>\n\n\n\n<p style=\"font-size:18px\">Erkennung und Behebung g\u00e4ngiger Windows-Probleme mit intelligenten Tools \u2013 f\u00fcr stabile Systeme und minimale Ausfallzeiten im Ernstfall.<\/p>\n<\/div>\n<\/div>\n\n\n\n<div style=\"height:100px\" aria-hidden=\"true\" class=\"wp-block-spacer\"><\/div>\n\n\n\n<div class=\"wp-block-columns is-layout-flex wp-container-core-columns-is-layout-9d6595d7 wp-block-columns-is-layout-flex\">\n<div class=\"wp-block-column is-layout-flow wp-block-column-is-layout-flow\">\n<figure class=\"wp-block-image size-full is-resized\"><img loading=\"lazy\" decoding=\"async\" width=\"357\" height=\"243\" src=\"\/wp-content\/uploads\/syspWindowsUpdatesIllus_illu1.png\" alt=\"\" class=\"wp-image-7703\" style=\"aspect-ratio:1;object-fit:contain;width:138px;height:auto\"\/><\/figure>\n\n\n\n<p style=\"font-size:18px\"><strong>Fehlerhafte Updates\/Treiber entfernen<\/strong><\/p>\n\n\n\n<p style=\"font-size:18px\">Deinstallation problematischer Windows-Updates und -Treiber, um Systemfehler zu beheben und die Funktionsf\u00e4higkeit zuverl\u00e4ssig wiederherzustellen.<\/p>\n<\/div>\n\n\n\n<div class=\"wp-block-column is-vertically-aligned-center is-layout-flow wp-block-column-is-layout-flow\"><div class=\"wp-block-image\">\n<figure class=\"alignleft size-full is-resized\"><img loading=\"lazy\" decoding=\"async\" width=\"286\" height=\"150\" src=\"\/wp-content\/uploads\/oosysWeb_cloudManagement.png\" alt=\"\" class=\"wp-image-8165\" style=\"width:149px;height:auto\"\/><\/figure><\/div>\n\n\n<div style=\"height:42px\" aria-hidden=\"true\" class=\"wp-block-spacer\"><\/div>\n\n\n\n<p style=\"font-size:18px\"><strong>Datensicherung inklusive Forensik<\/strong><\/p>\n\n\n\n<p style=\"font-size:18px\">Sichern Sie vollst\u00e4ndige oder gezielt ausgew\u00e4hlte Daten \u2013 regul\u00e4r oder forensisch, je nach Bedarf und rechtlichen Anforderungen.<\/p>\n<\/div>\n\n\n\n<div class=\"wp-block-column is-layout-flow wp-block-column-is-layout-flow\">\n<figure class=\"wp-block-image size-full is-resized\"><img loading=\"lazy\" decoding=\"async\" width=\"240\" height=\"231\" src=\"\/wp-content\/uploads\/Bild-3.png\" alt=\"\" class=\"wp-image-8285\" style=\"width:120px;height:116px\"\/><\/figure>\n\n\n\n<div style=\"height:21px\" aria-hidden=\"true\" class=\"wp-block-spacer\"><\/div>\n\n\n\n<p style=\"font-size:18px\"><strong>Daten zuverl\u00e4ssig wiederherstellen<\/strong><\/p>\n\n\n\n<p style=\"font-size:18px\">Wiederherstellung gel\u00f6schter oder besch\u00e4digter Dateien mit integrierten Tools \u2013 einfach, sicher und ohne zus\u00e4tzliche Software notwendig.<\/p>\n<\/div>\n<\/div>\n\n\n\n<div style=\"height:40px\" aria-hidden=\"true\" class=\"wp-block-spacer\"><\/div>\n\n\n\n<p style=\"font-size:18px\">Entscheiden Sie sich jetzt f\u00fcr eine <a href=\"https:\/\/shop.oo-software.com\/36\/purl-premiummodules?cart=s9617&amp;tracking=OOSYSPREMIUM\">Premium<\/a> oder <a href=\"https:\/\/shop.oo-software.com\/36\/purl-premiummodules?cart=s9617&amp;tracking=OOSYSPREMIUM\">Enterprise<\/a> Edition von O&amp;O Syspectr mit dem neuen O&amp;O BlueCon 22 und seien Sie in Zukunft vor den schwerwiegenden Auswirkungen von Problemen wie Crowdstrike gesch\u00fctzt!&nbsp;<\/p>\n\n\n\n<div style=\"height:0px\" aria-hidden=\"true\" class=\"wp-block-spacer\"><\/div>\n\n\n\n<div style=\"height:100px\" aria-hidden=\"true\" class=\"wp-block-spacer\"><\/div>\n\n\n\n<p class=\"has-text-align-center\" style=\"font-size:18px\">Erfahren Sie mehr dar\u00fcber, wie <a href=\"\/de\/warum-oo-syspectr\">O&amp;O Syspectr Ihrem Unternehmen dabei hilft, Geld zu sparen<\/a>.<\/p>\n\n\n\n<p class=\"has-text-align-center\" style=\"font-size:18px\"><br>Sie wollen O&amp;O Syspectr selbst ausprobieren? Kein Problem!<br>Einfach kostenlos und unverbindlich registrieren und bis zu 30 Tage die Vollversion ausprobieren.<\/p>\n\n\n\n<div style=\"height:35px\" aria-hidden=\"true\" class=\"wp-block-spacer\"><\/div>\n\n\n\n<div class=\"syspectr-cta-green-buttons\">\n     <a class=\"syspectr-cta-green-button\" href=\"https:\/\/app.syspectr.com\/de\/account\/signup?aff=www\">\nKostenlos testen<\/a>\n<\/div>\n\n\n\n<div style=\"height:40px\" aria-hidden=\"true\" class=\"wp-block-spacer\"><\/div>\n\n\n\n<p class=\"has-text-align-center\" style=\"font-size:18px\">\u00dcbrigens: bis zu 10 Rechner k\u00f6nnen Sie kostenlos verwalten!<\/p>\n\n\n\n<div style=\"height:60px\" aria-hidden=\"true\" class=\"wp-block-spacer\"><\/div>\n","protected":false},"excerpt":{"rendered":"<p>Weltneuheit: Remote Desktop Disaster Recovery Die Erfahrungen aus dem diesj\u00e4hrigen Crowdstrike-Desaster und die W\u00fcnsche unserer Kunden haben wir in die Entwicklung des brandneuen, nun in O&amp;O Syspectr integrierten O&amp;O BlueCon 22 einflie\u00dfen lassen! Herausgekommen ist das weltweit erste Disaster Recovery &hellip; <a href=\"https:\/\/www.syspectr.com\/de\/oo-bluecon-disaster-recovery\">Continue reading <span class=\"meta-nav\">&rarr;<\/span><\/a><\/p>\n","protected":false},"author":15,"featured_media":0,"parent":0,"menu_order":0,"comment_status":"closed","ping_status":"closed","template":"","meta":{"footnotes":""},"class_list":["post-8420","page","type-page","status-publish","hentry"],"yoast_head":"<!-- This site is optimized with the Yoast SEO plugin v25.1 - https:\/\/yoast.com\/wordpress\/plugins\/seo\/ -->\n<title>Weltneuheit: Remote Desktop Disaster Recovery - O&amp;O Syspectr<\/title>\n<meta name=\"robots\" content=\"index, follow, max-snippet:-1, max-image-preview:large, max-video-preview:-1\" \/>\n<link rel=\"canonical\" href=\"https:\/\/www.syspectr.com\/de\/oo-bluecon-disaster-recovery\" \/>\n<meta property=\"og:locale\" content=\"de_DE\" \/>\n<meta property=\"og:type\" content=\"article\" \/>\n<meta property=\"og:title\" content=\"Weltneuheit: Remote Desktop Disaster Recovery - O&amp;O Syspectr\" \/>\n<meta property=\"og:description\" content=\"Weltneuheit: Remote Desktop Disaster Recovery Die Erfahrungen aus dem diesj\u00e4hrigen Crowdstrike-Desaster und die W\u00fcnsche unserer Kunden haben wir in die Entwicklung des brandneuen, nun in O&amp;O Syspectr integrierten O&amp;O BlueCon 22 einflie\u00dfen lassen! Herausgekommen ist das weltweit erste Disaster Recovery &hellip; Continue reading &rarr;\" \/>\n<meta property=\"og:url\" content=\"https:\/\/www.syspectr.com\/de\/oo-bluecon-disaster-recovery\" \/>\n<meta property=\"og:site_name\" content=\"O&amp;O Syspectr\" \/>\n<meta property=\"article:publisher\" content=\"https:\/\/www.facebook.com\/OOSoftware\" \/>\n<meta property=\"article:modified_time\" content=\"2025-07-21T11:41:37+00:00\" \/>\n<meta property=\"og:image\" content=\"https:\/\/www.syspectr.com\/wp-content\/uploads\/logo.png\" \/>\n\t<meta property=\"og:image:width\" content=\"1200\" \/>\n\t<meta property=\"og:image:height\" content=\"1200\" \/>\n\t<meta property=\"og:image:type\" content=\"image\/png\" \/>\n<meta name=\"twitter:card\" content=\"summary_large_image\" \/>\n<meta name=\"twitter:site\" content=\"@syspectr\" \/>\n<meta name=\"twitter:label1\" content=\"Gesch\u00e4tzte Lesezeit\" \/>\n\t<meta name=\"twitter:data1\" content=\"2\u00a0Minuten\" \/>\n<script type=\"application\/ld+json\" class=\"yoast-schema-graph\">{\"@context\":\"https:\/\/schema.org\",\"@graph\":[{\"@type\":\"WebPage\",\"@id\":\"https:\/\/www.syspectr.com\/de\/oo-bluecon-disaster-recovery\",\"url\":\"https:\/\/www.syspectr.com\/de\/oo-bluecon-disaster-recovery\",\"name\":\"Weltneuheit: Remote Desktop Disaster Recovery - O&amp;O Syspectr\",\"isPartOf\":{\"@id\":\"https:\/\/www.syspectr.com\/de#website\"},\"datePublished\":\"2024-11-13T14:01:36+00:00\",\"dateModified\":\"2025-07-21T11:41:37+00:00\",\"breadcrumb\":{\"@id\":\"https:\/\/www.syspectr.com\/de\/oo-bluecon-disaster-recovery#breadcrumb\"},\"inLanguage\":\"de\",\"potentialAction\":[{\"@type\":\"ReadAction\",\"target\":[\"https:\/\/www.syspectr.com\/de\/oo-bluecon-disaster-recovery\"]}]},{\"@type\":\"BreadcrumbList\",\"@id\":\"https:\/\/www.syspectr.com\/de\/oo-bluecon-disaster-recovery#breadcrumb\",\"itemListElement\":[{\"@type\":\"ListItem\",\"position\":1,\"name\":\"Home\",\"item\":\"https:\/\/oodev-www.syspectr.com\/de\"},{\"@type\":\"ListItem\",\"position\":2,\"name\":\"Weltneuheit: Remote Desktop Disaster Recovery\"}]},{\"@type\":\"WebSite\",\"@id\":\"https:\/\/www.syspectr.com\/de#website\",\"url\":\"https:\/\/www.syspectr.com\/de\",\"name\":\"O&amp;O Syspectr\",\"description\":\"Managen und \u00fcberwachen Sie Ihr Netzwerk. Jederzeit. \u00dcberall.\",\"publisher\":{\"@id\":\"https:\/\/www.syspectr.com\/de#organization\"},\"potentialAction\":[{\"@type\":\"SearchAction\",\"target\":{\"@type\":\"EntryPoint\",\"urlTemplate\":\"https:\/\/www.syspectr.com\/de?s={search_term_string}\"},\"query-input\":{\"@type\":\"PropertyValueSpecification\",\"valueRequired\":true,\"valueName\":\"search_term_string\"}}],\"inLanguage\":\"de\"},{\"@type\":\"Organization\",\"@id\":\"https:\/\/www.syspectr.com\/de#organization\",\"name\":\"O&O Software GmbH\",\"url\":\"https:\/\/www.syspectr.com\/de\",\"logo\":{\"@type\":\"ImageObject\",\"inLanguage\":\"de\",\"@id\":\"https:\/\/www.syspectr.com\/de#\/schema\/logo\/image\/\",\"url\":\"https:\/\/oodev-www.syspectr.com\/wp-content\/uploads\/logo.png\",\"contentUrl\":\"https:\/\/oodev-www.syspectr.com\/wp-content\/uploads\/logo.png\",\"width\":1200,\"height\":1200,\"caption\":\"O&O Software GmbH\"},\"image\":{\"@id\":\"https:\/\/www.syspectr.com\/de#\/schema\/logo\/image\/\"},\"sameAs\":[\"https:\/\/www.facebook.com\/OOSoftware\",\"https:\/\/x.com\/syspectr\",\"https:\/\/ca.linkedin.com\/company\/o&amp;o-software-gmbh\",\"https:\/\/www.youtube.com\/user\/oosoftw\"]}]}<\/script>\n<!-- \/ Yoast SEO plugin. -->","yoast_head_json":{"title":"Weltneuheit: Remote Desktop Disaster Recovery - O&amp;O Syspectr","robots":{"index":"index","follow":"follow","max-snippet":"max-snippet:-1","max-image-preview":"max-image-preview:large","max-video-preview":"max-video-preview:-1"},"canonical":"https:\/\/www.syspectr.com\/de\/oo-bluecon-disaster-recovery","og_locale":"de_DE","og_type":"article","og_title":"Weltneuheit: Remote Desktop Disaster Recovery - O&amp;O Syspectr","og_description":"Weltneuheit: Remote Desktop Disaster Recovery Die Erfahrungen aus dem diesj\u00e4hrigen Crowdstrike-Desaster und die W\u00fcnsche unserer Kunden haben wir in die Entwicklung des brandneuen, nun in O&amp;O Syspectr integrierten O&amp;O BlueCon 22 einflie\u00dfen lassen! Herausgekommen ist das weltweit erste Disaster Recovery &hellip; Continue reading &rarr;","og_url":"https:\/\/www.syspectr.com\/de\/oo-bluecon-disaster-recovery","og_site_name":"O&amp;O Syspectr","article_publisher":"https:\/\/www.facebook.com\/OOSoftware","article_modified_time":"2025-07-21T11:41:37+00:00","og_image":[{"width":1200,"height":1200,"url":"https:\/\/www.syspectr.com\/wp-content\/uploads\/logo.png","type":"image\/png"}],"twitter_card":"summary_large_image","twitter_site":"@syspectr","twitter_misc":{"Gesch\u00e4tzte Lesezeit":"2\u00a0Minuten"},"schema":{"@context":"https:\/\/schema.org","@graph":[{"@type":"WebPage","@id":"https:\/\/www.syspectr.com\/de\/oo-bluecon-disaster-recovery","url":"https:\/\/www.syspectr.com\/de\/oo-bluecon-disaster-recovery","name":"Weltneuheit: Remote Desktop Disaster Recovery - O&amp;O Syspectr","isPartOf":{"@id":"https:\/\/www.syspectr.com\/de#website"},"datePublished":"2024-11-13T14:01:36+00:00","dateModified":"2025-07-21T11:41:37+00:00","breadcrumb":{"@id":"https:\/\/www.syspectr.com\/de\/oo-bluecon-disaster-recovery#breadcrumb"},"inLanguage":"de","potentialAction":[{"@type":"ReadAction","target":["https:\/\/www.syspectr.com\/de\/oo-bluecon-disaster-recovery"]}]},{"@type":"BreadcrumbList","@id":"https:\/\/www.syspectr.com\/de\/oo-bluecon-disaster-recovery#breadcrumb","itemListElement":[{"@type":"ListItem","position":1,"name":"Home","item":"https:\/\/oodev-www.syspectr.com\/de"},{"@type":"ListItem","position":2,"name":"Weltneuheit: Remote Desktop Disaster Recovery"}]},{"@type":"WebSite","@id":"https:\/\/www.syspectr.com\/de#website","url":"https:\/\/www.syspectr.com\/de","name":"O&amp;O Syspectr","description":"Managen und \u00fcberwachen Sie Ihr Netzwerk. Jederzeit. \u00dcberall.","publisher":{"@id":"https:\/\/www.syspectr.com\/de#organization"},"potentialAction":[{"@type":"SearchAction","target":{"@type":"EntryPoint","urlTemplate":"https:\/\/www.syspectr.com\/de?s={search_term_string}"},"query-input":{"@type":"PropertyValueSpecification","valueRequired":true,"valueName":"search_term_string"}}],"inLanguage":"de"},{"@type":"Organization","@id":"https:\/\/www.syspectr.com\/de#organization","name":"O&O Software GmbH","url":"https:\/\/www.syspectr.com\/de","logo":{"@type":"ImageObject","inLanguage":"de","@id":"https:\/\/www.syspectr.com\/de#\/schema\/logo\/image\/","url":"https:\/\/oodev-www.syspectr.com\/wp-content\/uploads\/logo.png","contentUrl":"https:\/\/oodev-www.syspectr.com\/wp-content\/uploads\/logo.png","width":1200,"height":1200,"caption":"O&O Software GmbH"},"image":{"@id":"https:\/\/www.syspectr.com\/de#\/schema\/logo\/image\/"},"sameAs":["https:\/\/www.facebook.com\/OOSoftware","https:\/\/x.com\/syspectr","https:\/\/ca.linkedin.com\/company\/o&amp;o-software-gmbh","https:\/\/www.youtube.com\/user\/oosoftw"]}]}},"publishpress_future_action":{"enabled":false,"date":"2026-05-13 16:36:33","action":"change-status","newStatus":"draft","terms":[],"taxonomy":"translation_priority"},"publishpress_future_workflow_manual_trigger":{"enabledWorkflows":[]},"_links":{"self":[{"href":"https:\/\/www.syspectr.com\/de\/wp-json\/wp\/v2\/pages\/8420","targetHints":{"allow":["GET"]}}],"collection":[{"href":"https:\/\/www.syspectr.com\/de\/wp-json\/wp\/v2\/pages"}],"about":[{"href":"https:\/\/www.syspectr.com\/de\/wp-json\/wp\/v2\/types\/page"}],"author":[{"embeddable":true,"href":"https:\/\/www.syspectr.com\/de\/wp-json\/wp\/v2\/users\/15"}],"replies":[{"embeddable":true,"href":"https:\/\/www.syspectr.com\/de\/wp-json\/wp\/v2\/comments?post=8420"}],"version-history":[{"count":36,"href":"https:\/\/www.syspectr.com\/de\/wp-json\/wp\/v2\/pages\/8420\/revisions"}],"predecessor-version":[{"id":9127,"href":"https:\/\/www.syspectr.com\/de\/wp-json\/wp\/v2\/pages\/8420\/revisions\/9127"}],"wp:attachment":[{"href":"https:\/\/www.syspectr.com\/de\/wp-json\/wp\/v2\/media?parent=8420"}],"curies":[{"name":"wp","href":"https:\/\/api.w.org\/{rel}","templated":true}]}}