{"id":9367,"date":"2025-09-22T12:28:23","date_gmt":"2025-09-22T10:28:23","guid":{"rendered":"https:\/\/oodev-www.syspectr.com\/?page_id=9367"},"modified":"2025-10-07T15:46:15","modified_gmt":"2025-10-07T13:46:15","slug":"startnow","status":"publish","type":"page","link":"https:\/\/www.syspectr.com\/de\/startnow","title":{"rendered":"O&amp;O Syspectr \u2013 Ihr RMM aus der deutschen Cloud"},"content":{"rendered":"\n<div style=\"height:70px\" aria-hidden=\"true\" class=\"wp-block-spacer\"><\/div>\n\n\n\n<div class=\"wp-block-columns is-layout-flex wp-container-core-columns-is-layout-9d6595d7 wp-block-columns-is-layout-flex\">\n<div class=\"wp-block-column is-vertically-aligned-center is-layout-flow wp-block-column-is-layout-flow\"><div class=\"wp-block-image\">\n<figure class=\"aligncenter size-full\"><img loading=\"lazy\" decoding=\"async\" width=\"360\" height=\"264\" src=\"\/wp-content\/uploads\/IONOS-ISVPartner-White-Gold-GreenHosting-1.png\" alt=\"\" class=\"wp-image-9409\"\/><\/figure><\/div><\/div>\n\n\n\n<div class=\"wp-block-column is-vertically-aligned-center is-layout-flow wp-block-column-is-layout-flow\">\n<h2 class=\"wp-block-heading\">O&amp;O Syspectr \u2013 <br>Ihr RMM aus der deutschen Cloud<\/h2>\n\n\n\n<div style=\"height:10px\" aria-hidden=\"true\" class=\"wp-block-spacer\"><\/div>\n\n\n\n<p><strong>Gemeinsam mit unserem Partner IONOS bieten wir Ihnen eine einfache RMM-L\u00f6sung aus der deutschen Cloud:<\/strong><\/p>\n\n\n\n<ul class=\"wp-block-list\">\n<li>In nur 5 Minuten einsatzbereit<\/li>\n\n\n\n<li>Keine lokale Infrastruktur erforderlich<\/li>\n\n\n\n<li>Vollst\u00e4ndig darauf ausgerichtet, IT-Management schnell, einfach und kosteng\u00fcnstig zu gestalten<\/li>\n\n\n\n<li><em>Unser Motto: Spot problems before they hurt!<\/em><\/li>\n<\/ul>\n\n\n\n<div class=\"syspectr-cta-green-buttons\" style=\"justify-content: normal;\">\n     <a class=\"syspectr-cta-green-button\" href=\"https:\/\/app.syspectr.com\/en\/account\/signup?aff=ionoslp\">\nTry it now!<\/a>\n<\/div>\n<\/div>\n<\/div>\n\n\n\n<div style=\"height:80px\" aria-hidden=\"true\" class=\"wp-block-spacer\"><\/div>\n\n\n\n<div class=\"wp-block-columns is-layout-flex wp-container-core-columns-is-layout-9d6595d7 wp-block-columns-is-layout-flex\">\n<div class=\"wp-block-column is-vertically-aligned-center is-layout-flow wp-block-column-is-layout-flow\">\n<h2 class=\"wp-block-heading\">\u00dcber O&amp;O Syspectr<\/h2>\n\n\n\n<div style=\"height:10px\" aria-hidden=\"true\" class=\"wp-block-spacer\"><\/div>\n\n\n\n<p><strong>O&amp;O Syspectr<\/strong> ist die einfache, webbasierte <strong>Remote Monitoring &amp; Management (RMM) L\u00f6sung<\/strong> f\u00fcr Windows-Systeme. Sie erm\u00f6glicht IT-Administratoren, Dienstleistern und Unternehmen, ihre gesamte IT-Infrastruktur <strong>ortsunabh\u00e4ngig und in Echtzeit<\/strong> zu \u00fcberwachen und zu verwalten \u2013 sicher gehostet in deutschen Rechenzentren.<\/p>\n\n\n\n<p>Im Gegensatz zu traditionellen RMM-L\u00f6sungen punktet Syspectr mit schneller One-Touch-Installation und einer intuitiven Weboberfl\u00e4che, die schnellen Zugriff auf alle wichtigen Informationen bietet.<\/p>\n<\/div>\n\n\n\n<div class=\"wp-block-column is-vertically-aligned-center is-layout-flow wp-block-column-is-layout-flow\"><div class=\"wp-block-image\">\n<figure class=\"aligncenter size-full\"><img loading=\"lazy\" decoding=\"async\" width=\"460\" height=\"336\" src=\"\/wp-content\/uploads\/syspectrWeb3_concept001_498_syspEdit_7_25_016_001-1.png\" alt=\"\" class=\"wp-image-9225\"\/><\/figure><\/div><\/div>\n<\/div>\n\n\n\n<div style=\"height:50px\" aria-hidden=\"true\" class=\"wp-block-spacer\"><\/div>\n\n\n\n<div class=\"wp-block-columns is-layout-flex wp-container-core-columns-is-layout-9d6595d7 wp-block-columns-is-layout-flex\">\n<div class=\"wp-block-column is-vertically-aligned-center is-layout-flow wp-block-column-is-layout-flow\"><div class=\"wp-block-image\">\n<figure class=\"aligncenter size-full\"><img loading=\"lazy\" decoding=\"async\" width=\"284\" height=\"307\" src=\"\/wp-content\/uploads\/syspWebAMTillus_illu2.png\" alt=\"\" class=\"wp-image-7413\"\/><\/figure><\/div><\/div>\n\n\n\n<div class=\"wp-block-column is-vertically-aligned-center is-layout-flow wp-block-column-is-layout-flow\">\n<h2 class=\"wp-block-heading\">Remote Management \u2013 auch bei ausgeschalteten Ger\u00e4ten<\/h2>\n\n\n\n<div style=\"height:10px\" aria-hidden=\"true\" class=\"wp-block-spacer\"><\/div>\n\n\n\n<p>Mittels Intel AMT-Technologie steuern Sie PCs und Server auch dann, wenn diese ausgeschaltet oder nicht \u00fcber das Betriebssystem erreichbar sind. Der integrierte Remote Desktop funktioniert sogar in der Windows-Rettungsumgebung und erlaubt schnelle Probleml\u00f6sungen, wie etwa das Entfernen defekter Treiber oder fehlerhafter Updates.<\/p>\n<\/div>\n<\/div>\n\n\n\n<div style=\"height:50px\" aria-hidden=\"true\" class=\"wp-block-spacer\"><\/div>\n\n\n\n<h3 class=\"wp-block-heading\" id=\"Abschnitt:-Produktbeschreibung\">Hauptfunktionen:<\/h3>\n\n\n\n<ul class=\"wp-block-list\">\n<li><strong>Monitoring in Echtzeit<\/strong> \u2013 Erkennen von Problemen, bevor sie entstehen<\/li>\n\n\n\n<li><strong>Automatisierte Aufgaben<\/strong> \u2013 Updates, Skripte und Wartungen remote ausf\u00fchren<\/li>\n\n\n\n<li><strong>Berichte &amp; Protokolle<\/strong> \u2013 Transparente IT-Dokumentation per Klick<\/li>\n\n\n\n<li><strong>Remote Desktop<\/strong> \u2013 Sicheren Zugriff auf PCs und Server, jederzeit und \u00fcberall<\/li>\n\n\n\n<li><strong>Sicherheitsfunktionen<\/strong> \u2013 Malware-Erkennung, Patch-Status und Verschl\u00fcsselungskontrolle<\/li>\n\n\n\n<li><strong>Cloudbasiert<\/strong> \u2013 Keine lokale Infrastruktur notwendig, sofort einsatzbereit<\/li>\n<\/ul>\n\n\n\n<h4 class=\"wp-block-heading\"> Alleinstellungsmerkmale (USPs)<\/h4>\n\n\n\n<ul class=\"wp-block-list\">\n<li><strong>INTEL AMT Unterst\u00fctzung: <\/strong>Die einzige Software, die dank der Unterst\u00fctzung f\u00fcr INTEL AMT tote oder ausgeschaltete Systeme starten und verwalten kann<\/li>\n\n\n\n<li><strong>Deutsche Cloud<\/strong> \u2013 DSGVO-konform, h\u00f6chste Sicherheitsstandards<\/li>\n\n\n\n<li><strong>Schnelle Einrichtung<\/strong> \u2013 In nur wenigen Minuten startklar<\/li>\n\n\n\n<li><strong>Kosteneffizienz<\/strong> \u2013 Kein eigener Server, keine Wartungskosten<\/li>\n\n\n\n<li><strong>Einfaches IT-Management<\/strong> \u2013 F\u00fcr Dienstleister und Unternehmen jeder Gr\u00f6\u00dfe<\/li>\n\n\n\n<li><strong>IONOS-Partnerschaft<\/strong> \u2013 Verl\u00e4sslicher Betrieb und Support<\/li>\n<\/ul>\n\n\n\n<div style=\"height:50px\" aria-hidden=\"true\" class=\"wp-block-spacer\"><\/div>\n\n\n\n<h3 class=\"wp-block-heading has-text-align-center\">Jetzt durchstarten mit O&amp;O Syspectr!<\/h3>\n\n\n\n<p class=\"has-text-align-center\">Testen Sie die leistungsstarke RMM-L\u00f6sung noch heute \u2013 schnell, sicher und kosteng\u00fcnstig.<\/p>\n\n\n\n<div class=\"syspectr-cta-green-buttons\">\n     <a class=\"syspectr-cta-green-button\" href=\"https:\/\/app.syspectr.com\/de\/account\/signup?aff=www\">\nJetzt testen!<\/a>\n<\/div>\n\n\n\n<div style=\"height:50px\" aria-hidden=\"true\" class=\"wp-block-spacer\"><\/div>\n\n\n\n<p><\/p>\n","protected":false},"excerpt":{"rendered":"<p>O&amp;O Syspectr \u2013 Ihr RMM aus der deutschen Cloud Gemeinsam mit unserem Partner IONOS bieten wir Ihnen eine einfache RMM-L\u00f6sung aus der deutschen Cloud: Try it now! \u00dcber O&amp;O Syspectr O&amp;O Syspectr ist die einfache, webbasierte Remote Monitoring &amp; Management &hellip; <a href=\"https:\/\/www.syspectr.com\/de\/startnow\">Continue reading <span class=\"meta-nav\">&rarr;<\/span><\/a><\/p>\n","protected":false},"author":2,"featured_media":0,"parent":0,"menu_order":0,"comment_status":"closed","ping_status":"closed","template":"","meta":{"footnotes":""},"class_list":["post-9367","page","type-page","status-publish","hentry"],"yoast_head":"<!-- This site is optimized with the Yoast SEO plugin v25.1 - https:\/\/yoast.com\/wordpress\/plugins\/seo\/ -->\n<title>O&amp;O Syspectr \u2013 Ihr RMM aus der deutschen Cloud - O&amp;O Syspectr<\/title>\n<meta name=\"robots\" content=\"index, follow, max-snippet:-1, max-image-preview:large, max-video-preview:-1\" \/>\n<link rel=\"canonical\" href=\"https:\/\/www.syspectr.com\/de\/startnow\" \/>\n<meta property=\"og:locale\" content=\"de_DE\" \/>\n<meta property=\"og:type\" content=\"article\" \/>\n<meta property=\"og:title\" content=\"O&amp;O Syspectr \u2013 Ihr RMM aus der deutschen Cloud - O&amp;O Syspectr\" \/>\n<meta property=\"og:description\" content=\"O&amp;O Syspectr \u2013 Ihr RMM aus der deutschen Cloud Gemeinsam mit unserem Partner IONOS bieten wir Ihnen eine einfache RMM-L\u00f6sung aus der deutschen Cloud: Try it now! \u00dcber O&amp;O Syspectr O&amp;O Syspectr ist die einfache, webbasierte Remote Monitoring &amp; Management &hellip; Continue reading &rarr;\" \/>\n<meta property=\"og:url\" content=\"https:\/\/www.syspectr.com\/de\/startnow\" \/>\n<meta property=\"og:site_name\" content=\"O&amp;O Syspectr\" \/>\n<meta property=\"article:publisher\" content=\"https:\/\/www.facebook.com\/OOSoftware\" \/>\n<meta property=\"article:modified_time\" content=\"2025-10-07T13:46:15+00:00\" \/>\n<meta property=\"og:image\" content=\"https:\/\/www.syspectr.com\/wp-content\/uploads\/logo.png\" \/>\n\t<meta property=\"og:image:width\" content=\"1200\" \/>\n\t<meta property=\"og:image:height\" content=\"1200\" \/>\n\t<meta property=\"og:image:type\" content=\"image\/png\" \/>\n<meta name=\"twitter:card\" content=\"summary_large_image\" \/>\n<meta name=\"twitter:site\" content=\"@syspectr\" \/>\n<meta name=\"twitter:label1\" content=\"Gesch\u00e4tzte Lesezeit\" \/>\n\t<meta name=\"twitter:data1\" content=\"2\u00a0Minuten\" \/>\n<script type=\"application\/ld+json\" class=\"yoast-schema-graph\">{\"@context\":\"https:\/\/schema.org\",\"@graph\":[{\"@type\":\"WebPage\",\"@id\":\"https:\/\/www.syspectr.com\/de\/startnow\",\"url\":\"https:\/\/www.syspectr.com\/de\/startnow\",\"name\":\"O&amp;O Syspectr \u2013 Ihr RMM aus der deutschen Cloud - O&amp;O Syspectr\",\"isPartOf\":{\"@id\":\"https:\/\/www.syspectr.com\/de#website\"},\"datePublished\":\"2025-09-22T10:28:23+00:00\",\"dateModified\":\"2025-10-07T13:46:15+00:00\",\"breadcrumb\":{\"@id\":\"https:\/\/www.syspectr.com\/de\/startnow#breadcrumb\"},\"inLanguage\":\"de\",\"potentialAction\":[{\"@type\":\"ReadAction\",\"target\":[\"https:\/\/www.syspectr.com\/de\/startnow\"]}]},{\"@type\":\"BreadcrumbList\",\"@id\":\"https:\/\/www.syspectr.com\/de\/startnow#breadcrumb\",\"itemListElement\":[{\"@type\":\"ListItem\",\"position\":1,\"name\":\"Home\",\"item\":\"https:\/\/oodev-www.syspectr.com\/de\"},{\"@type\":\"ListItem\",\"position\":2,\"name\":\"O&amp;O Syspectr \u2013 Ihr RMM aus der deutschen Cloud\"}]},{\"@type\":\"WebSite\",\"@id\":\"https:\/\/www.syspectr.com\/de#website\",\"url\":\"https:\/\/www.syspectr.com\/de\",\"name\":\"O&amp;O Syspectr\",\"description\":\"Managen und \u00fcberwachen Sie Ihr Netzwerk. Jederzeit. \u00dcberall.\",\"publisher\":{\"@id\":\"https:\/\/www.syspectr.com\/de#organization\"},\"potentialAction\":[{\"@type\":\"SearchAction\",\"target\":{\"@type\":\"EntryPoint\",\"urlTemplate\":\"https:\/\/www.syspectr.com\/de?s={search_term_string}\"},\"query-input\":{\"@type\":\"PropertyValueSpecification\",\"valueRequired\":true,\"valueName\":\"search_term_string\"}}],\"inLanguage\":\"de\"},{\"@type\":\"Organization\",\"@id\":\"https:\/\/www.syspectr.com\/de#organization\",\"name\":\"O&O Software GmbH\",\"url\":\"https:\/\/www.syspectr.com\/de\",\"logo\":{\"@type\":\"ImageObject\",\"inLanguage\":\"de\",\"@id\":\"https:\/\/www.syspectr.com\/de#\/schema\/logo\/image\/\",\"url\":\"https:\/\/oodev-www.syspectr.com\/wp-content\/uploads\/logo.png\",\"contentUrl\":\"https:\/\/oodev-www.syspectr.com\/wp-content\/uploads\/logo.png\",\"width\":1200,\"height\":1200,\"caption\":\"O&O Software GmbH\"},\"image\":{\"@id\":\"https:\/\/www.syspectr.com\/de#\/schema\/logo\/image\/\"},\"sameAs\":[\"https:\/\/www.facebook.com\/OOSoftware\",\"https:\/\/x.com\/syspectr\",\"https:\/\/ca.linkedin.com\/company\/o&amp;o-software-gmbh\",\"https:\/\/www.youtube.com\/user\/oosoftw\"]}]}<\/script>\n<!-- \/ Yoast SEO plugin. -->","yoast_head_json":{"title":"O&amp;O Syspectr \u2013 Ihr RMM aus der deutschen Cloud - O&amp;O Syspectr","robots":{"index":"index","follow":"follow","max-snippet":"max-snippet:-1","max-image-preview":"max-image-preview:large","max-video-preview":"max-video-preview:-1"},"canonical":"https:\/\/www.syspectr.com\/de\/startnow","og_locale":"de_DE","og_type":"article","og_title":"O&amp;O Syspectr \u2013 Ihr RMM aus der deutschen Cloud - O&amp;O Syspectr","og_description":"O&amp;O Syspectr \u2013 Ihr RMM aus der deutschen Cloud Gemeinsam mit unserem Partner IONOS bieten wir Ihnen eine einfache RMM-L\u00f6sung aus der deutschen Cloud: Try it now! \u00dcber O&amp;O Syspectr O&amp;O Syspectr ist die einfache, webbasierte Remote Monitoring &amp; Management &hellip; Continue reading &rarr;","og_url":"https:\/\/www.syspectr.com\/de\/startnow","og_site_name":"O&amp;O Syspectr","article_publisher":"https:\/\/www.facebook.com\/OOSoftware","article_modified_time":"2025-10-07T13:46:15+00:00","og_image":[{"width":1200,"height":1200,"url":"https:\/\/www.syspectr.com\/wp-content\/uploads\/logo.png","type":"image\/png"}],"twitter_card":"summary_large_image","twitter_site":"@syspectr","twitter_misc":{"Gesch\u00e4tzte Lesezeit":"2\u00a0Minuten"},"schema":{"@context":"https:\/\/schema.org","@graph":[{"@type":"WebPage","@id":"https:\/\/www.syspectr.com\/de\/startnow","url":"https:\/\/www.syspectr.com\/de\/startnow","name":"O&amp;O Syspectr \u2013 Ihr RMM aus der deutschen Cloud - O&amp;O Syspectr","isPartOf":{"@id":"https:\/\/www.syspectr.com\/de#website"},"datePublished":"2025-09-22T10:28:23+00:00","dateModified":"2025-10-07T13:46:15+00:00","breadcrumb":{"@id":"https:\/\/www.syspectr.com\/de\/startnow#breadcrumb"},"inLanguage":"de","potentialAction":[{"@type":"ReadAction","target":["https:\/\/www.syspectr.com\/de\/startnow"]}]},{"@type":"BreadcrumbList","@id":"https:\/\/www.syspectr.com\/de\/startnow#breadcrumb","itemListElement":[{"@type":"ListItem","position":1,"name":"Home","item":"https:\/\/oodev-www.syspectr.com\/de"},{"@type":"ListItem","position":2,"name":"O&amp;O Syspectr \u2013 Ihr RMM aus der deutschen Cloud"}]},{"@type":"WebSite","@id":"https:\/\/www.syspectr.com\/de#website","url":"https:\/\/www.syspectr.com\/de","name":"O&amp;O Syspectr","description":"Managen und \u00fcberwachen Sie Ihr Netzwerk. Jederzeit. \u00dcberall.","publisher":{"@id":"https:\/\/www.syspectr.com\/de#organization"},"potentialAction":[{"@type":"SearchAction","target":{"@type":"EntryPoint","urlTemplate":"https:\/\/www.syspectr.com\/de?s={search_term_string}"},"query-input":{"@type":"PropertyValueSpecification","valueRequired":true,"valueName":"search_term_string"}}],"inLanguage":"de"},{"@type":"Organization","@id":"https:\/\/www.syspectr.com\/de#organization","name":"O&O Software GmbH","url":"https:\/\/www.syspectr.com\/de","logo":{"@type":"ImageObject","inLanguage":"de","@id":"https:\/\/www.syspectr.com\/de#\/schema\/logo\/image\/","url":"https:\/\/oodev-www.syspectr.com\/wp-content\/uploads\/logo.png","contentUrl":"https:\/\/oodev-www.syspectr.com\/wp-content\/uploads\/logo.png","width":1200,"height":1200,"caption":"O&O Software GmbH"},"image":{"@id":"https:\/\/www.syspectr.com\/de#\/schema\/logo\/image\/"},"sameAs":["https:\/\/www.facebook.com\/OOSoftware","https:\/\/x.com\/syspectr","https:\/\/ca.linkedin.com\/company\/o&amp;o-software-gmbh","https:\/\/www.youtube.com\/user\/oosoftw"]}]}},"publishpress_future_action":{"enabled":false,"date":"2026-05-06 15:14:48","action":"change-status","newStatus":"draft","terms":[],"taxonomy":"translation_priority"},"publishpress_future_workflow_manual_trigger":{"enabledWorkflows":[]},"_links":{"self":[{"href":"https:\/\/www.syspectr.com\/de\/wp-json\/wp\/v2\/pages\/9367","targetHints":{"allow":["GET"]}}],"collection":[{"href":"https:\/\/www.syspectr.com\/de\/wp-json\/wp\/v2\/pages"}],"about":[{"href":"https:\/\/www.syspectr.com\/de\/wp-json\/wp\/v2\/types\/page"}],"author":[{"embeddable":true,"href":"https:\/\/www.syspectr.com\/de\/wp-json\/wp\/v2\/users\/2"}],"replies":[{"embeddable":true,"href":"https:\/\/www.syspectr.com\/de\/wp-json\/wp\/v2\/comments?post=9367"}],"version-history":[{"count":26,"href":"https:\/\/www.syspectr.com\/de\/wp-json\/wp\/v2\/pages\/9367\/revisions"}],"predecessor-version":[{"id":9415,"href":"https:\/\/www.syspectr.com\/de\/wp-json\/wp\/v2\/pages\/9367\/revisions\/9415"}],"wp:attachment":[{"href":"https:\/\/www.syspectr.com\/de\/wp-json\/wp\/v2\/media?parent=9367"}],"curies":[{"name":"wp","href":"https:\/\/api.w.org\/{rel}","templated":true}]}}