{"id":5822,"date":"2023-02-08T12:36:13","date_gmt":"2023-02-08T10:36:13","guid":{"rendered":"https:\/\/oodev-www.syspectr.com\/garder-un-oeil-sur-les-pc-et-les-serveurs-ou-que-vous-soyez"},"modified":"2026-03-13T07:53:44","modified_gmt":"2026-03-13T05:53:44","slug":"garder-un-oeil-sur-les-pc-et-les-serveurs-ou-que-vous-soyez-2-2","status":"publish","type":"page","link":"https:\/\/www.syspectr.com\/fr","title":{"rendered":"Garder un \u0153il sur les PC et les serveurs. O\u00f9 que vous soyez."},"content":{"rendered":"\n<div style=\"height:50px\" aria-hidden=\"true\" class=\"wp-block-spacer\"><\/div>\n\n\n<div class=\"wp-block-image\">\n<figure class=\"aligncenter size-full is-resized\"><img loading=\"lazy\" decoding=\"async\" width=\"1386\" height=\"816\" src=\"https:\/\/www.syspectr.com\/wp-content\/uploads\/syspectrWeb5_498_syspEdit_12_25_030_003.png\" alt=\"O&amp;O Syspectr\" class=\"wp-image-9518\" style=\"width:626px\"\/><\/figure><\/div>\n\n\n<h2 class=\"wp-block-heading has-text-align-center\" style=\"font-size:38px\">Toujours capable d\u2019agir m\u00eame <br><strong>si votre RMM a d\u00e9j\u00e0 abandonn\u00e9<\/strong><\/h2>\n\n\n\n<p class=\"has-text-align-center has-small-font-size\"><\/p>\n\n\n\n<div style=\"height:50px\" aria-hidden=\"true\" class=\"wp-block-spacer\"><\/div>\n\n\n\n<div class=\"wp-block-columns is-layout-flex wp-container-core-columns-is-layout-9d6595d7 wp-block-columns-is-layout-flex\">\n<div class=\"wp-block-column is-vertically-aligned-top is-layout-flow wp-block-column-is-layout-flow\" style=\"flex-basis:66.66%\">\n<ul style=\"line-height:1.5; font-size:20px; list-style:none; padding-left:0;\">\n<li>\n<img decoding=\"async\" src=\"\/wp-content\/uploads\/yes_list.png\" alt=\"Icon\" style=\"height:17px; vertical-align:middle;\"> \n<b>Acc\u00e8s d\u2019urgence \u00e0 tout appareil<\/b> \u2013 m\u00eame si Windows ne d\u00e9marre plus\n<\/li>\n\n<li>\n<img decoding=\"async\" src=\"\/wp-content\/uploads\/yes_list.png\" alt=\"Icon\" style=\"height:17px; vertical-align:middle;\"> \n<b>R\u00e9silience en cas de panne syst\u00e8me<\/b> \u2013 r\u00e9cup\u00e9ration \u00e0 distance des PC et des serveurs\n<\/li>\n\n<li>\n<img decoding=\"async\" src=\"\/wp-content\/uploads\/yes_list.png\" alt=\"Icon\" style=\"height:17px; vertical-align:middle;\"> \n<b>Restauration rapide<\/b> \u2013 reprise apr\u00e8s sinistre personnalis\u00e9e et automatis\u00e9e\n<\/li>\n<\/ul>\n<\/div>\n\n\n\n<div class=\"wp-block-column is-vertically-aligned-center is-layout-flow wp-block-column-is-layout-flow\" style=\"flex-basis:33.33%\">\n<div class=\"wp-block-buttons is-layout-flex wp-block-buttons-is-layout-flex\">\n<div class=\"wp-block-button has-custom-width wp-block-button__width-100\"><a class=\"wp-block-button__link has-background wp-element-button\" href=\"https:\/\/app.syspectr.com\/en\/account\/signup?aff=www\" style=\"border-radius:12px;background-color:#72b15a\" target=\"_blank\" rel=\"noreferrer noopener\">Essayez !<\/a><\/div>\n<\/div>\n<\/div>\n<\/div>\n\n\n\n<div style=\"height:100px\" aria-hidden=\"true\" class=\"wp-block-spacer\"><\/div>\n\n\n\n<div style=\"height:100px\" aria-hidden=\"true\" class=\"wp-block-spacer\"><\/div>\n\n\n\n<div class=\"wp-block-columns is-layout-flex wp-container-core-columns-is-layout-9d6595d7 wp-block-columns-is-layout-flex\">\n<div class=\"wp-block-column is-layout-flow wp-block-column-is-layout-flow\">\n<figure class=\"wp-block-image size-full is-resized\"><img loading=\"lazy\" decoding=\"async\" width=\"241\" height=\"235\" src=\"\/wp-content\/uploads\/syspWeb4_feat1.png\" alt=\"\" class=\"wp-image-6576\" style=\"width:121px;height:118px\"\/><\/figure>\n\n\n\n<p><strong>Installation simple<\/strong><\/p>\n\n\n\n<p>L\u2019installation est tr\u00e8s rapide et se fait en 5 minutes : il suffit de se connecter, de t\u00e9l\u00e9charger le client, de l\u2019installer et le tour est jou\u00e9 ! Fonctionne avec tous les PC Windows actuels, les serveurs et, bien s\u00fbr, les machines virtuelles.<\/p>\n<\/div>\n\n\n\n<div class=\"wp-block-column is-layout-flow wp-block-column-is-layout-flow\">\n<figure class=\"wp-block-image size-full is-resized\"><img loading=\"lazy\" decoding=\"async\" width=\"241\" height=\"235\" src=\"\/wp-content\/uploads\/syspWeb4_feat2.png\" alt=\"\" class=\"wp-image-6583\" style=\"width:121px;height:118px\"\/><\/figure>\n\n\n\n<p><strong>Disponible \u00e0 tout moment et en tout lieu<\/strong><\/p>\n\n\n\n<p>Utilisez votre navigateur pour y acc\u00e9der de n\u2019importe o\u00f9. Gardez tout sous les yeux et contr\u00f4lez vos syst\u00e8mes en toute simplicit\u00e9 \u00e0 partir de votre tablette PC ou de votre smartphone.<\/p>\n<\/div>\n\n\n\n<div class=\"wp-block-column is-layout-flow wp-block-column-is-layout-flow\">\n<figure class=\"wp-block-image size-full is-resized\"><img loading=\"lazy\" decoding=\"async\" width=\"241\" height=\"235\" src=\"\/wp-content\/uploads\/syspWeb4_feat3.png\" alt=\"\" class=\"wp-image-6586\" style=\"width:121px;height:118px\"\/><\/figure>\n\n\n\n<p><strong>Aucune infrastructure suppl\u00e9mentaire n\u2019est n\u00e9cessaire<\/strong><\/p>\n\n\n\n<p>O&amp;O Syspectr fonctionne dans notre centre de donn\u00e9es s\u00e9curis\u00e9 en Allemagne. Nous fournissons tout, vous n\u2019avez donc pas besoin de votre propre serveur. Pas d\u2019installation non plus. Tout ce dont vous avez besoin pour commencer, c\u2019est d\u2019une connexion internet !<\/p>\n<\/div>\n<\/div>\n\n\n\n<div style=\"height:100px\" aria-hidden=\"true\" class=\"wp-block-spacer\"><\/div>\n\n\n\n<div class=\"wp-block-columns is-layout-flex wp-container-core-columns-is-layout-9d6595d7 wp-block-columns-is-layout-flex\">\n<div class=\"wp-block-column is-layout-flow wp-block-column-is-layout-flow\">\n<figure class=\"wp-block-image size-full is-resized\"><img loading=\"lazy\" decoding=\"async\" width=\"241\" height=\"235\" src=\"\/wp-content\/uploads\/syspWeb4_feat4.png\" alt=\"\" class=\"wp-image-6589\" style=\"width:121px;height:118px\"\/><\/figure>\n\n\n\n<p><strong>Bureau \u00e0 distance int\u00e9gr\u00e9<\/strong><\/p>\n\n\n\n<p>Utilisez votre navigateur pour vous connecter \u00e0 vos PC et serveurs gr\u00e2ce au bureau \u00e0 distance int\u00e9gr\u00e9. Fournissez une assistance \u00e0 vos utilisateurs, o\u00f9 qu\u2019ils se trouvent.<\/p>\n<\/div>\n\n\n\n<div class=\"wp-block-column is-layout-flow wp-block-column-is-layout-flow\">\n<figure class=\"wp-block-image size-full is-resized\"><img loading=\"lazy\" decoding=\"async\" width=\"268\" height=\"176\" src=\"\/wp-content\/uploads\/syspWebAMTillus_illu3.png\" alt=\"\" class=\"wp-image-7416\" style=\"width:119px;height:79px\"\/><\/figure>\n\n\n\n<div style=\"height:39px\" aria-hidden=\"true\" class=\"wp-block-spacer\"><\/div>\n\n\n\n<p><strong>Int\u00e9gration Intel vPro<\/strong><\/p>\n\n\n\n<p>L\u2019int\u00e9gration avec Intel vPro permet des fonctions avanc\u00e9es telles que le provisionnement automatique des machines, le d\u00e9marrage et la gestion des p\u00e9riph\u00e9riques hors bande, et le r\u00e9veil des machines \u00e0 des heures d\u00e9finies.<\/p>\n<\/div>\n\n\n\n<div class=\"wp-block-column is-layout-flow wp-block-column-is-layout-flow\">\n<figure class=\"wp-block-image size-full is-resized\"><img loading=\"lazy\" decoding=\"async\" width=\"240\" height=\"231\" src=\"\/wp-content\/uploads\/Bild-3.png\" alt=\"\" class=\"wp-image-8285\" style=\"width:120px;height:116px\"\/><\/figure>\n\n\n\n<p><strong>Bureau \u00e0 distance int\u00e9gr\u00e9<\/strong><\/p>\n\n\n\n<p>Utilisez votre navigateur pour vous connecter \u00e0 vos PC et serveurs gr\u00e2ce au bureau \u00e0 distance int\u00e9gr\u00e9. Fournissez une assistance \u00e0 vos utilisateurs, o\u00f9 qu\u2019ils se trouvent.<\/p>\n<\/div>\n<\/div>\n\n\n\n<div style=\"height:100px\" aria-hidden=\"true\" class=\"wp-block-spacer\"><\/div>\n\n\n\n<h2 class=\"wp-block-heading\">Une premi\u00e8re mondiale : la reprise apr\u00e8s sinistre \u00e0 distance pour les administrateurs IT<\/h2>\n\n\n\n<div style=\"height:40px\" aria-hidden=\"true\" class=\"wp-block-spacer\"><\/div>\n\n\n\n<div class=\"wp-block-columns are-vertically-aligned-center is-layout-flex wp-container-core-columns-is-layout-9d6595d7 wp-block-columns-is-layout-flex\">\n<div class=\"wp-block-column is-vertically-aligned-center is-layout-flow wp-block-column-is-layout-flow\">\n<p>Lorsque des PC ou des serveurs ne d\u00e9marrent plus, les outils RMM et de gestion traditionnels deviennent inefficaces pr\u00e9cis\u00e9ment au moment o\u00f9 ils sont le plus n\u00e9cessaires. Avec O&amp;O, les administrateurs IT et les MSP conservent toutefois l\u2019acc\u00e8s aux syst\u00e8mes concern\u00e9s \u2013 m\u00eame en cas de probl\u00e8mes de d\u00e9marrage ou de panne compl\u00e8te du syst\u00e8me.<\/p>\n\n\n\n<p>Les appareils peuvent \u00eatre analys\u00e9s, r\u00e9par\u00e9s et restaur\u00e9s \u00e0 distance, sans qu\u2019une intervention sur site ne soit n\u00e9cessaire. Les \u00e9quipes informatiques restent ainsi op\u00e9rationnelles m\u00eame dans les pires situations, ce qui r\u00e9duit les temps d\u2019arr\u00eat et acc\u00e9l\u00e8re consid\u00e9rablement la restauration des syst\u00e8mes.<\/p>\n<\/div>\n\n\n\n<div class=\"wp-block-column is-vertically-aligned-center is-layout-flow wp-block-column-is-layout-flow\">\n<figure class=\"wp-block-image size-full is-style-default\"><img loading=\"lazy\" decoding=\"async\" width=\"1110\" height=\"710\" src=\"\/wp-content\/uploads\/oosys_web_oobc_en.png\" alt=\"\" class=\"wp-image-8916\" style=\"object-fit:cover\"\/><\/figure>\n<\/div>\n<\/div>\n\n\n\n<div style=\"height:50px\" aria-hidden=\"true\" class=\"wp-block-spacer\"><\/div>\n\n\n\n<p class=\"has-text-align-center\" style=\"font-size:16px\">Voulez-vous essayer O&amp;O Syspectr ? Pas de probl\u00e8me ! <\/p>\n\n\n\n<div style=\"height:35px\" aria-hidden=\"true\" class=\"wp-block-spacer\"><\/div>\n\n\n\n<div class=\"syspectr-cta-green-buttons\">\n     <a class=\"syspectr-cta-green-button\" href=\"https:\/\/app.syspectr.com\/fr\/account\/signup?aff=www\">\nEssayez maintenant!<\/a>\n<\/div>\n\n\n\n<div style=\"height:40px\" aria-hidden=\"true\" class=\"wp-block-spacer\"><\/div>\n\n\n\n<p class=\"has-text-align-center\" style=\"font-size:16px\">D&rsquo;ailleurs, vous pouvez g\u00e9rer jusqu&rsquo;\u00e0 10 ordinateurs gratuitement !<\/p>\n\n\n\n<div style=\"height:60px\" aria-hidden=\"true\" class=\"wp-block-spacer\"><\/div>\n\n\n\n<p><\/p>\n","protected":false},"excerpt":{"rendered":"<p>Toujours capable d\u2019agir m\u00eame si votre RMM a d\u00e9j\u00e0 abandonn\u00e9 Acc\u00e8s d\u2019urgence \u00e0 tout appareil \u2013 m\u00eame si Windows ne d\u00e9marre plus R\u00e9silience en cas de panne syst\u00e8me \u2013 r\u00e9cup\u00e9ration \u00e0 distance des PC et des serveurs Restauration rapide \u2013 &hellip; <a href=\"https:\/\/www.syspectr.com\/fr\">Continue reading <span class=\"meta-nav\">&rarr;<\/span><\/a><\/p>\n","protected":false},"author":15,"featured_media":0,"parent":0,"menu_order":0,"comment_status":"closed","ping_status":"closed","template":"","meta":{"footnotes":""},"class_list":["post-5822","page","type-page","status-publish","hentry"],"yoast_head":"<!-- This site is optimized with the Yoast SEO plugin v25.1 - https:\/\/yoast.com\/wordpress\/plugins\/seo\/ -->\n<title>Garder un \u0153il sur les PC et les serveurs. O\u00f9 que vous soyez. - O&amp;O Syspectr<\/title>\n<meta name=\"description\" content=\"Surveillance et gestion \u00e0 distance pour Windows, en toute simplicit\u00e9. Installation simple. Disponible \u00e0 tout moment et en tout lieu.\" \/>\n<meta name=\"robots\" content=\"index, follow, max-snippet:-1, max-image-preview:large, max-video-preview:-1\" \/>\n<link rel=\"canonical\" href=\"https:\/\/www.syspectr.com\/fr\" \/>\n<meta property=\"og:locale\" content=\"fr_FR\" \/>\n<meta property=\"og:type\" content=\"article\" \/>\n<meta property=\"og:title\" content=\"Garder un \u0153il sur les PC et les serveurs. O\u00f9 que vous soyez. - O&amp;O Syspectr\" \/>\n<meta property=\"og:description\" content=\"Surveillance et gestion \u00e0 distance pour Windows, en toute simplicit\u00e9. Installation simple. Disponible \u00e0 tout moment et en tout lieu.\" \/>\n<meta property=\"og:url\" content=\"https:\/\/www.syspectr.com\/fr\" \/>\n<meta property=\"og:site_name\" content=\"O&amp;O Syspectr\" \/>\n<meta property=\"article:publisher\" content=\"https:\/\/www.facebook.com\/OOSoftware\" \/>\n<meta property=\"article:modified_time\" content=\"2026-03-13T05:53:44+00:00\" \/>\n<meta property=\"og:image\" content=\"https:\/\/www.syspectr.com\/wp-content\/uploads\/syspectrWeb5_498_syspEdit_12_25_030_003.png\" \/>\n\t<meta property=\"og:image:width\" content=\"1386\" \/>\n\t<meta property=\"og:image:height\" content=\"816\" \/>\n\t<meta property=\"og:image:type\" content=\"image\/png\" \/>\n<meta name=\"twitter:card\" content=\"summary_large_image\" \/>\n<meta name=\"twitter:site\" content=\"@syspectr\" \/>\n<meta name=\"twitter:label1\" content=\"Dur\u00e9e de lecture estim\u00e9e\" \/>\n\t<meta name=\"twitter:data1\" content=\"2 minutes\" \/>\n<script type=\"application\/ld+json\" class=\"yoast-schema-graph\">{\"@context\":\"https:\/\/schema.org\",\"@graph\":[{\"@type\":\"WebPage\",\"@id\":\"https:\/\/www.syspectr.com\/fr\",\"url\":\"https:\/\/www.syspectr.com\/fr\",\"name\":\"Garder un \u0153il sur les PC et les serveurs. O\u00f9 que vous soyez. - O&amp;O Syspectr\",\"isPartOf\":{\"@id\":\"https:\/\/www.syspectr.com\/fr#website\"},\"primaryImageOfPage\":{\"@id\":\"https:\/\/www.syspectr.com\/fr#primaryimage\"},\"image\":{\"@id\":\"https:\/\/www.syspectr.com\/fr#primaryimage\"},\"thumbnailUrl\":\"https:\/\/www.syspectr.com\/wp-content\/uploads\/syspectrWeb5_498_syspEdit_12_25_030_003.png\",\"datePublished\":\"2023-02-08T10:36:13+00:00\",\"dateModified\":\"2026-03-13T05:53:44+00:00\",\"description\":\"Surveillance et gestion \u00e0 distance pour Windows, en toute simplicit\u00e9. Installation simple. Disponible \u00e0 tout moment et en tout lieu.\",\"breadcrumb\":{\"@id\":\"https:\/\/www.syspectr.com\/fr#breadcrumb\"},\"inLanguage\":\"fr-FR\",\"potentialAction\":[{\"@type\":\"ReadAction\",\"target\":[\"https:\/\/www.syspectr.com\/fr\"]}]},{\"@type\":\"ImageObject\",\"inLanguage\":\"fr-FR\",\"@id\":\"https:\/\/www.syspectr.com\/fr#primaryimage\",\"url\":\"https:\/\/www.syspectr.com\/wp-content\/uploads\/syspectrWeb5_498_syspEdit_12_25_030_003.png\",\"contentUrl\":\"https:\/\/www.syspectr.com\/wp-content\/uploads\/syspectrWeb5_498_syspEdit_12_25_030_003.png\"},{\"@type\":\"BreadcrumbList\",\"@id\":\"https:\/\/www.syspectr.com\/fr#breadcrumb\",\"itemListElement\":[{\"@type\":\"ListItem\",\"position\":1,\"name\":\"Home\",\"item\":\"https:\/\/oodev-www.syspectr.com\/fr\"},{\"@type\":\"ListItem\",\"position\":2,\"name\":\"Garder un \u0153il sur les PC et les serveurs. O\u00f9 que vous soyez.\"}]},{\"@type\":\"WebSite\",\"@id\":\"https:\/\/www.syspectr.com\/fr#website\",\"url\":\"https:\/\/www.syspectr.com\/fr\",\"name\":\"O&amp;O Syspectr\",\"description\":\"Manage and monitor your network. Anytime. Anywhere.\",\"publisher\":{\"@id\":\"https:\/\/www.syspectr.com\/fr#organization\"},\"potentialAction\":[{\"@type\":\"SearchAction\",\"target\":{\"@type\":\"EntryPoint\",\"urlTemplate\":\"https:\/\/www.syspectr.com\/fr?s={search_term_string}\"},\"query-input\":{\"@type\":\"PropertyValueSpecification\",\"valueRequired\":true,\"valueName\":\"search_term_string\"}}],\"inLanguage\":\"fr-FR\"},{\"@type\":\"Organization\",\"@id\":\"https:\/\/www.syspectr.com\/fr#organization\",\"name\":\"O&O Software GmbH\",\"url\":\"https:\/\/www.syspectr.com\/fr\",\"logo\":{\"@type\":\"ImageObject\",\"inLanguage\":\"fr-FR\",\"@id\":\"https:\/\/www.syspectr.com\/fr#\/schema\/logo\/image\/\",\"url\":\"https:\/\/oodev-www.syspectr.com\/wp-content\/uploads\/logo.png\",\"contentUrl\":\"https:\/\/oodev-www.syspectr.com\/wp-content\/uploads\/logo.png\",\"width\":1200,\"height\":1200,\"caption\":\"O&O Software GmbH\"},\"image\":{\"@id\":\"https:\/\/www.syspectr.com\/fr#\/schema\/logo\/image\/\"},\"sameAs\":[\"https:\/\/www.facebook.com\/OOSoftware\",\"https:\/\/x.com\/syspectr\",\"https:\/\/ca.linkedin.com\/company\/o&amp;o-software-gmbh\",\"https:\/\/www.youtube.com\/user\/oosoftw\"]}]}<\/script>\n<!-- \/ Yoast SEO plugin. -->","yoast_head_json":{"title":"Garder un \u0153il sur les PC et les serveurs. O\u00f9 que vous soyez. - O&amp;O Syspectr","description":"Surveillance et gestion \u00e0 distance pour Windows, en toute simplicit\u00e9. Installation simple. Disponible \u00e0 tout moment et en tout lieu.","robots":{"index":"index","follow":"follow","max-snippet":"max-snippet:-1","max-image-preview":"max-image-preview:large","max-video-preview":"max-video-preview:-1"},"canonical":"https:\/\/www.syspectr.com\/fr","og_locale":"fr_FR","og_type":"article","og_title":"Garder un \u0153il sur les PC et les serveurs. O\u00f9 que vous soyez. - O&amp;O Syspectr","og_description":"Surveillance et gestion \u00e0 distance pour Windows, en toute simplicit\u00e9. Installation simple. Disponible \u00e0 tout moment et en tout lieu.","og_url":"https:\/\/www.syspectr.com\/fr","og_site_name":"O&amp;O Syspectr","article_publisher":"https:\/\/www.facebook.com\/OOSoftware","article_modified_time":"2026-03-13T05:53:44+00:00","og_image":[{"width":1386,"height":816,"url":"https:\/\/www.syspectr.com\/wp-content\/uploads\/syspectrWeb5_498_syspEdit_12_25_030_003.png","type":"image\/png"}],"twitter_card":"summary_large_image","twitter_site":"@syspectr","twitter_misc":{"Dur\u00e9e de lecture estim\u00e9e":"2 minutes"},"schema":{"@context":"https:\/\/schema.org","@graph":[{"@type":"WebPage","@id":"https:\/\/www.syspectr.com\/fr","url":"https:\/\/www.syspectr.com\/fr","name":"Garder un \u0153il sur les PC et les serveurs. O\u00f9 que vous soyez. - O&amp;O Syspectr","isPartOf":{"@id":"https:\/\/www.syspectr.com\/fr#website"},"primaryImageOfPage":{"@id":"https:\/\/www.syspectr.com\/fr#primaryimage"},"image":{"@id":"https:\/\/www.syspectr.com\/fr#primaryimage"},"thumbnailUrl":"https:\/\/www.syspectr.com\/wp-content\/uploads\/syspectrWeb5_498_syspEdit_12_25_030_003.png","datePublished":"2023-02-08T10:36:13+00:00","dateModified":"2026-03-13T05:53:44+00:00","description":"Surveillance et gestion \u00e0 distance pour Windows, en toute simplicit\u00e9. Installation simple. Disponible \u00e0 tout moment et en tout lieu.","breadcrumb":{"@id":"https:\/\/www.syspectr.com\/fr#breadcrumb"},"inLanguage":"fr-FR","potentialAction":[{"@type":"ReadAction","target":["https:\/\/www.syspectr.com\/fr"]}]},{"@type":"ImageObject","inLanguage":"fr-FR","@id":"https:\/\/www.syspectr.com\/fr#primaryimage","url":"https:\/\/www.syspectr.com\/wp-content\/uploads\/syspectrWeb5_498_syspEdit_12_25_030_003.png","contentUrl":"https:\/\/www.syspectr.com\/wp-content\/uploads\/syspectrWeb5_498_syspEdit_12_25_030_003.png"},{"@type":"BreadcrumbList","@id":"https:\/\/www.syspectr.com\/fr#breadcrumb","itemListElement":[{"@type":"ListItem","position":1,"name":"Home","item":"https:\/\/oodev-www.syspectr.com\/fr"},{"@type":"ListItem","position":2,"name":"Garder un \u0153il sur les PC et les serveurs. O\u00f9 que vous soyez."}]},{"@type":"WebSite","@id":"https:\/\/www.syspectr.com\/fr#website","url":"https:\/\/www.syspectr.com\/fr","name":"O&amp;O Syspectr","description":"Manage and monitor your network. Anytime. Anywhere.","publisher":{"@id":"https:\/\/www.syspectr.com\/fr#organization"},"potentialAction":[{"@type":"SearchAction","target":{"@type":"EntryPoint","urlTemplate":"https:\/\/www.syspectr.com\/fr?s={search_term_string}"},"query-input":{"@type":"PropertyValueSpecification","valueRequired":true,"valueName":"search_term_string"}}],"inLanguage":"fr-FR"},{"@type":"Organization","@id":"https:\/\/www.syspectr.com\/fr#organization","name":"O&O Software GmbH","url":"https:\/\/www.syspectr.com\/fr","logo":{"@type":"ImageObject","inLanguage":"fr-FR","@id":"https:\/\/www.syspectr.com\/fr#\/schema\/logo\/image\/","url":"https:\/\/oodev-www.syspectr.com\/wp-content\/uploads\/logo.png","contentUrl":"https:\/\/oodev-www.syspectr.com\/wp-content\/uploads\/logo.png","width":1200,"height":1200,"caption":"O&O Software GmbH"},"image":{"@id":"https:\/\/www.syspectr.com\/fr#\/schema\/logo\/image\/"},"sameAs":["https:\/\/www.facebook.com\/OOSoftware","https:\/\/x.com\/syspectr","https:\/\/ca.linkedin.com\/company\/o&amp;o-software-gmbh","https:\/\/www.youtube.com\/user\/oosoftw"]}]}},"publishpress_future_action":{"enabled":false,"date":"2026-05-08 13:32:59","action":"change-status","newStatus":"draft","terms":[],"taxonomy":"translation_priority"},"publishpress_future_workflow_manual_trigger":{"enabledWorkflows":[]},"_links":{"self":[{"href":"https:\/\/www.syspectr.com\/fr\/wp-json\/wp\/v2\/pages\/5822","targetHints":{"allow":["GET"]}}],"collection":[{"href":"https:\/\/www.syspectr.com\/fr\/wp-json\/wp\/v2\/pages"}],"about":[{"href":"https:\/\/www.syspectr.com\/fr\/wp-json\/wp\/v2\/types\/page"}],"author":[{"embeddable":true,"href":"https:\/\/www.syspectr.com\/fr\/wp-json\/wp\/v2\/users\/15"}],"replies":[{"embeddable":true,"href":"https:\/\/www.syspectr.com\/fr\/wp-json\/wp\/v2\/comments?post=5822"}],"version-history":[{"count":46,"href":"https:\/\/www.syspectr.com\/fr\/wp-json\/wp\/v2\/pages\/5822\/revisions"}],"predecessor-version":[{"id":9580,"href":"https:\/\/www.syspectr.com\/fr\/wp-json\/wp\/v2\/pages\/5822\/revisions\/9580"}],"wp:attachment":[{"href":"https:\/\/www.syspectr.com\/fr\/wp-json\/wp\/v2\/media?parent=5822"}],"curies":[{"name":"wp","href":"https:\/\/api.w.org\/{rel}","templated":true}]}}