{"id":5826,"date":"2023-02-08T13:25:52","date_gmt":"2023-02-08T11:25:52","guid":{"rendered":"https:\/\/oodev-www.syspectr.com\/fixation-des-prix"},"modified":"2024-12-18T15:47:05","modified_gmt":"2024-12-18T13:47:05","slug":"prix","status":"publish","type":"page","link":"https:\/\/www.syspectr.com\/fr\/prix","title":{"rendered":"Prix"},"content":{"rendered":"\n<!-- There is content above that gets generated by php and is not editable here (price tables etc) -->\n\n\n<p style=\"text-align: left; width: 1176px; margin: 0 auto; font-size: 13px;\"><strong>Remarque Base d&rsquo;abonnement : <\/strong>Un seul abonnement par client. Lorsqu&rsquo;un abonnement est annul\u00e9, il court jusqu&rsquo;\u00e0 la fin de la p\u00e9riode d&rsquo;abonnement <br>(mois ou ann\u00e9e, selon l&rsquo;abonnement command\u00e9, non remboursable). Si vous ne pouvez pas acheter en ligne, par exemple par carte de cr\u00e9dit, virement bancaire ou PayPal, veuillez nous contacter. <br>Pour les licences annuelles, nous pouvons organiser la commande et le paiement sur facture.<\/p>\n\n\n<div style=\"height:60px\" aria-hidden=\"true\" class=\"wp-block-spacer\"><\/div>\n","protected":false},"excerpt":{"rendered":"<p>Remarque Base d&rsquo;abonnement : Un seul abonnement par client. Lorsqu&rsquo;un abonnement est annul\u00e9, il court jusqu&rsquo;\u00e0 la fin de la p\u00e9riode d&rsquo;abonnement (mois ou ann\u00e9e, selon l&rsquo;abonnement command\u00e9, non remboursable). Si vous ne pouvez pas acheter en ligne, par exemple &hellip; <a href=\"https:\/\/www.syspectr.com\/fr\/prix\">Continue reading <span class=\"meta-nav\">&rarr;<\/span><\/a><\/p>\n","protected":false},"author":2,"featured_media":0,"parent":0,"menu_order":0,"comment_status":"closed","ping_status":"closed","template":"page-prices.php","meta":{"footnotes":""},"class_list":["post-5826","page","type-page","status-publish","hentry"],"yoast_head":"<!-- This site is optimized with the Yoast SEO plugin v25.1 - https:\/\/yoast.com\/wordpress\/plugins\/seo\/ -->\n<title>Prix - O&amp;O Syspectr<\/title>\n<meta name=\"description\" content=\"O&amp;O Syspectr est gratuit jusqu&#039;\u00e0 10 PC. Nous proposons \u00e9galement des tarifs forfaitaires bon march\u00e9 pour les fournisseurs de services et les utilisateurs avanc\u00e9s.\" \/>\n<meta name=\"robots\" content=\"index, follow, max-snippet:-1, max-image-preview:large, max-video-preview:-1\" \/>\n<link rel=\"canonical\" href=\"https:\/\/www.syspectr.com\/fr\/prix\" \/>\n<meta property=\"og:locale\" content=\"fr_FR\" \/>\n<meta property=\"og:type\" content=\"article\" \/>\n<meta property=\"og:title\" content=\"Prix - O&amp;O Syspectr\" \/>\n<meta property=\"og:description\" content=\"O&amp;O Syspectr est gratuit jusqu&#039;\u00e0 10 PC. Nous proposons \u00e9galement des tarifs forfaitaires bon march\u00e9 pour les fournisseurs de services et les utilisateurs avanc\u00e9s.\" \/>\n<meta property=\"og:url\" content=\"https:\/\/www.syspectr.com\/fr\/prix\" \/>\n<meta property=\"og:site_name\" content=\"O&amp;O Syspectr\" \/>\n<meta property=\"article:publisher\" content=\"https:\/\/www.facebook.com\/OOSoftware\" \/>\n<meta property=\"article:modified_time\" content=\"2024-12-18T13:47:05+00:00\" \/>\n<meta property=\"og:image\" content=\"https:\/\/www.syspectr.com\/wp-content\/uploads\/logo.png\" \/>\n\t<meta property=\"og:image:width\" content=\"1200\" \/>\n\t<meta property=\"og:image:height\" content=\"1200\" \/>\n\t<meta property=\"og:image:type\" content=\"image\/png\" \/>\n<meta name=\"twitter:card\" content=\"summary_large_image\" \/>\n<meta name=\"twitter:site\" content=\"@syspectr\" \/>\n<script type=\"application\/ld+json\" class=\"yoast-schema-graph\">{\"@context\":\"https:\/\/schema.org\",\"@graph\":[{\"@type\":\"WebPage\",\"@id\":\"https:\/\/www.syspectr.com\/fr\/prix\",\"url\":\"https:\/\/www.syspectr.com\/fr\/prix\",\"name\":\"Prix - O&amp;O Syspectr\",\"isPartOf\":{\"@id\":\"https:\/\/www.syspectr.com\/fr#website\"},\"datePublished\":\"2023-02-08T11:25:52+00:00\",\"dateModified\":\"2024-12-18T13:47:05+00:00\",\"description\":\"O&O Syspectr est gratuit jusqu'\u00e0 10 PC. Nous proposons \u00e9galement des tarifs forfaitaires bon march\u00e9 pour les fournisseurs de services et les utilisateurs avanc\u00e9s.\",\"breadcrumb\":{\"@id\":\"https:\/\/www.syspectr.com\/fr\/prix#breadcrumb\"},\"inLanguage\":\"fr-FR\",\"potentialAction\":[{\"@type\":\"ReadAction\",\"target\":[\"https:\/\/www.syspectr.com\/fr\/prix\"]}]},{\"@type\":\"BreadcrumbList\",\"@id\":\"https:\/\/www.syspectr.com\/fr\/prix#breadcrumb\",\"itemListElement\":[{\"@type\":\"ListItem\",\"position\":1,\"name\":\"Home\",\"item\":\"https:\/\/oodev-www.syspectr.com\/fr\"},{\"@type\":\"ListItem\",\"position\":2,\"name\":\"Prix\"}]},{\"@type\":\"WebSite\",\"@id\":\"https:\/\/www.syspectr.com\/fr#website\",\"url\":\"https:\/\/www.syspectr.com\/fr\",\"name\":\"O&amp;O Syspectr\",\"description\":\"Manage and monitor your network. Anytime. Anywhere.\",\"publisher\":{\"@id\":\"https:\/\/www.syspectr.com\/fr#organization\"},\"potentialAction\":[{\"@type\":\"SearchAction\",\"target\":{\"@type\":\"EntryPoint\",\"urlTemplate\":\"https:\/\/www.syspectr.com\/fr?s={search_term_string}\"},\"query-input\":{\"@type\":\"PropertyValueSpecification\",\"valueRequired\":true,\"valueName\":\"search_term_string\"}}],\"inLanguage\":\"fr-FR\"},{\"@type\":\"Organization\",\"@id\":\"https:\/\/www.syspectr.com\/fr#organization\",\"name\":\"O&O Software GmbH\",\"url\":\"https:\/\/www.syspectr.com\/fr\",\"logo\":{\"@type\":\"ImageObject\",\"inLanguage\":\"fr-FR\",\"@id\":\"https:\/\/www.syspectr.com\/fr#\/schema\/logo\/image\/\",\"url\":\"https:\/\/oodev-www.syspectr.com\/wp-content\/uploads\/logo.png\",\"contentUrl\":\"https:\/\/oodev-www.syspectr.com\/wp-content\/uploads\/logo.png\",\"width\":1200,\"height\":1200,\"caption\":\"O&O Software GmbH\"},\"image\":{\"@id\":\"https:\/\/www.syspectr.com\/fr#\/schema\/logo\/image\/\"},\"sameAs\":[\"https:\/\/www.facebook.com\/OOSoftware\",\"https:\/\/x.com\/syspectr\",\"https:\/\/ca.linkedin.com\/company\/o&amp;o-software-gmbh\",\"https:\/\/www.youtube.com\/user\/oosoftw\"]}]}<\/script>\n<!-- \/ Yoast SEO plugin. -->","yoast_head_json":{"title":"Prix - O&amp;O Syspectr","description":"O&O Syspectr est gratuit jusqu'\u00e0 10 PC. Nous proposons \u00e9galement des tarifs forfaitaires bon march\u00e9 pour les fournisseurs de services et les utilisateurs avanc\u00e9s.","robots":{"index":"index","follow":"follow","max-snippet":"max-snippet:-1","max-image-preview":"max-image-preview:large","max-video-preview":"max-video-preview:-1"},"canonical":"https:\/\/www.syspectr.com\/fr\/prix","og_locale":"fr_FR","og_type":"article","og_title":"Prix - O&amp;O Syspectr","og_description":"O&O Syspectr est gratuit jusqu'\u00e0 10 PC. Nous proposons \u00e9galement des tarifs forfaitaires bon march\u00e9 pour les fournisseurs de services et les utilisateurs avanc\u00e9s.","og_url":"https:\/\/www.syspectr.com\/fr\/prix","og_site_name":"O&amp;O Syspectr","article_publisher":"https:\/\/www.facebook.com\/OOSoftware","article_modified_time":"2024-12-18T13:47:05+00:00","og_image":[{"width":1200,"height":1200,"url":"https:\/\/www.syspectr.com\/wp-content\/uploads\/logo.png","type":"image\/png"}],"twitter_card":"summary_large_image","twitter_site":"@syspectr","schema":{"@context":"https:\/\/schema.org","@graph":[{"@type":"WebPage","@id":"https:\/\/www.syspectr.com\/fr\/prix","url":"https:\/\/www.syspectr.com\/fr\/prix","name":"Prix - O&amp;O Syspectr","isPartOf":{"@id":"https:\/\/www.syspectr.com\/fr#website"},"datePublished":"2023-02-08T11:25:52+00:00","dateModified":"2024-12-18T13:47:05+00:00","description":"O&O Syspectr est gratuit jusqu'\u00e0 10 PC. Nous proposons \u00e9galement des tarifs forfaitaires bon march\u00e9 pour les fournisseurs de services et les utilisateurs avanc\u00e9s.","breadcrumb":{"@id":"https:\/\/www.syspectr.com\/fr\/prix#breadcrumb"},"inLanguage":"fr-FR","potentialAction":[{"@type":"ReadAction","target":["https:\/\/www.syspectr.com\/fr\/prix"]}]},{"@type":"BreadcrumbList","@id":"https:\/\/www.syspectr.com\/fr\/prix#breadcrumb","itemListElement":[{"@type":"ListItem","position":1,"name":"Home","item":"https:\/\/oodev-www.syspectr.com\/fr"},{"@type":"ListItem","position":2,"name":"Prix"}]},{"@type":"WebSite","@id":"https:\/\/www.syspectr.com\/fr#website","url":"https:\/\/www.syspectr.com\/fr","name":"O&amp;O Syspectr","description":"Manage and monitor your network. Anytime. Anywhere.","publisher":{"@id":"https:\/\/www.syspectr.com\/fr#organization"},"potentialAction":[{"@type":"SearchAction","target":{"@type":"EntryPoint","urlTemplate":"https:\/\/www.syspectr.com\/fr?s={search_term_string}"},"query-input":{"@type":"PropertyValueSpecification","valueRequired":true,"valueName":"search_term_string"}}],"inLanguage":"fr-FR"},{"@type":"Organization","@id":"https:\/\/www.syspectr.com\/fr#organization","name":"O&O Software GmbH","url":"https:\/\/www.syspectr.com\/fr","logo":{"@type":"ImageObject","inLanguage":"fr-FR","@id":"https:\/\/www.syspectr.com\/fr#\/schema\/logo\/image\/","url":"https:\/\/oodev-www.syspectr.com\/wp-content\/uploads\/logo.png","contentUrl":"https:\/\/oodev-www.syspectr.com\/wp-content\/uploads\/logo.png","width":1200,"height":1200,"caption":"O&O Software GmbH"},"image":{"@id":"https:\/\/www.syspectr.com\/fr#\/schema\/logo\/image\/"},"sameAs":["https:\/\/www.facebook.com\/OOSoftware","https:\/\/x.com\/syspectr","https:\/\/ca.linkedin.com\/company\/o&amp;o-software-gmbh","https:\/\/www.youtube.com\/user\/oosoftw"]}]}},"publishpress_future_action":{"enabled":false,"date":"2026-05-12 22:32:00","action":"change-status","newStatus":"draft","terms":[],"taxonomy":"translation_priority"},"publishpress_future_workflow_manual_trigger":{"enabledWorkflows":[]},"_links":{"self":[{"href":"https:\/\/www.syspectr.com\/fr\/wp-json\/wp\/v2\/pages\/5826","targetHints":{"allow":["GET"]}}],"collection":[{"href":"https:\/\/www.syspectr.com\/fr\/wp-json\/wp\/v2\/pages"}],"about":[{"href":"https:\/\/www.syspectr.com\/fr\/wp-json\/wp\/v2\/types\/page"}],"author":[{"embeddable":true,"href":"https:\/\/www.syspectr.com\/fr\/wp-json\/wp\/v2\/users\/2"}],"replies":[{"embeddable":true,"href":"https:\/\/www.syspectr.com\/fr\/wp-json\/wp\/v2\/comments?post=5826"}],"version-history":[{"count":10,"href":"https:\/\/www.syspectr.com\/fr\/wp-json\/wp\/v2\/pages\/5826\/revisions"}],"predecessor-version":[{"id":8930,"href":"https:\/\/www.syspectr.com\/fr\/wp-json\/wp\/v2\/pages\/5826\/revisions\/8930"}],"wp:attachment":[{"href":"https:\/\/www.syspectr.com\/fr\/wp-json\/wp\/v2\/media?parent=5826"}],"curies":[{"name":"wp","href":"https:\/\/api.w.org\/{rel}","templated":true}]}}