{"id":5855,"date":"2023-02-08T15:38:44","date_gmt":"2023-02-08T13:38:44","guid":{"rendered":"https:\/\/oodev-www.syspectr.com\/mentions-legales"},"modified":"2025-07-24T16:40:04","modified_gmt":"2025-07-24T14:40:04","slug":"mentions-legales","status":"publish","type":"page","link":"https:\/\/www.syspectr.com\/fr\/mentions-legales","title":{"rendered":"Mentions l\u00e9gales"},"content":{"rendered":"\n<h2 class=\"wp-block-heading\">Mentions l\u00e9gales<\/h2>\n\n\n<table width=\"100%\">\n<tbody>\n<tr>\n<td>\n<h2>O&amp;O Software GmbH<\/h2>\n<p>66, rue B\u00fclow<br \/>10783 Berlin<\/p>\n<table width=\"100%\">\n<tbody>\n<tr>\n<td valign=\"top\">T\u00e9l\u00e9phone :<\/td>\n<td valign=\"top\">+49 30 991 91 62 00<\/td>\n<\/tr>\n<tr>\n<td valign=\"top\">Fax :<\/td>\n<td valign=\"top\">\n<div>+49 30 991 91 62 99<\/div>\n<\/td>\n<\/tr>\n<tr>\n<td valign=\"top\">Courrier \u00e9lectronique :<\/td>\n<td valign=\"top\">\n<div><a href=\"mailto:info@oo-software.com\">info@oo-software.com<\/a><\/div>\n<\/td>\n<\/tr>\n<\/tbody>\n<\/table>\n<\/td>\n<td>\u00a0<\/td>\n<\/tr>\n<\/tbody>\n<\/table>\n<h2>Mentions l\u00e9gales<\/h2>\n<p>Repr\u00e9sentant l\u00e9gal de la soci\u00e9t\u00e9 O&amp;O Software GmbH : G\u00e9rant : Monsieur Dipl. Olaf Kehrer<br \/>Cour de registre : Tribunal d&rsquo;instance de Berlin-Charlottenburg HRB 121676<br \/>Num\u00e9ro d&rsquo;identification de la taxe sur le chiffre d&rsquo;affaires : DE267267409<\/p>\n<p>\u00a0<\/p>\n<p>Informations concernant la r\u00e9solution des litiges en ligne (pour les clients situ\u00e9s dans un \u00c9tat membre de l&rsquo;UE) : Nous sommes volontairement dispos\u00e9s \u00e0 participer \u00e0 une proc\u00e9dure d&rsquo;arbitrage extrajudiciaire. La liste des organismes de r\u00e9solution des litiges de consommation dans les \u00c9tats membres de l&rsquo;UE et leurs coordonn\u00e9es est disponible \u00e0 l&rsquo;adresse suivante : <a class=\"_mizu194a _1ah31bk5 _ra3xnqa1 _128m1bk5 _1cvmnqa1 _4davt94y _4bfu18uv _1hms8stv _ajmmnqa1 _vchhusvi _syaz14q2 _ect41gqc _1a3b18uv _4fpr8stv _5goinqa1 _f8pj14q2 _9oik18uv _1bnxglyw _jf4cnqa1 _30l314q2 _1nrm18uv _c2waglyw _1iohnqa1 _9h8h16c2 _1053w7te _1ienw7te _n0fxw7te _1vhvg3x0\" title=\"https:\/\/consumer-redress.ec.europa.eu\/dispute-resolution-bodies\" href=\"https:\/\/consumer-redress.ec.europa.eu\/dispute-resolution-bodies\" data-renderer-mark=\"true\" data-is-router-link=\"false\" data-testid=\"link-with-safety\">https:\/\/consumer-redress.ec.europa.eu\/dispute-resolution-bodies<\/a>.<\/p>\n<p>Nous nous effor\u00e7ons de r\u00e9soudre \u00e0 l&rsquo;amiable tout diff\u00e9rend d\u00e9coulant de notre relation contractuelle. N&rsquo;h\u00e9sitez pas \u00e0 nous contacter afin que nous puissions trouver ensemble une solution.<\/p>\n<p>Si le probl\u00e8me n&rsquo;est pas r\u00e9solu \u00e0 votre satisfaction, vous pouvez vous adresser \u00e0 l&rsquo;organisme de conciliation suivant :<\/p>\n<p>Office g\u00e9n\u00e9ral de conciliation des consommateurs du Zentrums f\u00fcr Schlichtung e. V.<\/p>\n<p>Strasburger Str. 8<br \/>Kehl, 77694<br \/>Allemagne<br \/>Site web : <a href=\"https:\/\/www.verbraucher-schlichter.de\" target=\"_blank\" rel=\"noopener\">https:\/\/www.verbraucher-schlichter.de<\/a><\/p>\n<p>\u00a0<\/p>\n<h2>Liens vers des sites web d&rsquo;autres fournisseurs<\/h2>\n<p>En ce qui concerne les liens vers des sites Internet d&rsquo;autres fournisseurs, l&rsquo;\u00e9diteur d\u00e9clare express\u00e9ment qu&rsquo;il n&rsquo;a aucune influence sur le contenu des pages li\u00e9es. Cette d\u00e9claration s&rsquo;applique \u00e0 tous les liens et programmes mis \u00e0 disposition sur le site Internet de O&amp;O qui n&rsquo;ont pas \u00e9t\u00e9 produits par O&amp;O. Toutes les marques cit\u00e9es sont la propri\u00e9t\u00e9 de leurs d\u00e9tenteurs respectifs.<\/p>\n\n\n<div style=\"height:100px\" aria-hidden=\"true\" class=\"wp-block-spacer\"><\/div>\n","protected":false},"excerpt":{"rendered":"<p>Mentions l\u00e9gales O&amp;O Software GmbH 66, rue B\u00fclow10783 Berlin T\u00e9l\u00e9phone : +49 30 991 91 62 00 Fax : +49 30 991 91 62 99 Courrier \u00e9lectronique : info@oo-software.com \u00a0 Mentions l\u00e9gales Repr\u00e9sentant l\u00e9gal de la soci\u00e9t\u00e9 O&amp;O Software GmbH &hellip; <a href=\"https:\/\/www.syspectr.com\/fr\/mentions-legales\">Continue reading <span class=\"meta-nav\">&rarr;<\/span><\/a><\/p>\n","protected":false},"author":2,"featured_media":0,"parent":0,"menu_order":0,"comment_status":"closed","ping_status":"closed","template":"","meta":{"footnotes":""},"class_list":["post-5855","page","type-page","status-publish","hentry"],"yoast_head":"<!-- This site is optimized with the Yoast SEO plugin v25.1 - https:\/\/yoast.com\/wordpress\/plugins\/seo\/ -->\n<title>Mentions l\u00e9gales - O&amp;O Syspectr<\/title>\n<meta name=\"robots\" content=\"index, follow, max-snippet:-1, max-image-preview:large, max-video-preview:-1\" \/>\n<link rel=\"canonical\" href=\"https:\/\/www.syspectr.com\/fr\/mentions-legales\" \/>\n<meta property=\"og:locale\" content=\"fr_FR\" \/>\n<meta property=\"og:type\" content=\"article\" \/>\n<meta property=\"og:title\" content=\"Mentions l\u00e9gales - O&amp;O Syspectr\" \/>\n<meta property=\"og:description\" content=\"Mentions l\u00e9gales O&amp;O Software GmbH 66, rue B\u00fclow10783 Berlin T\u00e9l\u00e9phone : +49 30 991 91 62 00 Fax : +49 30 991 91 62 99 Courrier \u00e9lectronique : info@oo-software.com \u00a0 Mentions l\u00e9gales Repr\u00e9sentant l\u00e9gal de la soci\u00e9t\u00e9 O&amp;O Software GmbH &hellip; Continue reading &rarr;\" \/>\n<meta property=\"og:url\" content=\"https:\/\/www.syspectr.com\/fr\/mentions-legales\" \/>\n<meta property=\"og:site_name\" content=\"O&amp;O Syspectr\" \/>\n<meta property=\"article:publisher\" content=\"https:\/\/www.facebook.com\/OOSoftware\" \/>\n<meta property=\"article:modified_time\" content=\"2025-07-24T14:40:04+00:00\" \/>\n<meta property=\"og:image\" content=\"https:\/\/www.syspectr.com\/wp-content\/uploads\/logo.png\" \/>\n\t<meta property=\"og:image:width\" content=\"1200\" \/>\n\t<meta property=\"og:image:height\" content=\"1200\" \/>\n\t<meta property=\"og:image:type\" content=\"image\/png\" \/>\n<meta name=\"twitter:card\" content=\"summary_large_image\" \/>\n<meta name=\"twitter:site\" content=\"@syspectr\" \/>\n<meta name=\"twitter:label1\" content=\"Dur\u00e9e de lecture estim\u00e9e\" \/>\n\t<meta name=\"twitter:data1\" content=\"1 minute\" \/>\n<script type=\"application\/ld+json\" class=\"yoast-schema-graph\">{\"@context\":\"https:\/\/schema.org\",\"@graph\":[{\"@type\":\"WebPage\",\"@id\":\"https:\/\/www.syspectr.com\/fr\/mentions-legales\",\"url\":\"https:\/\/www.syspectr.com\/fr\/mentions-legales\",\"name\":\"Mentions l\u00e9gales - O&amp;O Syspectr\",\"isPartOf\":{\"@id\":\"https:\/\/www.syspectr.com\/fr#website\"},\"datePublished\":\"2023-02-08T13:38:44+00:00\",\"dateModified\":\"2025-07-24T14:40:04+00:00\",\"breadcrumb\":{\"@id\":\"https:\/\/www.syspectr.com\/fr\/mentions-legales#breadcrumb\"},\"inLanguage\":\"fr-FR\",\"potentialAction\":[{\"@type\":\"ReadAction\",\"target\":[\"https:\/\/www.syspectr.com\/fr\/mentions-legales\"]}]},{\"@type\":\"BreadcrumbList\",\"@id\":\"https:\/\/www.syspectr.com\/fr\/mentions-legales#breadcrumb\",\"itemListElement\":[{\"@type\":\"ListItem\",\"position\":1,\"name\":\"Home\",\"item\":\"https:\/\/oodev-www.syspectr.com\/fr\"},{\"@type\":\"ListItem\",\"position\":2,\"name\":\"Mentions l\u00e9gales\"}]},{\"@type\":\"WebSite\",\"@id\":\"https:\/\/www.syspectr.com\/fr#website\",\"url\":\"https:\/\/www.syspectr.com\/fr\",\"name\":\"O&amp;O Syspectr\",\"description\":\"Manage and monitor your network. Anytime. Anywhere.\",\"publisher\":{\"@id\":\"https:\/\/www.syspectr.com\/fr#organization\"},\"potentialAction\":[{\"@type\":\"SearchAction\",\"target\":{\"@type\":\"EntryPoint\",\"urlTemplate\":\"https:\/\/www.syspectr.com\/fr?s={search_term_string}\"},\"query-input\":{\"@type\":\"PropertyValueSpecification\",\"valueRequired\":true,\"valueName\":\"search_term_string\"}}],\"inLanguage\":\"fr-FR\"},{\"@type\":\"Organization\",\"@id\":\"https:\/\/www.syspectr.com\/fr#organization\",\"name\":\"O&O Software GmbH\",\"url\":\"https:\/\/www.syspectr.com\/fr\",\"logo\":{\"@type\":\"ImageObject\",\"inLanguage\":\"fr-FR\",\"@id\":\"https:\/\/www.syspectr.com\/fr#\/schema\/logo\/image\/\",\"url\":\"https:\/\/oodev-www.syspectr.com\/wp-content\/uploads\/logo.png\",\"contentUrl\":\"https:\/\/oodev-www.syspectr.com\/wp-content\/uploads\/logo.png\",\"width\":1200,\"height\":1200,\"caption\":\"O&O Software GmbH\"},\"image\":{\"@id\":\"https:\/\/www.syspectr.com\/fr#\/schema\/logo\/image\/\"},\"sameAs\":[\"https:\/\/www.facebook.com\/OOSoftware\",\"https:\/\/x.com\/syspectr\",\"https:\/\/ca.linkedin.com\/company\/o&amp;o-software-gmbh\",\"https:\/\/www.youtube.com\/user\/oosoftw\"]}]}<\/script>\n<!-- \/ Yoast SEO plugin. -->","yoast_head_json":{"title":"Mentions l\u00e9gales - O&amp;O Syspectr","robots":{"index":"index","follow":"follow","max-snippet":"max-snippet:-1","max-image-preview":"max-image-preview:large","max-video-preview":"max-video-preview:-1"},"canonical":"https:\/\/www.syspectr.com\/fr\/mentions-legales","og_locale":"fr_FR","og_type":"article","og_title":"Mentions l\u00e9gales - O&amp;O Syspectr","og_description":"Mentions l\u00e9gales O&amp;O Software GmbH 66, rue B\u00fclow10783 Berlin T\u00e9l\u00e9phone : +49 30 991 91 62 00 Fax : +49 30 991 91 62 99 Courrier \u00e9lectronique : info@oo-software.com \u00a0 Mentions l\u00e9gales Repr\u00e9sentant l\u00e9gal de la soci\u00e9t\u00e9 O&amp;O Software GmbH &hellip; Continue reading &rarr;","og_url":"https:\/\/www.syspectr.com\/fr\/mentions-legales","og_site_name":"O&amp;O Syspectr","article_publisher":"https:\/\/www.facebook.com\/OOSoftware","article_modified_time":"2025-07-24T14:40:04+00:00","og_image":[{"width":1200,"height":1200,"url":"https:\/\/www.syspectr.com\/wp-content\/uploads\/logo.png","type":"image\/png"}],"twitter_card":"summary_large_image","twitter_site":"@syspectr","twitter_misc":{"Dur\u00e9e de lecture estim\u00e9e":"1 minute"},"schema":{"@context":"https:\/\/schema.org","@graph":[{"@type":"WebPage","@id":"https:\/\/www.syspectr.com\/fr\/mentions-legales","url":"https:\/\/www.syspectr.com\/fr\/mentions-legales","name":"Mentions l\u00e9gales - O&amp;O Syspectr","isPartOf":{"@id":"https:\/\/www.syspectr.com\/fr#website"},"datePublished":"2023-02-08T13:38:44+00:00","dateModified":"2025-07-24T14:40:04+00:00","breadcrumb":{"@id":"https:\/\/www.syspectr.com\/fr\/mentions-legales#breadcrumb"},"inLanguage":"fr-FR","potentialAction":[{"@type":"ReadAction","target":["https:\/\/www.syspectr.com\/fr\/mentions-legales"]}]},{"@type":"BreadcrumbList","@id":"https:\/\/www.syspectr.com\/fr\/mentions-legales#breadcrumb","itemListElement":[{"@type":"ListItem","position":1,"name":"Home","item":"https:\/\/oodev-www.syspectr.com\/fr"},{"@type":"ListItem","position":2,"name":"Mentions l\u00e9gales"}]},{"@type":"WebSite","@id":"https:\/\/www.syspectr.com\/fr#website","url":"https:\/\/www.syspectr.com\/fr","name":"O&amp;O Syspectr","description":"Manage and monitor your network. Anytime. Anywhere.","publisher":{"@id":"https:\/\/www.syspectr.com\/fr#organization"},"potentialAction":[{"@type":"SearchAction","target":{"@type":"EntryPoint","urlTemplate":"https:\/\/www.syspectr.com\/fr?s={search_term_string}"},"query-input":{"@type":"PropertyValueSpecification","valueRequired":true,"valueName":"search_term_string"}}],"inLanguage":"fr-FR"},{"@type":"Organization","@id":"https:\/\/www.syspectr.com\/fr#organization","name":"O&O Software GmbH","url":"https:\/\/www.syspectr.com\/fr","logo":{"@type":"ImageObject","inLanguage":"fr-FR","@id":"https:\/\/www.syspectr.com\/fr#\/schema\/logo\/image\/","url":"https:\/\/oodev-www.syspectr.com\/wp-content\/uploads\/logo.png","contentUrl":"https:\/\/oodev-www.syspectr.com\/wp-content\/uploads\/logo.png","width":1200,"height":1200,"caption":"O&O Software GmbH"},"image":{"@id":"https:\/\/www.syspectr.com\/fr#\/schema\/logo\/image\/"},"sameAs":["https:\/\/www.facebook.com\/OOSoftware","https:\/\/x.com\/syspectr","https:\/\/ca.linkedin.com\/company\/o&amp;o-software-gmbh","https:\/\/www.youtube.com\/user\/oosoftw"]}]}},"publishpress_future_action":{"enabled":false,"date":"2026-04-24 00:22:19","action":"change-status","newStatus":"draft","terms":[],"taxonomy":"translation_priority"},"publishpress_future_workflow_manual_trigger":{"enabledWorkflows":[]},"_links":{"self":[{"href":"https:\/\/www.syspectr.com\/fr\/wp-json\/wp\/v2\/pages\/5855","targetHints":{"allow":["GET"]}}],"collection":[{"href":"https:\/\/www.syspectr.com\/fr\/wp-json\/wp\/v2\/pages"}],"about":[{"href":"https:\/\/www.syspectr.com\/fr\/wp-json\/wp\/v2\/types\/page"}],"author":[{"embeddable":true,"href":"https:\/\/www.syspectr.com\/fr\/wp-json\/wp\/v2\/users\/2"}],"replies":[{"embeddable":true,"href":"https:\/\/www.syspectr.com\/fr\/wp-json\/wp\/v2\/comments?post=5855"}],"version-history":[{"count":6,"href":"https:\/\/www.syspectr.com\/fr\/wp-json\/wp\/v2\/pages\/5855\/revisions"}],"predecessor-version":[{"id":9141,"href":"https:\/\/www.syspectr.com\/fr\/wp-json\/wp\/v2\/pages\/5855\/revisions\/9141"}],"wp:attachment":[{"href":"https:\/\/www.syspectr.com\/fr\/wp-json\/wp\/v2\/media?parent=5855"}],"curies":[{"name":"wp","href":"https:\/\/api.w.org\/{rel}","templated":true}]}}