{"id":5891,"date":"2023-02-09T16:26:49","date_gmt":"2023-02-09T14:26:49","guid":{"rendered":"https:\/\/oodev-www.syspectr.com\/architecture-du-systeme"},"modified":"2023-02-09T16:26:49","modified_gmt":"2023-02-09T14:26:49","slug":"architecture-du-systeme","status":"publish","type":"page","link":"https:\/\/www.syspectr.com\/fr\/architecture-du-systeme","title":{"rendered":"Architecture du syst\u00e8me"},"content":{"rendered":"<p>O&amp;O Syspectr est une application Web permettant de g\u00e9rer les syst\u00e8mes Windows sur Internet. Pour ce faire, l&rsquo;ordinateur g\u00e9r\u00e9 doit avoir un programme install\u00e9 qui le connectera \u00e0 nos serveurs. Une fois cette op\u00e9ration effectu\u00e9e, les informations syst\u00e8me n\u00e9cessaires seront transf\u00e9r\u00e9es et sauvegard\u00e9es, et vous pourrez alors les consulter et y acc\u00e9der via votre compte. Pendant la transmission et le stockage de vos donn\u00e9es, celles-ci seront crypt\u00e9es et s\u00e9curis\u00e9es selon les normes les plus r\u00e9centes.<\/p>\n<p>L&rsquo;acc\u00e8s \u00e0 votre compte n&rsquo;est possible qu&rsquo;avec vos donn\u00e9es de connexion. Vous pouvez autoriser d&rsquo;autres utilisateurs \u00e0 acc\u00e9der \u00e0 votre compte, mais nous faisons la diff\u00e9rence entre un acc\u00e8s en lecture seule ou en lecture\/\u00e9criture. Nous avons \u00e9galement mis en place une authentification \u00e0 deux facteurs conform\u00e9ment aux normes du secteur.<\/p>\n<h2>Fabriqu\u00e9 en Allemagne. H\u00e9berg\u00e9 en Allemagne.<\/h2>\n<p>Tous les serveurs O&amp;O Syspectr sont situ\u00e9s dans notre centre de donn\u00e9es allemand et sont sous notre supervision directe. O&amp;O Software GmbH est soumis aux lois allemandes r\u00e9gissant la confidentialit\u00e9, qui sont parmi les plus strictes au monde. Par cons\u00e9quent, nous avons un respect absolu de votre vie priv\u00e9e.<\/p>\n<h2>Int\u00e9gration du client<\/h2>\n<p>L&rsquo;int\u00e9gration des clients O&amp;O Syspectr est tr\u00e8s simple : une fois que vous avez cr\u00e9\u00e9 un compte, vous t\u00e9l\u00e9chargez un fichier d&rsquo;installation pr\u00e9configur\u00e9. Celui-ci est ensuite install\u00e9 sur toutes les machines que vous souhaitez g\u00e9rer avec O&amp;O Syspectr.<br \/>\nUne mise \u00e0 jour manuelle n&rsquo;est pas n\u00e9cessaire car elle peut \u00eatre enti\u00e8rement automatis\u00e9e.<\/p>\n<h2>Configuration requise<\/h2>\n<p>Tout ce dont vous avez besoin pour utiliser O&amp;O Syspectr est le Microsoft .NET Framework Microsoft .NET Framework 4.6.1 ou sup\u00e9rieur et une connexion Internet. Si le .NET Framework n&rsquo;est pas install\u00e9 sur le client, O&amp;O Syspectr l&rsquo;installera automatiquement de mani\u00e8re r\u00e9troactive.<\/p>\n<h3>Les syst\u00e8mes d&rsquo;exploitation suivants sont actuellement pris en charge :<\/h3>\n<ul class=\"noic\">\n<li>Windows 8.1<\/li>\n<li>Windows 10<\/li>\n<li>Windows 11<\/li>\n<li>Windows Server 2012 \/ Windows Server 2012 R2<\/li>\n<li>Windows Server 2016<\/li>\n<li>Windows Server 2019<\/li>\n<li>Windows Server 2022<\/li>\n<\/ul>\n<h2>Installation dans un r\u00e9seau<\/h2>\n<p>Pour d\u00e9ployer O&amp;O Syspectr sur un r\u00e9seau via Windows Active Directory, nous fournissons un fichier MSI sp\u00e9cial afin que l&rsquo;ensemble du processus d&rsquo;installation puisse \u00eatre effectu\u00e9 de mani\u00e8re centralis\u00e9e. <a title=\"Comment d\u00e9ployer O&amp;O Syspectr \u00e0 l'aide des strat\u00e9gies de groupe ?\" href=\"https:\/\/docs.syspectr.com\/en\/installation\/network\" target=\"_blank\" rel=\"noopener\">D\u00e9couvrez<\/a> comment d\u00e9ployer O&amp;O Syspectr dans un environnement d&rsquo;entreprise.<\/p>\n<hr class=\"invisible\">\n<p><img decoding=\"async\" class=\"img-responsive\" src=\"\/wp-content\/uploads\/icons\/architectre.png\" alt=\"L'architecture de O&amp;O Syspectr\"><\/p>\n","protected":false},"excerpt":{"rendered":"<p>O&amp;O Syspectr est une application Web permettant de g\u00e9rer les syst\u00e8mes Windows sur Internet. Pour ce faire, l&rsquo;ordinateur g\u00e9r\u00e9 doit avoir un programme install\u00e9 qui le connectera \u00e0 nos serveurs. Une fois cette op\u00e9ration effectu\u00e9e, les informations syst\u00e8me n\u00e9cessaires seront &hellip; <a href=\"https:\/\/www.syspectr.com\/fr\/architecture-du-systeme\">Continue reading <span class=\"meta-nav\">&rarr;<\/span><\/a><\/p>\n","protected":false},"author":3,"featured_media":0,"parent":0,"menu_order":0,"comment_status":"closed","ping_status":"closed","template":"","meta":{"footnotes":""},"class_list":["post-5891","page","type-page","status-publish","hentry"],"yoast_head":"<!-- This site is optimized with the Yoast SEO plugin v25.1 - https:\/\/yoast.com\/wordpress\/plugins\/seo\/ -->\n<title>Architecture du syst\u00e8me - O&amp;O Syspectr<\/title>\n<meta name=\"description\" content=\"O&amp;O Syspectr est une application Web permettant de g\u00e9rer les syst\u00e8mes Windows sur Internet. Pour ce faire, l&#039;ordinateur g\u00e9r\u00e9 doit avoir un programme install\u00e9 qui le connectera \u00e0 nos serveurs.\" \/>\n<meta name=\"robots\" content=\"index, follow, max-snippet:-1, max-image-preview:large, max-video-preview:-1\" \/>\n<link rel=\"canonical\" href=\"https:\/\/www.syspectr.com\/fr\/architecture-du-systeme\" \/>\n<meta property=\"og:locale\" content=\"fr_FR\" \/>\n<meta property=\"og:type\" content=\"article\" \/>\n<meta property=\"og:title\" content=\"Architecture du syst\u00e8me - O&amp;O Syspectr\" \/>\n<meta property=\"og:description\" content=\"O&amp;O Syspectr est une application Web permettant de g\u00e9rer les syst\u00e8mes Windows sur Internet. Pour ce faire, l&#039;ordinateur g\u00e9r\u00e9 doit avoir un programme install\u00e9 qui le connectera \u00e0 nos serveurs.\" \/>\n<meta property=\"og:url\" content=\"https:\/\/www.syspectr.com\/fr\/architecture-du-systeme\" \/>\n<meta property=\"og:site_name\" content=\"O&amp;O Syspectr\" \/>\n<meta property=\"article:publisher\" content=\"https:\/\/www.facebook.com\/OOSoftware\" \/>\n<meta property=\"og:image\" content=\"https:\/\/www.syspectr.com\/wp-content\/uploads\/logo.png\" \/>\n\t<meta property=\"og:image:width\" content=\"1200\" \/>\n\t<meta property=\"og:image:height\" content=\"1200\" \/>\n\t<meta property=\"og:image:type\" content=\"image\/png\" \/>\n<meta name=\"twitter:card\" content=\"summary_large_image\" \/>\n<meta name=\"twitter:site\" content=\"@syspectr\" \/>\n<meta name=\"twitter:label1\" content=\"Dur\u00e9e de lecture estim\u00e9e\" \/>\n\t<meta name=\"twitter:data1\" content=\"2 minutes\" \/>\n<script type=\"application\/ld+json\" class=\"yoast-schema-graph\">{\"@context\":\"https:\/\/schema.org\",\"@graph\":[{\"@type\":\"WebPage\",\"@id\":\"https:\/\/www.syspectr.com\/fr\/architecture-du-systeme\",\"url\":\"https:\/\/www.syspectr.com\/fr\/architecture-du-systeme\",\"name\":\"Architecture du syst\u00e8me - O&amp;O Syspectr\",\"isPartOf\":{\"@id\":\"https:\/\/www.syspectr.com\/fr#website\"},\"datePublished\":\"2023-02-09T14:26:49+00:00\",\"description\":\"O&O Syspectr est une application Web permettant de g\u00e9rer les syst\u00e8mes Windows sur Internet. Pour ce faire, l'ordinateur g\u00e9r\u00e9 doit avoir un programme install\u00e9 qui le connectera \u00e0 nos serveurs.\",\"breadcrumb\":{\"@id\":\"https:\/\/www.syspectr.com\/fr\/architecture-du-systeme#breadcrumb\"},\"inLanguage\":\"fr-FR\",\"potentialAction\":[{\"@type\":\"ReadAction\",\"target\":[\"https:\/\/www.syspectr.com\/fr\/architecture-du-systeme\"]}]},{\"@type\":\"BreadcrumbList\",\"@id\":\"https:\/\/www.syspectr.com\/fr\/architecture-du-systeme#breadcrumb\",\"itemListElement\":[{\"@type\":\"ListItem\",\"position\":1,\"name\":\"Home\",\"item\":\"https:\/\/oodev-www.syspectr.com\/fr\"},{\"@type\":\"ListItem\",\"position\":2,\"name\":\"Architecture du syst\u00e8me\"}]},{\"@type\":\"WebSite\",\"@id\":\"https:\/\/www.syspectr.com\/fr#website\",\"url\":\"https:\/\/www.syspectr.com\/fr\",\"name\":\"O&amp;O Syspectr\",\"description\":\"Manage and monitor your network. Anytime. Anywhere.\",\"publisher\":{\"@id\":\"https:\/\/www.syspectr.com\/fr#organization\"},\"potentialAction\":[{\"@type\":\"SearchAction\",\"target\":{\"@type\":\"EntryPoint\",\"urlTemplate\":\"https:\/\/www.syspectr.com\/fr?s={search_term_string}\"},\"query-input\":{\"@type\":\"PropertyValueSpecification\",\"valueRequired\":true,\"valueName\":\"search_term_string\"}}],\"inLanguage\":\"fr-FR\"},{\"@type\":\"Organization\",\"@id\":\"https:\/\/www.syspectr.com\/fr#organization\",\"name\":\"O&O Software GmbH\",\"url\":\"https:\/\/www.syspectr.com\/fr\",\"logo\":{\"@type\":\"ImageObject\",\"inLanguage\":\"fr-FR\",\"@id\":\"https:\/\/www.syspectr.com\/fr#\/schema\/logo\/image\/\",\"url\":\"https:\/\/oodev-www.syspectr.com\/wp-content\/uploads\/logo.png\",\"contentUrl\":\"https:\/\/oodev-www.syspectr.com\/wp-content\/uploads\/logo.png\",\"width\":1200,\"height\":1200,\"caption\":\"O&O Software GmbH\"},\"image\":{\"@id\":\"https:\/\/www.syspectr.com\/fr#\/schema\/logo\/image\/\"},\"sameAs\":[\"https:\/\/www.facebook.com\/OOSoftware\",\"https:\/\/x.com\/syspectr\",\"https:\/\/ca.linkedin.com\/company\/o&amp;o-software-gmbh\",\"https:\/\/www.youtube.com\/user\/oosoftw\"]}]}<\/script>\n<!-- \/ Yoast SEO plugin. -->","yoast_head_json":{"title":"Architecture du syst\u00e8me - O&amp;O Syspectr","description":"O&O Syspectr est une application Web permettant de g\u00e9rer les syst\u00e8mes Windows sur Internet. Pour ce faire, l'ordinateur g\u00e9r\u00e9 doit avoir un programme install\u00e9 qui le connectera \u00e0 nos serveurs.","robots":{"index":"index","follow":"follow","max-snippet":"max-snippet:-1","max-image-preview":"max-image-preview:large","max-video-preview":"max-video-preview:-1"},"canonical":"https:\/\/www.syspectr.com\/fr\/architecture-du-systeme","og_locale":"fr_FR","og_type":"article","og_title":"Architecture du syst\u00e8me - O&amp;O Syspectr","og_description":"O&O Syspectr est une application Web permettant de g\u00e9rer les syst\u00e8mes Windows sur Internet. Pour ce faire, l'ordinateur g\u00e9r\u00e9 doit avoir un programme install\u00e9 qui le connectera \u00e0 nos serveurs.","og_url":"https:\/\/www.syspectr.com\/fr\/architecture-du-systeme","og_site_name":"O&amp;O Syspectr","article_publisher":"https:\/\/www.facebook.com\/OOSoftware","og_image":[{"width":1200,"height":1200,"url":"https:\/\/www.syspectr.com\/wp-content\/uploads\/logo.png","type":"image\/png"}],"twitter_card":"summary_large_image","twitter_site":"@syspectr","twitter_misc":{"Dur\u00e9e de lecture estim\u00e9e":"2 minutes"},"schema":{"@context":"https:\/\/schema.org","@graph":[{"@type":"WebPage","@id":"https:\/\/www.syspectr.com\/fr\/architecture-du-systeme","url":"https:\/\/www.syspectr.com\/fr\/architecture-du-systeme","name":"Architecture du syst\u00e8me - O&amp;O Syspectr","isPartOf":{"@id":"https:\/\/www.syspectr.com\/fr#website"},"datePublished":"2023-02-09T14:26:49+00:00","description":"O&O Syspectr est une application Web permettant de g\u00e9rer les syst\u00e8mes Windows sur Internet. Pour ce faire, l'ordinateur g\u00e9r\u00e9 doit avoir un programme install\u00e9 qui le connectera \u00e0 nos serveurs.","breadcrumb":{"@id":"https:\/\/www.syspectr.com\/fr\/architecture-du-systeme#breadcrumb"},"inLanguage":"fr-FR","potentialAction":[{"@type":"ReadAction","target":["https:\/\/www.syspectr.com\/fr\/architecture-du-systeme"]}]},{"@type":"BreadcrumbList","@id":"https:\/\/www.syspectr.com\/fr\/architecture-du-systeme#breadcrumb","itemListElement":[{"@type":"ListItem","position":1,"name":"Home","item":"https:\/\/oodev-www.syspectr.com\/fr"},{"@type":"ListItem","position":2,"name":"Architecture du syst\u00e8me"}]},{"@type":"WebSite","@id":"https:\/\/www.syspectr.com\/fr#website","url":"https:\/\/www.syspectr.com\/fr","name":"O&amp;O Syspectr","description":"Manage and monitor your network. Anytime. Anywhere.","publisher":{"@id":"https:\/\/www.syspectr.com\/fr#organization"},"potentialAction":[{"@type":"SearchAction","target":{"@type":"EntryPoint","urlTemplate":"https:\/\/www.syspectr.com\/fr?s={search_term_string}"},"query-input":{"@type":"PropertyValueSpecification","valueRequired":true,"valueName":"search_term_string"}}],"inLanguage":"fr-FR"},{"@type":"Organization","@id":"https:\/\/www.syspectr.com\/fr#organization","name":"O&O Software GmbH","url":"https:\/\/www.syspectr.com\/fr","logo":{"@type":"ImageObject","inLanguage":"fr-FR","@id":"https:\/\/www.syspectr.com\/fr#\/schema\/logo\/image\/","url":"https:\/\/oodev-www.syspectr.com\/wp-content\/uploads\/logo.png","contentUrl":"https:\/\/oodev-www.syspectr.com\/wp-content\/uploads\/logo.png","width":1200,"height":1200,"caption":"O&O Software GmbH"},"image":{"@id":"https:\/\/www.syspectr.com\/fr#\/schema\/logo\/image\/"},"sameAs":["https:\/\/www.facebook.com\/OOSoftware","https:\/\/x.com\/syspectr","https:\/\/ca.linkedin.com\/company\/o&amp;o-software-gmbh","https:\/\/www.youtube.com\/user\/oosoftw"]}]}},"publishpress_future_action":{"enabled":false,"date":"2026-05-08 05:20:23","action":"change-status","newStatus":"draft","terms":[],"taxonomy":"translation_priority"},"publishpress_future_workflow_manual_trigger":{"enabledWorkflows":[]},"_links":{"self":[{"href":"https:\/\/www.syspectr.com\/fr\/wp-json\/wp\/v2\/pages\/5891","targetHints":{"allow":["GET"]}}],"collection":[{"href":"https:\/\/www.syspectr.com\/fr\/wp-json\/wp\/v2\/pages"}],"about":[{"href":"https:\/\/www.syspectr.com\/fr\/wp-json\/wp\/v2\/types\/page"}],"author":[{"embeddable":true,"href":"https:\/\/www.syspectr.com\/fr\/wp-json\/wp\/v2\/users\/3"}],"replies":[{"embeddable":true,"href":"https:\/\/www.syspectr.com\/fr\/wp-json\/wp\/v2\/comments?post=5891"}],"version-history":[{"count":0,"href":"https:\/\/www.syspectr.com\/fr\/wp-json\/wp\/v2\/pages\/5891\/revisions"}],"wp:attachment":[{"href":"https:\/\/www.syspectr.com\/fr\/wp-json\/wp\/v2\/media?parent=5891"}],"curies":[{"name":"wp","href":"https:\/\/api.w.org\/{rel}","templated":true}]}}