{"id":7240,"date":"2023-08-15T15:07:05","date_gmt":"2023-08-15T13:07:05","guid":{"rendered":"https:\/\/oodev-www.syspectr.com\/?page_id=7240"},"modified":"2023-08-15T15:16:27","modified_gmt":"2023-08-15T13:16:27","slug":"soumettre-una-demande","status":"publish","type":"page","link":"https:\/\/www.syspectr.com\/fr\/soumettre-una-demande","title":{"rendered":"Soumettre una demande"},"content":{"rendered":"\n<h2 class=\"wp-block-heading\">Vous avez des questions \u00e0 poser \u00e0 l&rsquo;\u00e9quipe O&amp;O Syspectr ?<\/h2>\n\n\n\n<div class=\"wp-block-contact-form-7-contact-form-selector\">\n<div class=\"wpcf7 no-js\" id=\"wpcf7-f7238-o1\" lang=\"en-US\" dir=\"ltr\" data-wpcf7-id=\"7238\">\n<div class=\"screen-reader-response\"><p role=\"status\" aria-live=\"polite\" aria-atomic=\"true\"><\/p> <ul><\/ul><\/div>\n<form action=\"\/fr\/wp-json\/wp\/v2\/pages\/7240#wpcf7-f7238-o1\" method=\"post\" class=\"wpcf7-form init\" aria-label=\"Contact form\" novalidate=\"novalidate\" data-status=\"init\">\n<div style=\"display: none;\">\n<input type=\"hidden\" name=\"_wpcf7\" value=\"7238\" \/>\n<input type=\"hidden\" name=\"_wpcf7_version\" value=\"6.0.6\" \/>\n<input type=\"hidden\" name=\"_wpcf7_locale\" value=\"en_US\" \/>\n<input type=\"hidden\" name=\"_wpcf7_unit_tag\" value=\"wpcf7-f7238-o1\" \/>\n<input type=\"hidden\" name=\"_wpcf7_container_post\" value=\"0\" \/>\n<input type=\"hidden\" name=\"_wpcf7_posted_data_hash\" value=\"\" \/>\n<\/div>\n<p class=\"cf-inquiry-top\">Je suis int\u00e9ress\u00e9 par\n<\/p>\n<p><span class=\"wpcf7-form-control-wrap\" data-name=\"interested-in\"><span class=\"wpcf7-form-control wpcf7-checkbox cf-inquiry-boxes\"><span class=\"wpcf7-list-item first\"><label><input type=\"checkbox\" name=\"interested-in[]\" value=\"Prix\" \/><span class=\"wpcf7-list-item-label\">Prix<\/span><\/label><\/span><span class=\"wpcf7-list-item\"><label><input type=\"checkbox\" name=\"interested-in[]\" value=\"Functions\" \/><span class=\"wpcf7-list-item-label\">Functions<\/span><\/label><\/span><span class=\"wpcf7-list-item\"><label><input type=\"checkbox\" name=\"interested-in[]\" value=\"D\u00e9monstration en direct\" \/><span class=\"wpcf7-list-item-label\">D\u00e9monstration en direct<\/span><\/label><\/span><span class=\"wpcf7-list-item\"><label><input type=\"checkbox\" name=\"interested-in[]\" value=\"Livre blanc gratuit (en anglais)\" \/><span class=\"wpcf7-list-item-label\">Livre blanc gratuit (en anglais)<\/span><\/label><\/span><span class=\"wpcf7-list-item last\"><label><input type=\"checkbox\" name=\"interested-in[]\" value=\"Autre (veuillez pr\u00e9ciser)\" \/><span class=\"wpcf7-list-item-label\">Autre (veuillez pr\u00e9ciser)<\/span><\/label><\/span><\/span><\/span>\n<\/p>\n<p><span class=\"wpcf7-form-control-wrap\" data-name=\"messages\"><textarea cols=\"40\" rows=\"10\" maxlength=\"2000\" class=\"wpcf7-form-control wpcf7-textarea cf-inquiry-area\" aria-invalid=\"false\" placeholder=\"Votre message\" name=\"messages\"><\/textarea><\/span>\n<\/p>\n<p><label class=\"cf-inquiry-label\"> Entreprise*<br \/>\n<span class=\"wpcf7-form-control-wrap\" data-name=\"the-company\"><input size=\"40\" maxlength=\"400\" class=\"wpcf7-form-control wpcf7-text wpcf7-validates-as-required cf-inquiry-input\" autocomplete=\"name\" aria-required=\"true\" aria-invalid=\"false\" value=\"\" type=\"text\" name=\"the-company\" \/><\/span> <\/label>\n<\/p>\n<p><label class=\"cf-inquiry-label\"> Nom*<br \/>\n<span class=\"wpcf7-form-control-wrap\" data-name=\"the-name\"><input size=\"40\" maxlength=\"400\" class=\"wpcf7-form-control wpcf7-text wpcf7-validates-as-required cf-inquiry-input\" autocomplete=\"name\" aria-required=\"true\" aria-invalid=\"false\" value=\"\" type=\"text\" name=\"the-name\" \/><\/span> <\/label>\n<\/p>\n<p><label class=\"cf-inquiry-label\"> Nom de famille*<br \/>\n<span class=\"wpcf7-form-control-wrap\" data-name=\"the-surname\"><input size=\"40\" maxlength=\"400\" class=\"wpcf7-form-control wpcf7-text wpcf7-validates-as-required cf-inquiry-input\" autocomplete=\"name\" aria-required=\"true\" aria-invalid=\"false\" value=\"\" type=\"text\" name=\"the-surname\" \/><\/span> <\/label>\n<\/p>\n<p><label class=\"cf-inquiry-label\"> Votre position<br \/>\n<span class=\"wpcf7-form-control-wrap\" data-name=\"the-position\"><input size=\"40\" maxlength=\"400\" class=\"wpcf7-form-control wpcf7-text cf-inquiry-input\" autocomplete=\"name\" aria-invalid=\"false\" value=\"\" type=\"text\" name=\"the-position\" \/><\/span> <\/label>\n<\/p>\n<p><label class=\"cf-inquiry-label\"> E-Mail*<br \/>\n<span class=\"wpcf7-form-control-wrap\" data-name=\"the-email\"><input size=\"40\" maxlength=\"400\" class=\"wpcf7-form-control wpcf7-email wpcf7-validates-as-required wpcf7-text wpcf7-validates-as-email cf-inquiry-input\" autocomplete=\"email\" aria-required=\"true\" aria-invalid=\"false\" value=\"\" type=\"email\" name=\"the-email\" \/><\/span> <\/label>\n<\/p>\n<p><label class=\"cf-inquiry-label\">T\u00e9l\u00e9phone<br \/>\n<span class=\"wpcf7-form-control-wrap\" data-name=\"the-number\"><input size=\"40\" maxlength=\"400\" class=\"wpcf7-form-control wpcf7-tel wpcf7-text wpcf7-validates-as-tel\" aria-invalid=\"false\" value=\"\" type=\"tel\" name=\"the-number\" \/><\/span> <\/label>\n<\/p>\n<div class=\"cf-inquiry-bottom\">\n\t<p>Remarque : en soumettant ce formulaire, vous acceptez d'\u00eatre contact\u00e9 par l'\u00e9quipe O&O Syspectr en utilisant les coordonn\u00e9es fournies. Vos donn\u00e9es seront trait\u00e9es conform\u00e9ment \u00e0 notre <a href=\"https:\/\/www.syspectr.com\/en\/privacy-policy\">politique de confidentialit\u00e9<\/a>.<br \/>\n&nbsp;<br \/>\n*N\u00e9cessaire\n\t<\/p>\n<\/div>\n<p><span class=\"wpcf7-form-control-wrap kc_captcha cf7ic-toggle\" data-name=\"kc_captcha\"><span class=\"wpcf7-form-control wpcf7-radio\"><span class=\"captcha-image\" style=\"display: none;\"><span class=\"cf7ic_instructions\">Please prove you are human by selecting the<span> star<\/span>.<\/span><label><input aria-label=\"1\" type=\"radio\" name=\"kc_captcha\" value=\"bot\" \/><svg width=\"50\" height=\"50\" aria-hidden=\"true\" role=\"img\" xmlns=\"http:\/\/www.w3.org\/2000\/svg\" viewBox=\"0 0 576 512\"><path fill=\"currentColor\" d=\"M488 313v143c0 13-11 24-24 24H348c-7 0-12-5-12-12V356c0-7-5-12-12-12h-72c-7 0-12 5-12 12v112c0 7-5 12-12 12H112c-13 0-24-11-24-24V313c0-4 2-7 4-10l188-154c5-4 11-4 16 0l188 154c2 3 4 6 4 10zm84-61l-84-69V44c0-6-5-12-12-12h-56c-7 0-12 6-12 12v73l-89-74a48 48 0 00-61 0L4 252c-5 4-5 12-1 17l25 31c5 5 12 5 17 1l235-193c5-4 11-4 16 0l235 193c5 5 13 4 17-1l25-31c4-6 4-13-1-17z\"\/><\/svg><\/label><label><input aria-label=\"2\" type=\"radio\" name=\"kc_captcha\" value=\"kc_human\" \/><svg width=\"50\" height=\"50\" aria-hidden=\"true\" role=\"img\" xmlns=\"http:\/\/www.w3.org\/2000\/svg\" viewBox=\"0 0 576 512\"><path fill=\"currentColor\" d=\"M259 18l-65 132-146 22c-26 3-37 36-18 54l106 103-25 146c-5 26 23 46 46 33l131-68 131 68c23 13 51-7 46-33l-25-146 106-103c19-18 8-51-18-54l-146-22-65-132a32 32 0 00-58 0z\"\/><\/svg><\/label><label><input aria-label=\"3\" type=\"radio\" name=\"kc_captcha\" value=\"bot\" \/><svg width=\"50\" height=\"50\" aria-hidden=\"true\" role=\"img\" xmlns=\"http:\/\/www.w3.org\/2000\/svg\" viewBox=\"0 0 640 512\"><path fill=\"currentColor\" d=\"M624 352h-16V244c0-13-5-25-14-34L494 110c-9-9-21-14-34-14h-44V48c0-26-21-48-48-48H48C22 0 0 22 0 48v320c0 27 22 48 48 48h16a96 96 0 00192 0h128a96 96 0 00192 0h48c9 0 16-7 16-16v-32c0-9-7-16-16-16zM160 464a48 48 0 110-96 48 48 0 010 96zm320 0a48 48 0 110-96 48 48 0 010 96zm80-208H416V144h44l100 100v12z\"\/><\/svg><\/label>\n    <\/span>\n    <span style=\"display:none\">\n        <input type=\"text\" name=\"kc_honeypot\">\n    <\/span><\/span><\/span><br \/>\n<input class=\"wpcf7-form-control wpcf7-submit has-spinner cf-inquiry-submit\" type=\"submit\" value=\"Envoyer\" \/><br \/>\n&nbsp;<br \/>\n&nbsp;\n<\/p><div class=\"wpcf7-response-output\" aria-hidden=\"true\"><\/div>\n<\/form>\n<\/div>\n<\/div>\n","protected":false},"excerpt":{"rendered":"<p>Vous avez des questions \u00e0 poser \u00e0 l&rsquo;\u00e9quipe O&amp;O Syspectr ?<\/p>\n","protected":false},"author":2,"featured_media":0,"parent":0,"menu_order":0,"comment_status":"closed","ping_status":"closed","template":"","meta":{"footnotes":""},"class_list":["post-7240","page","type-page","status-publish","hentry"],"yoast_head":"<!-- This site is optimized with the Yoast SEO plugin v25.1 - https:\/\/yoast.com\/wordpress\/plugins\/seo\/ -->\n<title>Soumettre una demande - O&amp;O Syspectr<\/title>\n<meta name=\"robots\" content=\"index, follow, max-snippet:-1, max-image-preview:large, max-video-preview:-1\" \/>\n<link rel=\"canonical\" href=\"https:\/\/www.syspectr.com\/fr\/soumettre-una-demande\" \/>\n<meta property=\"og:locale\" content=\"fr_FR\" \/>\n<meta property=\"og:type\" content=\"article\" \/>\n<meta property=\"og:title\" content=\"Soumettre una demande - O&amp;O Syspectr\" \/>\n<meta property=\"og:description\" content=\"Vous avez des questions \u00e0 poser \u00e0 l&rsquo;\u00e9quipe O&amp;O Syspectr ?\" \/>\n<meta property=\"og:url\" content=\"https:\/\/www.syspectr.com\/fr\/soumettre-una-demande\" \/>\n<meta property=\"og:site_name\" content=\"O&amp;O Syspectr\" \/>\n<meta property=\"article:publisher\" content=\"https:\/\/www.facebook.com\/OOSoftware\" \/>\n<meta property=\"article:modified_time\" content=\"2023-08-15T13:16:27+00:00\" \/>\n<meta property=\"og:image\" content=\"https:\/\/www.syspectr.com\/wp-content\/uploads\/logo.png\" \/>\n\t<meta property=\"og:image:width\" content=\"1200\" \/>\n\t<meta property=\"og:image:height\" content=\"1200\" \/>\n\t<meta property=\"og:image:type\" content=\"image\/png\" \/>\n<meta name=\"twitter:card\" content=\"summary_large_image\" \/>\n<meta name=\"twitter:site\" content=\"@syspectr\" \/>\n<script type=\"application\/ld+json\" class=\"yoast-schema-graph\">{\"@context\":\"https:\/\/schema.org\",\"@graph\":[{\"@type\":\"WebPage\",\"@id\":\"https:\/\/www.syspectr.com\/fr\/soumettre-una-demande\",\"url\":\"https:\/\/www.syspectr.com\/fr\/soumettre-una-demande\",\"name\":\"Soumettre una demande - O&amp;O Syspectr\",\"isPartOf\":{\"@id\":\"https:\/\/www.syspectr.com\/fr#website\"},\"datePublished\":\"2023-08-15T13:07:05+00:00\",\"dateModified\":\"2023-08-15T13:16:27+00:00\",\"breadcrumb\":{\"@id\":\"https:\/\/www.syspectr.com\/fr\/soumettre-una-demande#breadcrumb\"},\"inLanguage\":\"fr-FR\",\"potentialAction\":[{\"@type\":\"ReadAction\",\"target\":[\"https:\/\/www.syspectr.com\/fr\/soumettre-una-demande\"]}]},{\"@type\":\"BreadcrumbList\",\"@id\":\"https:\/\/www.syspectr.com\/fr\/soumettre-una-demande#breadcrumb\",\"itemListElement\":[{\"@type\":\"ListItem\",\"position\":1,\"name\":\"Home\",\"item\":\"https:\/\/oodev-www.syspectr.com\/fr\"},{\"@type\":\"ListItem\",\"position\":2,\"name\":\"Soumettre una demande\"}]},{\"@type\":\"WebSite\",\"@id\":\"https:\/\/www.syspectr.com\/fr#website\",\"url\":\"https:\/\/www.syspectr.com\/fr\",\"name\":\"O&amp;O Syspectr\",\"description\":\"Manage and monitor your network. Anytime. Anywhere.\",\"publisher\":{\"@id\":\"https:\/\/www.syspectr.com\/fr#organization\"},\"potentialAction\":[{\"@type\":\"SearchAction\",\"target\":{\"@type\":\"EntryPoint\",\"urlTemplate\":\"https:\/\/www.syspectr.com\/fr?s={search_term_string}\"},\"query-input\":{\"@type\":\"PropertyValueSpecification\",\"valueRequired\":true,\"valueName\":\"search_term_string\"}}],\"inLanguage\":\"fr-FR\"},{\"@type\":\"Organization\",\"@id\":\"https:\/\/www.syspectr.com\/fr#organization\",\"name\":\"O&O Software GmbH\",\"url\":\"https:\/\/www.syspectr.com\/fr\",\"logo\":{\"@type\":\"ImageObject\",\"inLanguage\":\"fr-FR\",\"@id\":\"https:\/\/www.syspectr.com\/fr#\/schema\/logo\/image\/\",\"url\":\"https:\/\/oodev-www.syspectr.com\/wp-content\/uploads\/logo.png\",\"contentUrl\":\"https:\/\/oodev-www.syspectr.com\/wp-content\/uploads\/logo.png\",\"width\":1200,\"height\":1200,\"caption\":\"O&O Software GmbH\"},\"image\":{\"@id\":\"https:\/\/www.syspectr.com\/fr#\/schema\/logo\/image\/\"},\"sameAs\":[\"https:\/\/www.facebook.com\/OOSoftware\",\"https:\/\/x.com\/syspectr\",\"https:\/\/ca.linkedin.com\/company\/o&amp;o-software-gmbh\",\"https:\/\/www.youtube.com\/user\/oosoftw\"]}]}<\/script>\n<!-- \/ Yoast SEO plugin. -->","yoast_head_json":{"title":"Soumettre una demande - O&amp;O Syspectr","robots":{"index":"index","follow":"follow","max-snippet":"max-snippet:-1","max-image-preview":"max-image-preview:large","max-video-preview":"max-video-preview:-1"},"canonical":"https:\/\/www.syspectr.com\/fr\/soumettre-una-demande","og_locale":"fr_FR","og_type":"article","og_title":"Soumettre una demande - O&amp;O Syspectr","og_description":"Vous avez des questions \u00e0 poser \u00e0 l&rsquo;\u00e9quipe O&amp;O Syspectr ?","og_url":"https:\/\/www.syspectr.com\/fr\/soumettre-una-demande","og_site_name":"O&amp;O Syspectr","article_publisher":"https:\/\/www.facebook.com\/OOSoftware","article_modified_time":"2023-08-15T13:16:27+00:00","og_image":[{"width":1200,"height":1200,"url":"https:\/\/www.syspectr.com\/wp-content\/uploads\/logo.png","type":"image\/png"}],"twitter_card":"summary_large_image","twitter_site":"@syspectr","schema":{"@context":"https:\/\/schema.org","@graph":[{"@type":"WebPage","@id":"https:\/\/www.syspectr.com\/fr\/soumettre-una-demande","url":"https:\/\/www.syspectr.com\/fr\/soumettre-una-demande","name":"Soumettre una demande - O&amp;O Syspectr","isPartOf":{"@id":"https:\/\/www.syspectr.com\/fr#website"},"datePublished":"2023-08-15T13:07:05+00:00","dateModified":"2023-08-15T13:16:27+00:00","breadcrumb":{"@id":"https:\/\/www.syspectr.com\/fr\/soumettre-una-demande#breadcrumb"},"inLanguage":"fr-FR","potentialAction":[{"@type":"ReadAction","target":["https:\/\/www.syspectr.com\/fr\/soumettre-una-demande"]}]},{"@type":"BreadcrumbList","@id":"https:\/\/www.syspectr.com\/fr\/soumettre-una-demande#breadcrumb","itemListElement":[{"@type":"ListItem","position":1,"name":"Home","item":"https:\/\/oodev-www.syspectr.com\/fr"},{"@type":"ListItem","position":2,"name":"Soumettre una demande"}]},{"@type":"WebSite","@id":"https:\/\/www.syspectr.com\/fr#website","url":"https:\/\/www.syspectr.com\/fr","name":"O&amp;O Syspectr","description":"Manage and monitor your network. Anytime. Anywhere.","publisher":{"@id":"https:\/\/www.syspectr.com\/fr#organization"},"potentialAction":[{"@type":"SearchAction","target":{"@type":"EntryPoint","urlTemplate":"https:\/\/www.syspectr.com\/fr?s={search_term_string}"},"query-input":{"@type":"PropertyValueSpecification","valueRequired":true,"valueName":"search_term_string"}}],"inLanguage":"fr-FR"},{"@type":"Organization","@id":"https:\/\/www.syspectr.com\/fr#organization","name":"O&O Software GmbH","url":"https:\/\/www.syspectr.com\/fr","logo":{"@type":"ImageObject","inLanguage":"fr-FR","@id":"https:\/\/www.syspectr.com\/fr#\/schema\/logo\/image\/","url":"https:\/\/oodev-www.syspectr.com\/wp-content\/uploads\/logo.png","contentUrl":"https:\/\/oodev-www.syspectr.com\/wp-content\/uploads\/logo.png","width":1200,"height":1200,"caption":"O&O Software GmbH"},"image":{"@id":"https:\/\/www.syspectr.com\/fr#\/schema\/logo\/image\/"},"sameAs":["https:\/\/www.facebook.com\/OOSoftware","https:\/\/x.com\/syspectr","https:\/\/ca.linkedin.com\/company\/o&amp;o-software-gmbh","https:\/\/www.youtube.com\/user\/oosoftw"]}]}},"publishpress_future_action":{"enabled":false,"date":"2026-04-22 10:45:21","action":"change-status","newStatus":"draft","terms":[],"taxonomy":"translation_priority"},"publishpress_future_workflow_manual_trigger":{"enabledWorkflows":[]},"_links":{"self":[{"href":"https:\/\/www.syspectr.com\/fr\/wp-json\/wp\/v2\/pages\/7240","targetHints":{"allow":["GET"]}}],"collection":[{"href":"https:\/\/www.syspectr.com\/fr\/wp-json\/wp\/v2\/pages"}],"about":[{"href":"https:\/\/www.syspectr.com\/fr\/wp-json\/wp\/v2\/types\/page"}],"author":[{"embeddable":true,"href":"https:\/\/www.syspectr.com\/fr\/wp-json\/wp\/v2\/users\/2"}],"replies":[{"embeddable":true,"href":"https:\/\/www.syspectr.com\/fr\/wp-json\/wp\/v2\/comments?post=7240"}],"version-history":[{"count":2,"href":"https:\/\/www.syspectr.com\/fr\/wp-json\/wp\/v2\/pages\/7240\/revisions"}],"predecessor-version":[{"id":7252,"href":"https:\/\/www.syspectr.com\/fr\/wp-json\/wp\/v2\/pages\/7240\/revisions\/7252"}],"wp:attachment":[{"href":"https:\/\/www.syspectr.com\/fr\/wp-json\/wp\/v2\/media?parent=7240"}],"curies":[{"name":"wp","href":"https:\/\/api.w.org\/{rel}","templated":true}]}}