{"id":8937,"date":"2024-12-16T15:30:45","date_gmt":"2024-12-16T13:30:45","guid":{"rendered":"https:\/\/oodev-www.syspectr.com\/features"},"modified":"2025-07-30T08:32:25","modified_gmt":"2025-07-30T06:32:25","slug":"fonctionnalites","status":"publish","type":"page","link":"https:\/\/www.syspectr.com\/fr\/fonctionnalites","title":{"rendered":"Fonctionnalites"},"content":{"rendered":"\n<div style=\"height:30px\" aria-hidden=\"true\" class=\"wp-block-spacer\"><\/div>\n\n\n\n<div style=\"height:50px\" aria-hidden=\"true\" class=\"wp-block-spacer\"><\/div>\n\n\n\n<div class=\"wp-block-columns is-layout-flex wp-container-core-columns-is-layout-9d6595d7 wp-block-columns-is-layout-flex\">\n<div class=\"wp-block-column is-layout-flow wp-block-column-is-layout-flow\"><\/div>\n<\/div>\n\n\n\n<div style=\"height:50px\" aria-hidden=\"true\" class=\"wp-block-spacer\"><\/div>\n\n\n\n<div class=\"wp-block-group\"><div class=\"wp-block-group__inner-container is-layout-constrained wp-block-group-is-layout-constrained\">\n<div class=\"wp-block-columns is-layout-flex wp-container-core-columns-is-layout-9d6595d7 wp-block-columns-is-layout-flex\">\n<div class=\"wp-block-column is-layout-flow wp-block-column-is-layout-flow\">\n<figure class=\"wp-block-image size-full\"><img loading=\"lazy\" decoding=\"async\" width=\"701\" height=\"557\" src=\"\/wp-content\/uploads\/syspectrWeb3_concept001_498_syspEdit_7_25_024_001-1.png\" alt=\"\" class=\"wp-image-9215\"\/><\/figure>\n<\/div>\n\n\n\n<div class=\"wp-block-column is-layout-flow wp-block-column-is-layout-flow\">\n<h2 class=\"wp-block-heading has-text-align-right has-large-font-size\" style=\"margin-left: -200px;margin-top: 0;\">\nGardez un \u0153il sur vos PC et serveurs. <br>\n<span style=\"font-weight: 400;\">O\u00f9 que <\/span> <span style=\"font-weight: 600;\">vous soyez<\/span>.\n<\/h2>\n\n\n\n<div style=\"height:50px\" aria-hidden=\"true\" class=\"wp-block-spacer\"><\/div>\n\n\n\n<p class=\"has-text-align-right\">O&amp;O Syspectr vous offre une vue d&rsquo;ensemble centralis\u00e9e de toute votre infrastructure Windows. Gr\u00e2ce \u00e0 l&rsquo;application web conviviale, vous pouvez surveiller tous les \u00e9v\u00e9nements en temps r\u00e9el. Les incidents importants sont imm\u00e9diatement affich\u00e9s sur le tableau de bord ou signal\u00e9s par e-mail.<\/p>\n<\/div>\n<\/div>\n<\/div><\/div>\n\n\n\n<div style=\"height:100px\" aria-hidden=\"true\" class=\"wp-block-spacer\"><\/div>\n\n\n\n<div class=\"wp-block-columns are-vertically-aligned-center is-layout-flex wp-container-core-columns-is-layout-9d6595d7 wp-block-columns-is-layout-flex\">\n<div class=\"wp-block-column is-vertically-aligned-center is-layout-flow wp-block-column-is-layout-flow\">\n<h2 class=\"wp-block-heading\">Gardez le contr\u00f4le sur ce qui se passe sur vos PC et serveurs.<\/h2>\n\n\n\n<div style=\"height:10px\" aria-hidden=\"true\" class=\"wp-block-spacer\"><\/div>\n\n\n\n<p>Des informations telles que le mat\u00e9riel, les logiciels, l\u2019\u00e9tat de la m\u00e9moire, l\u2019\u00e9tat des disques, le statut de la connexion, ainsi que les adresses IP internes et externes sont disponibles en un coup d\u2019\u0153il.<\/p>\n\n\n\n<p>M\u00eame lorsque les syst\u00e8mes sont \u00e9teints, ces informations restent accessibles \u2014 simplement via notre application web, que vous pouvez utiliser \u00e0 tout moment et depuis n\u2019importe o\u00f9 dans votre navigateur.<\/p>\n\n\n\n<p>En cas d\u2019\u00e9v\u00e9nements importants, O&amp;O Syspectr peut, si vous le souhaitez, vous en informer imm\u00e9diatement par e-mail. Vous pouvez ainsi r\u00e9agir rapidement et g\u00e9rer votre infrastructure informatique de mani\u00e8re efficace \u2014 sans devoir \u00eatre sur place.<\/p>\n<\/div>\n\n\n\n<div class=\"wp-block-column is-vertically-aligned-center is-layout-flow wp-block-column-is-layout-flow\"><div class=\"wp-block-image is-style-default\">\n<figure class=\"aligncenter size-full\"><img loading=\"lazy\" decoding=\"async\" width=\"324\" height=\"203\" src=\"\/wp-content\/uploads\/syspectrWeb3_concept001_498_syspEdit_7_25_024_002-1.png\" alt=\"\" class=\"wp-image-9218\" style=\"object-fit:cover\"\/><\/figure><\/div><\/div>\n<\/div>\n\n\n\n<div style=\"height:100px\" aria-hidden=\"true\" class=\"wp-block-spacer\"><\/div>\n\n\n\n<div class=\"wp-block-columns is-layout-flex wp-container-core-columns-is-layout-9d6595d7 wp-block-columns-is-layout-flex\">\n<div class=\"wp-block-column is-vertically-aligned-center is-layout-flow wp-block-column-is-layout-flow\"><div class=\"wp-block-image\">\n<figure class=\"aligncenter size-full\"><img loading=\"lazy\" decoding=\"async\" width=\"343\" height=\"205\" src=\"\/wp-content\/uploads\/syspectrWeb3_concept001_498_syspEdit_7_25_024_003-1.png\" alt=\"\" class=\"wp-image-9192\" style=\"object-fit:cover\"\/><\/figure><\/div><\/div>\n\n\n\n<div class=\"wp-block-column is-layout-flow wp-block-column-is-layout-flow\">\n<h2 class=\"wp-block-heading has-text-align-right\">Identifiez les probl\u00e8mes avant qu\u2019ils ne fassent mal<\/h2>\n\n\n\n<div style=\"height:10px\" aria-hidden=\"true\" class=\"wp-block-spacer\"><\/div>\n\n\n\n<p class=\"has-text-align-right\">O&amp;O Syspectr surveille vos syst\u00e8mes Windows en arri\u00e8re-plan et vous informe en temps r\u00e9el de tout probl\u00e8me. Cela inclut l\u2019installation de nouveaux logiciels, la surveillance de la s\u00e9curit\u00e9 Windows, l\u2019absence de mises \u00e0 jour Windows, ainsi que la connexion de p\u00e9riph\u00e9riques de stockage USB. Si vous le souhaitez, vous pouvez bloquer les p\u00e9riph\u00e9riques USB afin d\u2019\u00e9viter le vol de donn\u00e9es sensibles ou l\u2019introduction de logiciels malveillants.<\/p>\n\n\n\n<div style=\"height:20px\" aria-hidden=\"true\" class=\"wp-block-spacer\"><\/div>\n\n\n\n<p class=\"has-text-align-right\">Les probl\u00e8mes li\u00e9s aux supports de stockage comme les disques durs ou les SSD sont une cause fr\u00e9quente de dysfonctionnement. O&amp;O Syspectr vous indique l\u2019utilisation actuelle de l\u2019espace de stockage et vous alerte en cas de seuil critique atteint. Cela vous permet d\u2019\u00e9viter des serveurs satur\u00e9s et des pannes syst\u00e8me. Gr\u00e2ce \u00e0 la surveillance compl\u00e8te des param\u00e8tres de sant\u00e9, vous pouvez d\u00e9tecter les d\u00e9fauts potentiels \u00e0 un stade pr\u00e9coce et r\u00e9duire les interruptions impr\u00e9vues.<\/p>\n<\/div>\n<\/div>\n\n\n\n<div style=\"height:100px\" aria-hidden=\"true\" class=\"wp-block-spacer\"><\/div>\n\n\n\n<div class=\"wp-block-columns are-vertically-aligned-center is-layout-flex wp-container-core-columns-is-layout-9d6595d7 wp-block-columns-is-layout-flex\">\n<div class=\"wp-block-column is-vertically-aligned-center is-layout-flow wp-block-column-is-layout-flow\">\n<h2 class=\"wp-block-heading\">G\u00e9rez vos syst\u00e8mes et assistez vos utilisateurs<\/h2>\n\n\n\n<div style=\"height:10px\" aria-hidden=\"true\" class=\"wp-block-spacer\"><\/div>\n\n\n\n<p>O&amp;O Syspectr ne se contente pas de surveiller \u2014 il vous aide aussi activement \u00e0 assister vos utilisateurs. Gr\u00e2ce au Bureau \u00e0 distance int\u00e9gr\u00e9, vous pouvez acc\u00e9der \u00e0 tout moment aux PC distants. Il vous suffit d\u2019un navigateur moderne et d\u2019un appareil connect\u00e9 \u00e0 Internet.<\/p>\n\n\n\n<div style=\"height:20px\" aria-hidden=\"true\" class=\"wp-block-spacer\"><\/div>\n\n\n\n<p>Besoin de modifier rapidement un param\u00e8tre pour le service comptable ou de v\u00e9rifier l\u2019\u00e9tat actuel d\u2019un serveur ? Tout cela est \u00e0 port\u00e9e de clic. Vos donn\u00e9es sont prot\u00e9g\u00e9es par un chiffrement s\u00e9curis\u00e9 via des centres de donn\u00e9es situ\u00e9s en Allemagne et une authentification \u00e0 deux facteurs.<\/p>\n\n\n\n<div style=\"height:20px\" aria-hidden=\"true\" class=\"wp-block-spacer\"><\/div>\n\n\n\n<p>Additionally, you can make numerous system settings. With the integrated Remote Console, you even have access to the classic command line.<\/p>\n<\/div>\n\n\n\n<div class=\"wp-block-column is-vertically-aligned-center is-layout-flow wp-block-column-is-layout-flow\"><div class=\"wp-block-image is-style-default\">\n<figure class=\"aligncenter size-full\"><img loading=\"lazy\" decoding=\"async\" width=\"383\" height=\"276\" src=\"\/wp-content\/uploads\/syspectrWeb3_concept001_498_syspEdit_7_25_024_004-1.png\" alt=\"\" class=\"wp-image-9221\" style=\"object-fit:cover\"\/><\/figure><\/div><\/div>\n<\/div>\n\n\n\n<div style=\"height:50px\" aria-hidden=\"true\" class=\"wp-block-spacer\"><\/div>\n\n\n\n<h2 class=\"wp-block-heading\">Fonctionnalit\u00e9s suppl\u00e9mentaires<\/h2>\n\n\n\n<div class=\"wp-block-columns is-layout-flex wp-container-core-columns-is-layout-9d6595d7 wp-block-columns-is-layout-flex\">\n<div class=\"wp-block-column is-layout-flow wp-block-column-is-layout-flow\">\n<p><img loading=\"lazy\" decoding=\"async\" width=\"32\" height=\"32\" class=\"wp-image-8867\" style=\"width: 32px;\" src=\"\/wp-content\/uploads\/4.png\" alt=\"\"> <strong>Statut en ligne<br><\/strong>Surveille continuellement l\u2019\u00e9tat de vos syst\u00e8mes et signale rapidement les arr\u00eats inattendus.<\/p>\n\n\n\n<div style=\"height:20px\" aria-hidden=\"true\" class=\"wp-block-spacer\"><\/div>\n\n\n\n<p><img loading=\"lazy\" decoding=\"async\" width=\"32\" height=\"32\" class=\"wp-image-8852\" style=\"width: 32px;\" src=\"\/wp-content\/uploads\/9.png\" alt=\"\"> <strong>Syst\u00e8me d&rsquo;exploitation<br><\/strong>Affiche le syst\u00e8me d&rsquo;exploitation Windows install\u00e9 avec le num\u00e9ro de version. Prend en charge toutes les versions actuelles \u00e0 partir de Windows 10 et Windows Server 2016.<\/p>\n\n\n\n<div style=\"height:20px\" aria-hidden=\"true\" class=\"wp-block-spacer\"><\/div>\n\n\n\n<p><img loading=\"lazy\" decoding=\"async\" width=\"32\" height=\"32\" class=\"wp-image-8864\" style=\"width: 32px;\" src=\"\/wp-content\/uploads\/15.png\" alt=\"\"> <strong>Pare-feu Windows<br><\/strong>Vous informe rapidement et clairement lorsque le pare-feu Windows est d\u00e9sactiv\u00e9 et vous permet de le r\u00e9activer \u00e0 distance pour maintenir efficacement la s\u00e9curit\u00e9 de vos syst\u00e8mes.<\/p>\n\n\n\n<div style=\"height:20px\" aria-hidden=\"true\" class=\"wp-block-spacer\"><\/div>\n\n\n\n<p><img loading=\"lazy\" decoding=\"async\" width=\"32\" height=\"32\" class=\"wp-image-8870\" style=\"width: 32px;\" src=\"\/wp-content\/uploads\/7.png\" alt=\"\"> <strong><strong>Surveillance du stockage<\/strong><br><\/strong>D\u00e9tecte les disques durs et SSD pleins. Vous d\u00e9finissez \u00e0 quel niveau de remplissage une alerte est \u00e9mise. Cette fonctionnalit\u00e9 permet une gestion proactive et la pr\u00e9vention des probl\u00e8mes de stockage.<\/p>\n\n\n\n<div style=\"height:20px\" aria-hidden=\"true\" class=\"wp-block-spacer\"><\/div>\n\n\n\n<p><img loading=\"lazy\" decoding=\"async\" width=\"32\" height=\"32\" class=\"wp-image-8849\" style=\"width: 32px;\" src=\"\/wp-content\/uploads\/8.png\" alt=\"\"> <strong>Sant\u00e9 du disque<br><\/strong>Surveille les valeurs S.M.A.R.T. de vos disques avec la technologie int\u00e9gr\u00e9e O&amp;O DriveLED et alerte en cas de probl\u00e8mes.<\/p>\n\n\n\n<div style=\"height:20px\" aria-hidden=\"true\" class=\"wp-block-spacer\"><\/div>\n\n\n\n<p><img loading=\"lazy\" decoding=\"async\" width=\"32\" height=\"32\" class=\"wp-image-8855\" style=\"width: 32px;\" src=\"\/wp-content\/uploads\/10.png\" alt=\"\"> <strong>Console \u00e0 distance<\/strong><br>Ouvre une ligne de commande sur les syst\u00e8mes distants pour un support rapide et le d\u00e9pannage.<\/p>\n<\/div>\n\n\n\n<div class=\"wp-block-column is-layout-flow wp-block-column-is-layout-flow\">\n<p><img loading=\"lazy\" decoding=\"async\" width=\"32\" height=\"32\" class=\"wp-image-8861\" style=\"width: 32px;\" src=\"\/wp-content\/uploads\/13.png\" alt=\"\"> <strong>Inventaire mat\u00e9riel<\/strong><br>Liste clairement les composants du syst\u00e8me tels que le CPU, la m\u00e9moire et les disques durs.<\/p>\n\n\n\n<div style=\"height:20px\" aria-hidden=\"true\" class=\"wp-block-spacer\"><\/div>\n\n\n\n<p><img loading=\"lazy\" decoding=\"async\" width=\"32\" height=\"32\" class=\"wp-image-8858\" style=\"width: 32px;\" src=\"\/wp-content\/uploads\/11.png\" alt=\"\"> <strong>Gestion des logiciels<\/strong><br>Inventorie minutieusement les logiciels install\u00e9s et permet efficacement leur mise \u00e0 jour et leur d\u00e9sinstallation \u00e0 distance, si cela est pris en charge par les applications concern\u00e9es.<\/p>\n\n\n\n<div style=\"height:20px\" aria-hidden=\"true\" class=\"wp-block-spacer\"><\/div>\n\n\n\n<p><img loading=\"lazy\" decoding=\"async\" width=\"32\" height=\"32\" class=\"wp-image-8864\" style=\"width: 32px;\" src=\"\/wp-content\/uploads\/15.png\" alt=\"\"> <strong>S\u00e9curit\u00e9 Windows<br><\/strong>Surveille les param\u00e8tres de s\u00e9curit\u00e9 tels que le Contr\u00f4le de compte d&rsquo;utilisateur (UAC) et les comptes invit\u00e9s d\u00e9sactiv\u00e9s pour d\u00e9tecter les vuln\u00e9rabilit\u00e9s de mani\u00e8re pr\u00e9coce.<\/p>\n\n\n\n<div style=\"height:20px\" aria-hidden=\"true\" class=\"wp-block-spacer\"><\/div>\n\n\n\n<p><img loading=\"lazy\" decoding=\"async\" width=\"32\" height=\"32\" class=\"wp-image-8864\" style=\"width: 32px;\" src=\"\/wp-content\/uploads\/15.png\" alt=\"\"> <strong><strong>Gestion antivirus<\/strong><br><\/strong>V\u00e9rifie si le logiciel antivirus est constamment \u00e0 jour et actif pour \u00e9viter les failles de s\u00e9curit\u00e9 potentielles. Offre \u00e9galement une gestion int\u00e9gr\u00e9e compl\u00e8te de Microsoft Defender.<\/p>\n\n\n\n<div style=\"height:20px\" aria-hidden=\"true\" class=\"wp-block-spacer\"><\/div>\n\n\n\n<p><img loading=\"lazy\" decoding=\"async\" width=\"32\" height=\"32\" class=\"wp-image-8852\" style=\"width: 32px;\" src=\"\/wp-content\/uploads\/9.png\" alt=\"\"> <strong>Surveillance des processus<br><\/strong>Vous informe lorsque des processus d\u00e9finis commencent ou se terminent, et surveille les services Windows pour une performance syst\u00e8me optimale.<\/p>\n\n\n\n<div style=\"height:20px\" aria-hidden=\"true\" class=\"wp-block-spacer\"><\/div>\n\n\n\n<p><img loading=\"lazy\" decoding=\"async\" width=\"32\" height=\"32\" class=\"wp-image-8858\" style=\"width: 32px;\" src=\"\/wp-content\/uploads\/11.png\" alt=\"\"> <strong><strong>Journalisation des \u00e9v\u00e9nements<\/strong><br><\/strong>Stocke tous les \u00e9v\u00e9nements pertinents dans un historique, rendant les changements tra\u00e7ables \u00e0 tout moment.<\/p>\n<\/div>\n<\/div>\n\n\n\n<div style=\"height:100px\" aria-hidden=\"true\" class=\"wp-block-spacer\"><\/div>\n\n\n\n<p class=\"has-text-align-center\" style=\"font-size:16px\">Voulez-vous essayer O&amp;O Syspectr ? Pas de probl\u00e8me ! <\/p>\n\n\n\n<div style=\"height:35px\" aria-hidden=\"true\" class=\"wp-block-spacer\"><\/div>\n\n\n\n<div class=\"syspectr-cta-green-buttons\">\n     <a class=\"syspectr-cta-green-button\" href=\"https:\/\/app.syspectr.com\/en\/account\/signup?aff=www\">\nEssayez maintenant!<\/a>\n<\/div>\n\n\n\n<div style=\"height:40px\" aria-hidden=\"true\" class=\"wp-block-spacer\"><\/div>\n\n\n\n<p class=\"has-text-align-center\" style=\"font-size:16px\">D&rsquo;ailleurs, vous pouvez g\u00e9rer jusqu&rsquo;\u00e0 10 ordinateurs gratuitement !<\/p>\n\n\n\n<div style=\"height:60px\" aria-hidden=\"true\" class=\"wp-block-spacer\"><\/div>\n\n\n\n<p><\/p>\n\n\n\n<div style=\"height:20px\" aria-hidden=\"true\" class=\"wp-block-spacer\"><\/div>\n","protected":false},"excerpt":{"rendered":"<p>Gardez un \u0153il sur vos PC et serveurs. O\u00f9 que vous soyez. O&amp;O Syspectr vous offre une vue d&rsquo;ensemble centralis\u00e9e de toute votre infrastructure Windows. Gr\u00e2ce \u00e0 l&rsquo;application web conviviale, vous pouvez surveiller tous les \u00e9v\u00e9nements en temps r\u00e9el. Les &hellip; <a href=\"https:\/\/www.syspectr.com\/fr\/fonctionnalites\">Continue reading <span class=\"meta-nav\">&rarr;<\/span><\/a><\/p>\n","protected":false},"author":15,"featured_media":0,"parent":0,"menu_order":0,"comment_status":"closed","ping_status":"closed","template":"","meta":{"footnotes":""},"class_list":["post-8937","page","type-page","status-publish","hentry"],"yoast_head":"<!-- This site is optimized with the Yoast SEO plugin v25.1 - https:\/\/yoast.com\/wordpress\/plugins\/seo\/ -->\n<title>Fonctionnalites - O&amp;O Syspectr<\/title>\n<meta name=\"description\" content=\"O&amp;O Syspectr bietet Ihnen eine zentrale \u00dcbersicht \u00fcber Ihre gesamte Windows-Infrastruktur. Verfolgen Sie alle Ereignisse in Echtzeit.\" \/>\n<meta name=\"robots\" content=\"index, follow, max-snippet:-1, max-image-preview:large, max-video-preview:-1\" \/>\n<link rel=\"canonical\" href=\"https:\/\/www.syspectr.com\/fr\/fonctionnalites\" \/>\n<meta property=\"og:locale\" content=\"fr_FR\" \/>\n<meta property=\"og:type\" content=\"article\" \/>\n<meta property=\"og:title\" content=\"O&amp;O Syspectr\" \/>\n<meta property=\"og:description\" content=\"O&amp;O Syspectr bietet Ihnen eine zentrale \u00dcbersicht \u00fcber Ihre gesamte Windows-Infrastruktur. Verfolgen Sie alle Ereignisse in Echtzeit.\" \/>\n<meta property=\"og:url\" content=\"https:\/\/www.syspectr.com\/fr\/fonctionnalites\" \/>\n<meta property=\"og:site_name\" content=\"O&amp;O Syspectr\" \/>\n<meta property=\"article:publisher\" content=\"https:\/\/www.facebook.com\/OOSoftware\" \/>\n<meta property=\"article:modified_time\" content=\"2025-07-30T06:32:25+00:00\" \/>\n<meta property=\"og:image\" content=\"https:\/\/oodev-www.syspectr.com\/wp-content\/uploads\/logo.png\" \/>\n\t<meta property=\"og:image:width\" content=\"1200\" \/>\n\t<meta property=\"og:image:height\" content=\"1200\" \/>\n\t<meta property=\"og:image:type\" content=\"image\/png\" \/>\n<meta name=\"twitter:card\" content=\"summary_large_image\" \/>\n<meta name=\"twitter:title\" content=\"O&amp;O Syspectr\" \/>\n<meta name=\"twitter:description\" content=\"O&amp;O Syspectr bietet Ihnen eine zentrale \u00dcbersicht \u00fcber Ihre gesamte Windows-Infrastruktur. Verfolgen Sie alle Ereignisse in Echtzeit.\" \/>\n<meta name=\"twitter:image\" content=\"https:\/\/www.syspectr.com\/wp-content\/uploads\/logo.png\" \/>\n<meta name=\"twitter:site\" content=\"@syspectr\" \/>\n<meta name=\"twitter:label1\" content=\"Dur\u00e9e de lecture estim\u00e9e\" \/>\n\t<meta name=\"twitter:data1\" content=\"4 minutes\" \/>\n<script type=\"application\/ld+json\" class=\"yoast-schema-graph\">{\"@context\":\"https:\/\/schema.org\",\"@graph\":[{\"@type\":\"WebPage\",\"@id\":\"https:\/\/www.syspectr.com\/fr\/fonctionnalites\",\"url\":\"https:\/\/www.syspectr.com\/fr\/fonctionnalites\",\"name\":\"Fonctionnalites - O&amp;O Syspectr\",\"isPartOf\":{\"@id\":\"https:\/\/www.syspectr.com\/fr#website\"},\"datePublished\":\"2024-12-16T13:30:45+00:00\",\"dateModified\":\"2025-07-30T06:32:25+00:00\",\"description\":\"O&O Syspectr bietet Ihnen eine zentrale \u00dcbersicht \u00fcber Ihre gesamte Windows-Infrastruktur. Verfolgen Sie alle Ereignisse in Echtzeit.\",\"breadcrumb\":{\"@id\":\"https:\/\/www.syspectr.com\/fr\/fonctionnalites#breadcrumb\"},\"inLanguage\":\"fr-FR\",\"potentialAction\":[{\"@type\":\"ReadAction\",\"target\":[\"https:\/\/www.syspectr.com\/fr\/fonctionnalites\"]}]},{\"@type\":\"BreadcrumbList\",\"@id\":\"https:\/\/www.syspectr.com\/fr\/fonctionnalites#breadcrumb\",\"itemListElement\":[{\"@type\":\"ListItem\",\"position\":1,\"name\":\"Home\",\"item\":\"https:\/\/oodev-www.syspectr.com\/fr\"},{\"@type\":\"ListItem\",\"position\":2,\"name\":\"Fonctionnalites\"}]},{\"@type\":\"WebSite\",\"@id\":\"https:\/\/www.syspectr.com\/fr#website\",\"url\":\"https:\/\/www.syspectr.com\/fr\",\"name\":\"O&amp;O Syspectr\",\"description\":\"Manage and monitor your network. Anytime. Anywhere.\",\"publisher\":{\"@id\":\"https:\/\/www.syspectr.com\/fr#organization\"},\"potentialAction\":[{\"@type\":\"SearchAction\",\"target\":{\"@type\":\"EntryPoint\",\"urlTemplate\":\"https:\/\/www.syspectr.com\/fr?s={search_term_string}\"},\"query-input\":{\"@type\":\"PropertyValueSpecification\",\"valueRequired\":true,\"valueName\":\"search_term_string\"}}],\"inLanguage\":\"fr-FR\"},{\"@type\":\"Organization\",\"@id\":\"https:\/\/www.syspectr.com\/fr#organization\",\"name\":\"O&O Software GmbH\",\"url\":\"https:\/\/www.syspectr.com\/fr\",\"logo\":{\"@type\":\"ImageObject\",\"inLanguage\":\"fr-FR\",\"@id\":\"https:\/\/www.syspectr.com\/fr#\/schema\/logo\/image\/\",\"url\":\"https:\/\/oodev-www.syspectr.com\/wp-content\/uploads\/logo.png\",\"contentUrl\":\"https:\/\/oodev-www.syspectr.com\/wp-content\/uploads\/logo.png\",\"width\":1200,\"height\":1200,\"caption\":\"O&O Software GmbH\"},\"image\":{\"@id\":\"https:\/\/www.syspectr.com\/fr#\/schema\/logo\/image\/\"},\"sameAs\":[\"https:\/\/www.facebook.com\/OOSoftware\",\"https:\/\/x.com\/syspectr\",\"https:\/\/ca.linkedin.com\/company\/o&amp;o-software-gmbh\",\"https:\/\/www.youtube.com\/user\/oosoftw\"]}]}<\/script>\n<!-- \/ Yoast SEO plugin. -->","yoast_head_json":{"title":"Fonctionnalites - O&amp;O Syspectr","description":"O&O Syspectr bietet Ihnen eine zentrale \u00dcbersicht \u00fcber Ihre gesamte Windows-Infrastruktur. Verfolgen Sie alle Ereignisse in Echtzeit.","robots":{"index":"index","follow":"follow","max-snippet":"max-snippet:-1","max-image-preview":"max-image-preview:large","max-video-preview":"max-video-preview:-1"},"canonical":"https:\/\/www.syspectr.com\/fr\/fonctionnalites","og_locale":"fr_FR","og_type":"article","og_title":"O&O Syspectr","og_description":"O&O Syspectr bietet Ihnen eine zentrale \u00dcbersicht \u00fcber Ihre gesamte Windows-Infrastruktur. Verfolgen Sie alle Ereignisse in Echtzeit.","og_url":"https:\/\/www.syspectr.com\/fr\/fonctionnalites","og_site_name":"O&amp;O Syspectr","article_publisher":"https:\/\/www.facebook.com\/OOSoftware","article_modified_time":"2025-07-30T06:32:25+00:00","og_image":[{"width":1200,"height":1200,"url":"https:\/\/oodev-www.syspectr.com\/wp-content\/uploads\/logo.png","type":"image\/png"}],"twitter_card":"summary_large_image","twitter_title":"O&O Syspectr","twitter_description":"O&O Syspectr bietet Ihnen eine zentrale \u00dcbersicht \u00fcber Ihre gesamte Windows-Infrastruktur. Verfolgen Sie alle Ereignisse in Echtzeit.","twitter_image":"https:\/\/www.syspectr.com\/wp-content\/uploads\/logo.png","twitter_site":"@syspectr","twitter_misc":{"Dur\u00e9e de lecture estim\u00e9e":"4 minutes"},"schema":{"@context":"https:\/\/schema.org","@graph":[{"@type":"WebPage","@id":"https:\/\/www.syspectr.com\/fr\/fonctionnalites","url":"https:\/\/www.syspectr.com\/fr\/fonctionnalites","name":"Fonctionnalites - O&amp;O Syspectr","isPartOf":{"@id":"https:\/\/www.syspectr.com\/fr#website"},"datePublished":"2024-12-16T13:30:45+00:00","dateModified":"2025-07-30T06:32:25+00:00","description":"O&O Syspectr bietet Ihnen eine zentrale \u00dcbersicht \u00fcber Ihre gesamte Windows-Infrastruktur. Verfolgen Sie alle Ereignisse in Echtzeit.","breadcrumb":{"@id":"https:\/\/www.syspectr.com\/fr\/fonctionnalites#breadcrumb"},"inLanguage":"fr-FR","potentialAction":[{"@type":"ReadAction","target":["https:\/\/www.syspectr.com\/fr\/fonctionnalites"]}]},{"@type":"BreadcrumbList","@id":"https:\/\/www.syspectr.com\/fr\/fonctionnalites#breadcrumb","itemListElement":[{"@type":"ListItem","position":1,"name":"Home","item":"https:\/\/oodev-www.syspectr.com\/fr"},{"@type":"ListItem","position":2,"name":"Fonctionnalites"}]},{"@type":"WebSite","@id":"https:\/\/www.syspectr.com\/fr#website","url":"https:\/\/www.syspectr.com\/fr","name":"O&amp;O Syspectr","description":"Manage and monitor your network. Anytime. Anywhere.","publisher":{"@id":"https:\/\/www.syspectr.com\/fr#organization"},"potentialAction":[{"@type":"SearchAction","target":{"@type":"EntryPoint","urlTemplate":"https:\/\/www.syspectr.com\/fr?s={search_term_string}"},"query-input":{"@type":"PropertyValueSpecification","valueRequired":true,"valueName":"search_term_string"}}],"inLanguage":"fr-FR"},{"@type":"Organization","@id":"https:\/\/www.syspectr.com\/fr#organization","name":"O&O Software GmbH","url":"https:\/\/www.syspectr.com\/fr","logo":{"@type":"ImageObject","inLanguage":"fr-FR","@id":"https:\/\/www.syspectr.com\/fr#\/schema\/logo\/image\/","url":"https:\/\/oodev-www.syspectr.com\/wp-content\/uploads\/logo.png","contentUrl":"https:\/\/oodev-www.syspectr.com\/wp-content\/uploads\/logo.png","width":1200,"height":1200,"caption":"O&O Software GmbH"},"image":{"@id":"https:\/\/www.syspectr.com\/fr#\/schema\/logo\/image\/"},"sameAs":["https:\/\/www.facebook.com\/OOSoftware","https:\/\/x.com\/syspectr","https:\/\/ca.linkedin.com\/company\/o&amp;o-software-gmbh","https:\/\/www.youtube.com\/user\/oosoftw"]}]}},"publishpress_future_action":{"enabled":false,"date":"2026-04-26 11:59:02","action":"change-status","newStatus":"draft","terms":[],"taxonomy":"translation_priority"},"publishpress_future_workflow_manual_trigger":{"enabledWorkflows":[]},"_links":{"self":[{"href":"https:\/\/www.syspectr.com\/fr\/wp-json\/wp\/v2\/pages\/8937","targetHints":{"allow":["GET"]}}],"collection":[{"href":"https:\/\/www.syspectr.com\/fr\/wp-json\/wp\/v2\/pages"}],"about":[{"href":"https:\/\/www.syspectr.com\/fr\/wp-json\/wp\/v2\/types\/page"}],"author":[{"embeddable":true,"href":"https:\/\/www.syspectr.com\/fr\/wp-json\/wp\/v2\/users\/15"}],"replies":[{"embeddable":true,"href":"https:\/\/www.syspectr.com\/fr\/wp-json\/wp\/v2\/comments?post=8937"}],"version-history":[{"count":9,"href":"https:\/\/www.syspectr.com\/fr\/wp-json\/wp\/v2\/pages\/8937\/revisions"}],"predecessor-version":[{"id":9305,"href":"https:\/\/www.syspectr.com\/fr\/wp-json\/wp\/v2\/pages\/8937\/revisions\/9305"}],"wp:attachment":[{"href":"https:\/\/www.syspectr.com\/fr\/wp-json\/wp\/v2\/media?parent=8937"}],"curies":[{"name":"wp","href":"https:\/\/api.w.org\/{rel}","templated":true}]}}