{"id":8944,"date":"2024-12-16T16:24:19","date_gmt":"2024-12-16T14:24:19","guid":{"rendered":"https:\/\/oodev-www.syspectr.com\/download"},"modified":"2024-12-18T16:25:57","modified_gmt":"2024-12-18T14:25:57","slug":"download","status":"publish","type":"page","link":"https:\/\/www.syspectr.com\/fr\/download","title":{"rendered":"Download"},"content":{"rendered":"\n<div style=\"height:100px\" aria-hidden=\"true\" class=\"wp-block-spacer\"><\/div>\n\n\n\n<h2 class=\"has-text-align-center wp-block-heading\">Gardez le contr\u00f4le \u2013 \u00e0 chaque <strong>clic<\/strong>.<\/h2>\n\n\n\n<div style=\"height:50px\" aria-hidden=\"true\" class=\"wp-block-spacer\"><\/div>\n\n\n\n<div style=\"height:0px\" aria-hidden=\"true\" class=\"wp-block-spacer\"><\/div>\n\n\n\n<div class=\"wp-block-buttons is-content-justification-center is-layout-flex wp-container-core-buttons-is-layout-16018d1d wp-block-buttons-is-layout-flex\">\n<div class=\"wp-block-button\"><a class=\"wp-block-button__link has-white-color has-text-color has-background wp-element-button\" href=\"https:\/\/dl.syspectr.com\/get\/exe\" style=\"border-radius:12px;background-color:#4797c2\">T\u00e9l\u00e9chargez le fichier d&rsquo;installation gratuitement<\/a><\/div>\n<\/div>\n\n\n\n<div style=\"height:100px\" aria-hidden=\"true\" class=\"wp-block-spacer\"><\/div>\n\n\n\n<div class=\"wp-block-columns is-layout-flex wp-container-core-columns-is-layout-9d6595d7 wp-block-columns-is-layout-flex\">\n<div class=\"wp-block-column is-layout-flow wp-block-column-is-layout-flow\"><div class=\"wp-block-image\">\n<figure class=\"aligncenter size-full is-resized\"><img loading=\"lazy\" decoding=\"async\" src=\"\/wp-content\/uploads\/syspWeb4_feat1.png\" alt=\"\" class=\"wp-image-6576\" width=\"121\" height=\"118\"\/><\/figure><\/div>\n\n\n<div style=\"height:20px\" aria-hidden=\"true\" class=\"wp-block-spacer\"><\/div>\n\n\n\n<p class=\"has-text-align-center\"><strong>1. T\u00e9l\u00e9chargez et installez<\/strong><\/p>\n\n\n\n<p class=\"has-text-align-center\">T\u00e9l\u00e9chargez le fichier de configuration.<\/p>\n<\/div>\n\n\n\n<div class=\"wp-block-column is-layout-flow wp-block-column-is-layout-flow\"><div class=\"wp-block-image\">\n<figure class=\"aligncenter size-full is-resized\"><img loading=\"lazy\" decoding=\"async\" src=\"\/wp-content\/uploads\/syspWeb_hardwareInventarisieren_illu2.png\" alt=\"\" class=\"wp-image-7866\" width=\"143\" height=\"98\"\/><\/figure><\/div>\n\n\n<div style=\"height:40px\" aria-hidden=\"true\" class=\"wp-block-spacer\"><\/div>\n\n\n\n<p class=\"has-text-align-center\"><strong>2. Lancez l&rsquo;installateur<\/strong><\/p>\n\n\n\n<p class=\"has-text-align-center\">Suivez les instructions de l&rsquo;installateur ; cela ne prend qu&rsquo;une minute.<\/p>\n<\/div>\n\n\n\n<div class=\"wp-block-column is-layout-flow wp-block-column-is-layout-flow\"><div class=\"wp-block-image\">\n<figure class=\"aligncenter size-full is-resized\"><img loading=\"lazy\" decoding=\"async\" src=\"\/wp-content\/uploads\/Bild-3.png\" alt=\"\" class=\"wp-image-8285\" width=\"120\" height=\"116\"\/><\/figure><\/div>\n\n\n<div style=\"height:22px\" aria-hidden=\"true\" class=\"wp-block-spacer\"><\/div>\n\n\n\n<p class=\"has-text-align-center\"><strong>3. Termin\u00e9 !<\/strong><\/p>\n\n\n\n<p class=\"has-text-align-center\">Ouvrez l&rsquo;application web et surveillez vos ordinateurs.<\/p>\n<\/div>\n<\/div>\n\n\n\n<div style=\"height:50px\" aria-hidden=\"true\" class=\"wp-block-spacer\"><\/div>\n\n\n\n<p>Avec le fichier d&rsquo;installation fourni, vous pouvez ajouter de nouveaux ordinateurs \u00e0 votre compte ou cr\u00e9er un nouveau compte. Une fois votre compte configur\u00e9, vous recevrez \u00e9galement un acc\u00e8s gratuit \u00e0 un fichier MSI sp\u00e9cial qui permet l&rsquo;installation automatique sur le r\u00e9seau.<\/p>\n\n\n\n<div style=\"height:100px\" aria-hidden=\"true\" class=\"wp-block-spacer\"><\/div>\n","protected":false},"excerpt":{"rendered":"<p>Gardez le contr\u00f4le \u2013 \u00e0 chaque clic. 1. T\u00e9l\u00e9chargez et installez T\u00e9l\u00e9chargez le fichier de configuration. 2. Lancez l&rsquo;installateur Suivez les instructions de l&rsquo;installateur ; cela ne prend qu&rsquo;une minute. 3. Termin\u00e9 ! Ouvrez l&rsquo;application web et surveillez vos ordinateurs. &hellip; <a href=\"https:\/\/www.syspectr.com\/fr\/download\">Continue reading <span class=\"meta-nav\">&rarr;<\/span><\/a><\/p>\n","protected":false},"author":15,"featured_media":0,"parent":0,"menu_order":0,"comment_status":"closed","ping_status":"closed","template":"","meta":{"footnotes":""},"class_list":["post-8944","page","type-page","status-publish","hentry"],"yoast_head":"<!-- This site is optimized with the Yoast SEO plugin v25.1 - https:\/\/yoast.com\/wordpress\/plugins\/seo\/ -->\n<title>Download - O&amp;O Syspectr<\/title>\n<meta name=\"description\" content=\"Gardez le contr\u00f4le - \u00e0 chaque clic. T\u00e9l\u00e9chargez gratuitement. T\u00e9l\u00e9chargez et installez. Lancez l&#039;installateur. Termin\u00e9 !\" \/>\n<meta name=\"robots\" content=\"index, follow, max-snippet:-1, max-image-preview:large, max-video-preview:-1\" \/>\n<link rel=\"canonical\" href=\"https:\/\/www.syspectr.com\/fr\/download\" \/>\n<meta property=\"og:locale\" content=\"fr_FR\" \/>\n<meta property=\"og:type\" content=\"article\" \/>\n<meta property=\"og:title\" content=\"Download - O&amp;O Syspectr\" \/>\n<meta property=\"og:description\" content=\"Gardez le contr\u00f4le - \u00e0 chaque clic. T\u00e9l\u00e9chargez gratuitement. T\u00e9l\u00e9chargez et installez. Lancez l&#039;installateur. Termin\u00e9 !\" \/>\n<meta property=\"og:url\" content=\"https:\/\/www.syspectr.com\/fr\/download\" \/>\n<meta property=\"og:site_name\" content=\"O&amp;O Syspectr\" \/>\n<meta property=\"article:publisher\" content=\"https:\/\/www.facebook.com\/OOSoftware\" \/>\n<meta property=\"article:modified_time\" content=\"2024-12-18T14:25:57+00:00\" \/>\n<meta property=\"og:image\" content=\"https:\/\/www.syspectr.com\/wp-content\/uploads\/logo.png\" \/>\n\t<meta property=\"og:image:width\" content=\"1200\" \/>\n\t<meta property=\"og:image:height\" content=\"1200\" \/>\n\t<meta property=\"og:image:type\" content=\"image\/png\" \/>\n<meta name=\"twitter:card\" content=\"summary_large_image\" \/>\n<meta name=\"twitter:site\" content=\"@syspectr\" \/>\n<script type=\"application\/ld+json\" class=\"yoast-schema-graph\">{\"@context\":\"https:\/\/schema.org\",\"@graph\":[{\"@type\":\"WebPage\",\"@id\":\"https:\/\/www.syspectr.com\/fr\/download\",\"url\":\"https:\/\/www.syspectr.com\/fr\/download\",\"name\":\"Download - O&amp;O Syspectr\",\"isPartOf\":{\"@id\":\"https:\/\/www.syspectr.com\/fr#website\"},\"datePublished\":\"2024-12-16T14:24:19+00:00\",\"dateModified\":\"2024-12-18T14:25:57+00:00\",\"description\":\"Gardez le contr\u00f4le - \u00e0 chaque clic. T\u00e9l\u00e9chargez gratuitement. T\u00e9l\u00e9chargez et installez. Lancez l'installateur. Termin\u00e9 !\",\"breadcrumb\":{\"@id\":\"https:\/\/www.syspectr.com\/fr\/download#breadcrumb\"},\"inLanguage\":\"fr-FR\",\"potentialAction\":[{\"@type\":\"ReadAction\",\"target\":[\"https:\/\/www.syspectr.com\/fr\/download\"]}]},{\"@type\":\"BreadcrumbList\",\"@id\":\"https:\/\/www.syspectr.com\/fr\/download#breadcrumb\",\"itemListElement\":[{\"@type\":\"ListItem\",\"position\":1,\"name\":\"Home\",\"item\":\"https:\/\/oodev-www.syspectr.com\/fr\"},{\"@type\":\"ListItem\",\"position\":2,\"name\":\"Download\"}]},{\"@type\":\"WebSite\",\"@id\":\"https:\/\/www.syspectr.com\/fr#website\",\"url\":\"https:\/\/www.syspectr.com\/fr\",\"name\":\"O&amp;O Syspectr\",\"description\":\"Manage and monitor your network. Anytime. Anywhere.\",\"publisher\":{\"@id\":\"https:\/\/www.syspectr.com\/fr#organization\"},\"potentialAction\":[{\"@type\":\"SearchAction\",\"target\":{\"@type\":\"EntryPoint\",\"urlTemplate\":\"https:\/\/www.syspectr.com\/fr?s={search_term_string}\"},\"query-input\":{\"@type\":\"PropertyValueSpecification\",\"valueRequired\":true,\"valueName\":\"search_term_string\"}}],\"inLanguage\":\"fr-FR\"},{\"@type\":\"Organization\",\"@id\":\"https:\/\/www.syspectr.com\/fr#organization\",\"name\":\"O&O Software GmbH\",\"url\":\"https:\/\/www.syspectr.com\/fr\",\"logo\":{\"@type\":\"ImageObject\",\"inLanguage\":\"fr-FR\",\"@id\":\"https:\/\/www.syspectr.com\/fr#\/schema\/logo\/image\/\",\"url\":\"https:\/\/oodev-www.syspectr.com\/wp-content\/uploads\/logo.png\",\"contentUrl\":\"https:\/\/oodev-www.syspectr.com\/wp-content\/uploads\/logo.png\",\"width\":1200,\"height\":1200,\"caption\":\"O&O Software GmbH\"},\"image\":{\"@id\":\"https:\/\/www.syspectr.com\/fr#\/schema\/logo\/image\/\"},\"sameAs\":[\"https:\/\/www.facebook.com\/OOSoftware\",\"https:\/\/x.com\/syspectr\",\"https:\/\/ca.linkedin.com\/company\/o&amp;o-software-gmbh\",\"https:\/\/www.youtube.com\/user\/oosoftw\"]}]}<\/script>\n<!-- \/ Yoast SEO plugin. -->","yoast_head_json":{"title":"Download - O&amp;O Syspectr","description":"Gardez le contr\u00f4le - \u00e0 chaque clic. T\u00e9l\u00e9chargez gratuitement. T\u00e9l\u00e9chargez et installez. Lancez l'installateur. Termin\u00e9 !","robots":{"index":"index","follow":"follow","max-snippet":"max-snippet:-1","max-image-preview":"max-image-preview:large","max-video-preview":"max-video-preview:-1"},"canonical":"https:\/\/www.syspectr.com\/fr\/download","og_locale":"fr_FR","og_type":"article","og_title":"Download - O&amp;O Syspectr","og_description":"Gardez le contr\u00f4le - \u00e0 chaque clic. T\u00e9l\u00e9chargez gratuitement. T\u00e9l\u00e9chargez et installez. Lancez l'installateur. Termin\u00e9 !","og_url":"https:\/\/www.syspectr.com\/fr\/download","og_site_name":"O&amp;O Syspectr","article_publisher":"https:\/\/www.facebook.com\/OOSoftware","article_modified_time":"2024-12-18T14:25:57+00:00","og_image":[{"width":1200,"height":1200,"url":"https:\/\/www.syspectr.com\/wp-content\/uploads\/logo.png","type":"image\/png"}],"twitter_card":"summary_large_image","twitter_site":"@syspectr","schema":{"@context":"https:\/\/schema.org","@graph":[{"@type":"WebPage","@id":"https:\/\/www.syspectr.com\/fr\/download","url":"https:\/\/www.syspectr.com\/fr\/download","name":"Download - O&amp;O Syspectr","isPartOf":{"@id":"https:\/\/www.syspectr.com\/fr#website"},"datePublished":"2024-12-16T14:24:19+00:00","dateModified":"2024-12-18T14:25:57+00:00","description":"Gardez le contr\u00f4le - \u00e0 chaque clic. T\u00e9l\u00e9chargez gratuitement. T\u00e9l\u00e9chargez et installez. Lancez l'installateur. Termin\u00e9 !","breadcrumb":{"@id":"https:\/\/www.syspectr.com\/fr\/download#breadcrumb"},"inLanguage":"fr-FR","potentialAction":[{"@type":"ReadAction","target":["https:\/\/www.syspectr.com\/fr\/download"]}]},{"@type":"BreadcrumbList","@id":"https:\/\/www.syspectr.com\/fr\/download#breadcrumb","itemListElement":[{"@type":"ListItem","position":1,"name":"Home","item":"https:\/\/oodev-www.syspectr.com\/fr"},{"@type":"ListItem","position":2,"name":"Download"}]},{"@type":"WebSite","@id":"https:\/\/www.syspectr.com\/fr#website","url":"https:\/\/www.syspectr.com\/fr","name":"O&amp;O Syspectr","description":"Manage and monitor your network. Anytime. Anywhere.","publisher":{"@id":"https:\/\/www.syspectr.com\/fr#organization"},"potentialAction":[{"@type":"SearchAction","target":{"@type":"EntryPoint","urlTemplate":"https:\/\/www.syspectr.com\/fr?s={search_term_string}"},"query-input":{"@type":"PropertyValueSpecification","valueRequired":true,"valueName":"search_term_string"}}],"inLanguage":"fr-FR"},{"@type":"Organization","@id":"https:\/\/www.syspectr.com\/fr#organization","name":"O&O Software GmbH","url":"https:\/\/www.syspectr.com\/fr","logo":{"@type":"ImageObject","inLanguage":"fr-FR","@id":"https:\/\/www.syspectr.com\/fr#\/schema\/logo\/image\/","url":"https:\/\/oodev-www.syspectr.com\/wp-content\/uploads\/logo.png","contentUrl":"https:\/\/oodev-www.syspectr.com\/wp-content\/uploads\/logo.png","width":1200,"height":1200,"caption":"O&O Software GmbH"},"image":{"@id":"https:\/\/www.syspectr.com\/fr#\/schema\/logo\/image\/"},"sameAs":["https:\/\/www.facebook.com\/OOSoftware","https:\/\/x.com\/syspectr","https:\/\/ca.linkedin.com\/company\/o&amp;o-software-gmbh","https:\/\/www.youtube.com\/user\/oosoftw"]}]}},"publishpress_future_action":{"enabled":false,"date":"2026-05-20 06:29:29","action":"change-status","newStatus":"draft","terms":[],"taxonomy":"translation_priority"},"publishpress_future_workflow_manual_trigger":{"enabledWorkflows":[]},"_links":{"self":[{"href":"https:\/\/www.syspectr.com\/fr\/wp-json\/wp\/v2\/pages\/8944","targetHints":{"allow":["GET"]}}],"collection":[{"href":"https:\/\/www.syspectr.com\/fr\/wp-json\/wp\/v2\/pages"}],"about":[{"href":"https:\/\/www.syspectr.com\/fr\/wp-json\/wp\/v2\/types\/page"}],"author":[{"embeddable":true,"href":"https:\/\/www.syspectr.com\/fr\/wp-json\/wp\/v2\/users\/15"}],"replies":[{"embeddable":true,"href":"https:\/\/www.syspectr.com\/fr\/wp-json\/wp\/v2\/comments?post=8944"}],"version-history":[{"count":1,"href":"https:\/\/www.syspectr.com\/fr\/wp-json\/wp\/v2\/pages\/8944\/revisions"}],"predecessor-version":[{"id":8946,"href":"https:\/\/www.syspectr.com\/fr\/wp-json\/wp\/v2\/pages\/8944\/revisions\/8946"}],"wp:attachment":[{"href":"https:\/\/www.syspectr.com\/fr\/wp-json\/wp\/v2\/media?parent=8944"}],"curies":[{"name":"wp","href":"https:\/\/api.w.org\/{rel}","templated":true}]}}