{"id":9098,"date":"2024-11-13T16:01:36","date_gmt":"2024-11-13T14:01:36","guid":{"rendered":"https:\/\/oodev-www.syspectr.com\/oo-bluecon-disaster-recovery"},"modified":"2025-07-21T13:42:58","modified_gmt":"2025-07-21T11:42:58","slug":"oo-bluecon-disaster-recovery","status":"publish","type":"page","link":"https:\/\/www.syspectr.com\/fr\/oo-bluecon-disaster-recovery","title":{"rendered":"Premi\u00e8re mondiale : r\u00e9cup\u00e9ration d\u2019urgence du bureau \u00e0 distance"},"content":{"rendered":"\n<div style=\"height:50px\" aria-hidden=\"true\" class=\"wp-block-spacer\"><\/div>\n\n\n\n<h2 class=\"wp-block-heading has-text-align-center\" style=\"font-size:38px\">Premi\u00e8re mondiale : <br>r\u00e9cup\u00e9ration d\u2019urgence du bureau \u00e0 distance&nbsp;<\/h2>\n\n\n\n<div style=\"height:20px\" aria-hidden=\"true\" class=\"wp-block-spacer\"><\/div>\n\n\n\n<div style=\"height:50px\" aria-hidden=\"true\" class=\"wp-block-spacer\"><\/div>\n\n\n<div class=\"wp-block-image is-resized is-style-default full-width-ft-image\">\n<figure class=\"aligncenter size-full\"><img loading=\"lazy\" decoding=\"async\" width=\"1245\" height=\"833\" src=\"\/wp-content\/uploads\/oobc22_sys002_en.png\" alt=\"\" class=\"wp-image-9091\"\/><\/figure><\/div>\n\n\n<div style=\"height:50px\" aria-hidden=\"true\" class=\"wp-block-spacer\"><\/div>\n\n\n\n<p style=\"font-size:18px\">Nous avons int\u00e9gr\u00e9 l\u2019exp\u00e9rience tir\u00e9e de la panne majeure de Crowdstrike cette ann\u00e9e ainsi que les souhaits de nos clients dans le d\u00e9veloppement du tout nouveau O&amp;O BlueCon 22, d\u00e9sormais int\u00e9gr\u00e9 \u00e0 O&amp;O Syspectr !<br>Le r\u00e9sultat : le premier outil de r\u00e9cup\u00e9ration apr\u00e8s sinistre au monde capable de r\u00e9parer \u00e0 distance un ordinateur dont Windows est endommag\u00e9, de d\u00e9marrer, maintenir ou restaurer un PC \u00e9teint, ou encore de restaurer une sauvegarde existante, m\u00eame sans syst\u00e8me d\u2019exploitation fonctionnel.<\/p>\n\n\n\n<p style=\"font-size:18px\">Et tout cela sous forme de forfait mensuel pour autant d\u2019ordinateurs et de serveurs que vous le souhaitez !<\/p>\n\n\n\n<div class=\"wp-block-columns are-vertically-aligned-center is-layout-flex wp-container-core-columns-is-layout-9d6595d7 wp-block-columns-is-layout-flex\">\n<div class=\"wp-block-column is-vertically-aligned-center is-layout-flow wp-block-column-is-layout-flow\" style=\"flex-basis:66.66%\">\n<div style=\"height:22px\" aria-hidden=\"true\" class=\"wp-block-spacer\"><\/div>\n\n\n\n<p style=\"font-size:18px\"><strong><strong>Une premi\u00e8re : int\u00e9gration \u00e0 O&amp;O Syspectr<\/strong><\/strong><\/p>\n\n\n\n<p style=\"font-size:18px\">O&amp;O BlueCon 22 offre une option unique de maintenance \u00e0 distance en environnement de secours.<br>Pour cela, toute la technologie a \u00e9t\u00e9 int\u00e9gr\u00e9e dans O&amp;O Syspectr et peut \u00eatre utilis\u00e9e sur un nombre illimit\u00e9 de PC et de serveurs, pour seulement 29 euros HT par mois !&nbsp;<\/p>\n<\/div>\n\n\n\n<div class=\"wp-block-column is-vertically-aligned-center is-layout-flow wp-block-column-is-layout-flow\" style=\"flex-basis:33.33%\"><div class=\"wp-block-image\">\n<figure class=\"alignright size-full\"><img loading=\"lazy\" decoding=\"async\" width=\"244\" height=\"245\" src=\"\/wp-content\/uploads\/syspWeb_RemoteIllus_illu2.png\" alt=\"\" class=\"wp-image-7919\"\/><\/figure><\/div><\/div>\n<\/div>\n\n\n\n<div style=\"height:60px\" aria-hidden=\"true\" class=\"wp-block-spacer\"><\/div>\n\n\n\n<div class=\"wp-block-columns are-vertically-aligned-center is-layout-flex wp-container-core-columns-is-layout-9d6595d7 wp-block-columns-is-layout-flex\">\n<div class=\"wp-block-column is-vertically-aligned-center is-layout-flow wp-block-column-is-layout-flow\" style=\"flex-basis:33.33%\"><div class=\"wp-block-image\">\n<figure class=\"alignright size-full\"><img loading=\"lazy\" decoding=\"async\" width=\"284\" height=\"307\" src=\"\/wp-content\/uploads\/syspWebAMTillus_illu2.png\" alt=\"\" class=\"wp-image-7413\"\/><\/figure><\/div><\/div>\n\n\n\n<div class=\"wp-block-column is-vertically-aligned-center is-layout-flow wp-block-column-is-layout-flow\" style=\"flex-basis:66.66%\">\n<div style=\"height:22px\" aria-hidden=\"true\" class=\"wp-block-spacer\"><\/div>\n\n\n\n<p style=\"font-size:18px\"><strong><strong><strong>Exploitez la puissance de la technologie Intel vPro<\/strong><\/strong><\/strong><\/p>\n\n\n\n<p style=\"font-size:18px\">Les administrateurs informatiques peuvent ainsi acc\u00e9der aux appareils via une connexion cloud, m\u00eame si le syst\u00e8me ne d\u00e9marre plus correctement.<br>Si la technologie Intel vPro est disponible, l\u2019appareil peut m\u00eame \u00eatre d\u00e9marr\u00e9 \u00e0 distance lorsqu\u2019il est \u00e9teint, puis administr\u00e9 normalement !<\/p>\n<\/div>\n<\/div>\n\n\n\n<div style=\"height:100px\" aria-hidden=\"true\" class=\"wp-block-spacer\"><\/div>\n\n\n\n<p style=\"font-size:18px\"><strong>Utilisez O&amp;O BlueCon \u00e0 distance \u2013 en toute simplicit\u00e9 avec O&amp;O Syspectr<\/strong><\/p>\n\n\n\n<div style=\"height:40px\" aria-hidden=\"true\" class=\"wp-block-spacer\"><\/div>\n\n\n\n<div class=\"wp-block-columns is-layout-flex wp-container-core-columns-is-layout-9d6595d7 wp-block-columns-is-layout-flex\">\n<div class=\"wp-block-column is-layout-flow wp-block-column-is-layout-flow\">\n<figure class=\"wp-block-image size-full is-resized\"><img loading=\"lazy\" decoding=\"async\" width=\"355\" height=\"270\" src=\"\/wp-content\/uploads\/sys_sol_003.png\" alt=\"\" class=\"wp-image-6692\" style=\"width:163px;height:auto\"\/><\/figure>\n\n\n\n<div style=\"height:10px\" aria-hidden=\"true\" class=\"wp-block-spacer\"><\/div>\n\n\n\n<p style=\"font-size:18px\"><strong><strong>Acc\u00e8s aux lecteurs chiffr\u00e9s<\/strong><\/strong><br><\/p>\n\n\n\n<p style=\"font-size:18px\">Contr\u00f4le total de tous les supports de stockage \u2013 y compris le d\u00e9chiffrement BitLocker \u2013 pour analyser et sauvegarder m\u00eame les syst\u00e8mes verrouill\u00e9s ou endommag\u00e9s.<\/p>\n<\/div>\n\n\n\n<div class=\"wp-block-column is-layout-flow wp-block-column-is-layout-flow\">\n<figure class=\"wp-block-image size-full is-resized\"><img loading=\"lazy\" decoding=\"async\" width=\"316\" height=\"323\" src=\"\/wp-content\/uploads\/sys_y_001.png\" alt=\"\" class=\"wp-image-6717\" style=\"width:121px\"\/><\/figure>\n\n\n\n<div style=\"height:10px\" aria-hidden=\"true\" class=\"wp-block-spacer\"><\/div>\n\n\n\n<p style=\"font-size:18px\"><strong><strong>R\u00e9initialisation des mots de passe et comptes utilisateurs<\/strong><\/strong><\/p>\n\n\n\n<p style=\"font-size:18px\">R\u00e9initialisez les mots de passe oubli\u00e9s et restaurez l\u2019acc\u00e8s aux comptes locaux \u2013 rapidement, en toute s\u00e9curit\u00e9 et sans r\u00e9installer le syst\u00e8me d\u2019exploitation.<\/p>\n<\/div>\n\n\n\n<div class=\"wp-block-column is-layout-flow wp-block-column-is-layout-flow\">\n<figure class=\"wp-block-image size-full is-resized\"><img loading=\"lazy\" decoding=\"async\" width=\"211\" height=\"213\" src=\"\/wp-content\/uploads\/Bild-4.png\" alt=\"\" class=\"wp-image-8289\" style=\"width:121px\"\/><\/figure>\n\n\n\n<div style=\"height:10px\" aria-hidden=\"true\" class=\"wp-block-spacer\"><\/div>\n\n\n\n<p style=\"font-size:18px\"><strong>R\u00e9paration automatique de Windows<\/strong><br><\/p>\n\n\n\n<p style=\"font-size:18px\">D\u00e9tectez et corrigez les probl\u00e8mes Windows courants gr\u00e2ce \u00e0 des outils intelligents \u2013 pour des syst\u00e8mes stables et un minimum d\u2019interruptions.<\/p>\n<\/div>\n<\/div>\n\n\n\n<div style=\"height:100px\" aria-hidden=\"true\" class=\"wp-block-spacer\"><\/div>\n\n\n\n<div class=\"wp-block-columns is-layout-flex wp-container-core-columns-is-layout-9d6595d7 wp-block-columns-is-layout-flex\">\n<div class=\"wp-block-column is-layout-flow wp-block-column-is-layout-flow\">\n<figure class=\"wp-block-image size-full is-resized\"><img loading=\"lazy\" decoding=\"async\" width=\"357\" height=\"243\" src=\"\/wp-content\/uploads\/syspWindowsUpdatesIllus_illu1.png\" alt=\"\" class=\"wp-image-7703\" style=\"aspect-ratio:1;object-fit:contain;width:138px;height:auto\"\/><\/figure>\n\n\n\n<p style=\"font-size:18px\"><strong>Suppression des mises \u00e0 jour et pilotes d\u00e9fectueux<\/strong><\/p>\n\n\n\n<p style=\"font-size:18px\">D\u00e9sinstallez les mises \u00e0 jour Windows probl\u00e9matiques et les pilotes incompatibles afin de corriger les erreurs syst\u00e8me et de r\u00e9tablir la stabilit\u00e9.<\/p>\n<\/div>\n\n\n\n<div class=\"wp-block-column is-vertically-aligned-center is-layout-flow wp-block-column-is-layout-flow\"><div class=\"wp-block-image\">\n<figure class=\"alignleft size-full is-resized\"><img loading=\"lazy\" decoding=\"async\" width=\"286\" height=\"150\" src=\"\/wp-content\/uploads\/oosysWeb_cloudManagement.png\" alt=\"\" class=\"wp-image-8165\" style=\"width:149px;height:auto\"\/><\/figure><\/div>\n\n\n<div style=\"height:42px\" aria-hidden=\"true\" class=\"wp-block-spacer\"><\/div>\n\n\n\n<p style=\"font-size:18px\"><strong>Sauvegarde des donn\u00e9es avec options forensiques<\/strong><br><\/p>\n\n\n\n<p style=\"font-size:18px\">Sauvegardez toutes les donn\u00e9es ou une s\u00e9lection cibl\u00e9e \u2013 en mode standard ou forensique, selon les besoins op\u00e9rationnels ou juridiques.<\/p>\n<\/div>\n\n\n\n<div class=\"wp-block-column is-layout-flow wp-block-column-is-layout-flow\">\n<figure class=\"wp-block-image size-full is-resized\"><img loading=\"lazy\" decoding=\"async\" width=\"240\" height=\"231\" src=\"\/wp-content\/uploads\/Bild-3.png\" alt=\"\" class=\"wp-image-8285\" style=\"width:120px;height:116px\"\/><\/figure>\n\n\n\n<div style=\"height:21px\" aria-hidden=\"true\" class=\"wp-block-spacer\"><\/div>\n\n\n\n<p style=\"font-size:18px\"><strong>Restauration fiable des donn\u00e9es<\/strong><br><\/p>\n\n\n\n<p style=\"font-size:18px\">R\u00e9cup\u00e9rez les fichiers supprim\u00e9s ou endommag\u00e9s gr\u00e2ce \u00e0 des outils int\u00e9gr\u00e9s \u2013 simple, s\u00e9curis\u00e9, sans logiciel suppl\u00e9mentaire.<\/p>\n<\/div>\n<\/div>\n\n\n\n<div style=\"height:40px\" aria-hidden=\"true\" class=\"wp-block-spacer\"><\/div>\n\n\n\n<p style=\"font-size:18px\">Choisissez d\u00e8s maintenant l\u2019\u00e9dition <a href=\"https:\/\/shop.oo-software.com\/36\/purl-premiummodules?cart=s9617&amp;tracking=OOSYSPREMIUM\">Premium<\/a> ou <a href=\"https:\/\/shop.oo-software.com\/36\/purl-premiummodules?cart=s9617&amp;tracking=OOSYSPREMIUM\">Enterprise<\/a> de O&amp;O Syspectr avec le nouveau O&amp;O BlueCon 22, et soyez prot\u00e9g\u00e9 contre les effets graves de pannes critiques comme celle de Crowdstrike !<\/p>\n\n\n\n<div style=\"height:0px\" aria-hidden=\"true\" class=\"wp-block-spacer\"><\/div>\n\n\n\n<div style=\"height:100px\" aria-hidden=\"true\" class=\"wp-block-spacer\"><\/div>\n\n\n\n<p class=\"has-text-align-center\" style=\"font-size:18px\">Voulez-vous essayer O&amp;O Syspectr ? Pas de probl\u00e8me !<\/p>\n\n\n\n<div style=\"height:35px\" aria-hidden=\"true\" class=\"wp-block-spacer\"><\/div>\n\n\n\n<div class=\"syspectr-cta-green-buttons\">\n     <a class=\"syspectr-cta-green-button\" href=\"https:\/\/app.syspectr.com\/en\/account\/signup?aff=www\">\nEssayez maintenant!<\/a>\n<\/div>\n\n\n\n<div style=\"height:40px\" aria-hidden=\"true\" class=\"wp-block-spacer\"><\/div>\n\n\n\n<p class=\"has-text-align-center\" style=\"font-size:18px\">D&rsquo;ailleurs, vous pouvez g\u00e9rer jusqu&rsquo;\u00e0 10 ordinateurs gratuitement !<\/p>\n\n\n\n<div style=\"height:60px\" aria-hidden=\"true\" class=\"wp-block-spacer\"><\/div>\n","protected":false},"excerpt":{"rendered":"<p>Premi\u00e8re mondiale : r\u00e9cup\u00e9ration d\u2019urgence du bureau \u00e0 distance&nbsp; Nous avons int\u00e9gr\u00e9 l\u2019exp\u00e9rience tir\u00e9e de la panne majeure de Crowdstrike cette ann\u00e9e ainsi que les souhaits de nos clients dans le d\u00e9veloppement du tout nouveau O&amp;O BlueCon 22, d\u00e9sormais int\u00e9gr\u00e9 &hellip; <a href=\"https:\/\/www.syspectr.com\/fr\/oo-bluecon-disaster-recovery\">Continue reading <span class=\"meta-nav\">&rarr;<\/span><\/a><\/p>\n","protected":false},"author":15,"featured_media":0,"parent":0,"menu_order":0,"comment_status":"closed","ping_status":"closed","template":"","meta":{"footnotes":""},"class_list":["post-9098","page","type-page","status-publish","hentry"],"yoast_head":"<!-- This site is optimized with the Yoast SEO plugin v25.1 - https:\/\/yoast.com\/wordpress\/plugins\/seo\/ -->\n<title>Premi\u00e8re mondiale : r\u00e9cup\u00e9ration d\u2019urgence du bureau \u00e0 distance - O&amp;O Syspectr<\/title>\n<meta name=\"robots\" content=\"index, follow, max-snippet:-1, max-image-preview:large, max-video-preview:-1\" \/>\n<link rel=\"canonical\" href=\"https:\/\/www.syspectr.com\/fr\/oo-bluecon-disaster-recovery\" \/>\n<meta property=\"og:locale\" content=\"fr_FR\" \/>\n<meta property=\"og:type\" content=\"article\" \/>\n<meta property=\"og:title\" content=\"Premi\u00e8re mondiale : r\u00e9cup\u00e9ration d\u2019urgence du bureau \u00e0 distance - O&amp;O Syspectr\" \/>\n<meta property=\"og:description\" content=\"Premi\u00e8re mondiale : r\u00e9cup\u00e9ration d\u2019urgence du bureau \u00e0 distance&nbsp; Nous avons int\u00e9gr\u00e9 l\u2019exp\u00e9rience tir\u00e9e de la panne majeure de Crowdstrike cette ann\u00e9e ainsi que les souhaits de nos clients dans le d\u00e9veloppement du tout nouveau O&amp;O BlueCon 22, d\u00e9sormais int\u00e9gr\u00e9 &hellip; Continue reading &rarr;\" \/>\n<meta property=\"og:url\" content=\"https:\/\/www.syspectr.com\/fr\/oo-bluecon-disaster-recovery\" \/>\n<meta property=\"og:site_name\" content=\"O&amp;O Syspectr\" \/>\n<meta property=\"article:publisher\" content=\"https:\/\/www.facebook.com\/OOSoftware\" \/>\n<meta property=\"article:modified_time\" content=\"2025-07-21T11:42:58+00:00\" \/>\n<meta property=\"og:image\" content=\"https:\/\/www.syspectr.com\/wp-content\/uploads\/logo.png\" \/>\n\t<meta property=\"og:image:width\" content=\"1200\" \/>\n\t<meta property=\"og:image:height\" content=\"1200\" \/>\n\t<meta property=\"og:image:type\" content=\"image\/png\" \/>\n<meta name=\"twitter:card\" content=\"summary_large_image\" \/>\n<meta name=\"twitter:site\" content=\"@syspectr\" \/>\n<meta name=\"twitter:label1\" content=\"Dur\u00e9e de lecture estim\u00e9e\" \/>\n\t<meta name=\"twitter:data1\" content=\"3 minutes\" \/>\n<script type=\"application\/ld+json\" class=\"yoast-schema-graph\">{\"@context\":\"https:\/\/schema.org\",\"@graph\":[{\"@type\":\"WebPage\",\"@id\":\"https:\/\/www.syspectr.com\/fr\/oo-bluecon-disaster-recovery\",\"url\":\"https:\/\/www.syspectr.com\/fr\/oo-bluecon-disaster-recovery\",\"name\":\"Premi\u00e8re mondiale : r\u00e9cup\u00e9ration d\u2019urgence du bureau \u00e0 distance - O&amp;O Syspectr\",\"isPartOf\":{\"@id\":\"https:\/\/www.syspectr.com\/fr#website\"},\"datePublished\":\"2024-11-13T14:01:36+00:00\",\"dateModified\":\"2025-07-21T11:42:58+00:00\",\"breadcrumb\":{\"@id\":\"https:\/\/www.syspectr.com\/fr\/oo-bluecon-disaster-recovery#breadcrumb\"},\"inLanguage\":\"fr-FR\",\"potentialAction\":[{\"@type\":\"ReadAction\",\"target\":[\"https:\/\/www.syspectr.com\/fr\/oo-bluecon-disaster-recovery\"]}]},{\"@type\":\"BreadcrumbList\",\"@id\":\"https:\/\/www.syspectr.com\/fr\/oo-bluecon-disaster-recovery#breadcrumb\",\"itemListElement\":[{\"@type\":\"ListItem\",\"position\":1,\"name\":\"Home\",\"item\":\"https:\/\/oodev-www.syspectr.com\/fr\"},{\"@type\":\"ListItem\",\"position\":2,\"name\":\"Premi\u00e8re mondiale : r\u00e9cup\u00e9ration d\u2019urgence du bureau \u00e0 distance\"}]},{\"@type\":\"WebSite\",\"@id\":\"https:\/\/www.syspectr.com\/fr#website\",\"url\":\"https:\/\/www.syspectr.com\/fr\",\"name\":\"O&amp;O Syspectr\",\"description\":\"Manage and monitor your network. Anytime. Anywhere.\",\"publisher\":{\"@id\":\"https:\/\/www.syspectr.com\/fr#organization\"},\"potentialAction\":[{\"@type\":\"SearchAction\",\"target\":{\"@type\":\"EntryPoint\",\"urlTemplate\":\"https:\/\/www.syspectr.com\/fr?s={search_term_string}\"},\"query-input\":{\"@type\":\"PropertyValueSpecification\",\"valueRequired\":true,\"valueName\":\"search_term_string\"}}],\"inLanguage\":\"fr-FR\"},{\"@type\":\"Organization\",\"@id\":\"https:\/\/www.syspectr.com\/fr#organization\",\"name\":\"O&O Software GmbH\",\"url\":\"https:\/\/www.syspectr.com\/fr\",\"logo\":{\"@type\":\"ImageObject\",\"inLanguage\":\"fr-FR\",\"@id\":\"https:\/\/www.syspectr.com\/fr#\/schema\/logo\/image\/\",\"url\":\"https:\/\/oodev-www.syspectr.com\/wp-content\/uploads\/logo.png\",\"contentUrl\":\"https:\/\/oodev-www.syspectr.com\/wp-content\/uploads\/logo.png\",\"width\":1200,\"height\":1200,\"caption\":\"O&O Software GmbH\"},\"image\":{\"@id\":\"https:\/\/www.syspectr.com\/fr#\/schema\/logo\/image\/\"},\"sameAs\":[\"https:\/\/www.facebook.com\/OOSoftware\",\"https:\/\/x.com\/syspectr\",\"https:\/\/ca.linkedin.com\/company\/o&amp;o-software-gmbh\",\"https:\/\/www.youtube.com\/user\/oosoftw\"]}]}<\/script>\n<!-- \/ Yoast SEO plugin. -->","yoast_head_json":{"title":"Premi\u00e8re mondiale : r\u00e9cup\u00e9ration d\u2019urgence du bureau \u00e0 distance - O&amp;O Syspectr","robots":{"index":"index","follow":"follow","max-snippet":"max-snippet:-1","max-image-preview":"max-image-preview:large","max-video-preview":"max-video-preview:-1"},"canonical":"https:\/\/www.syspectr.com\/fr\/oo-bluecon-disaster-recovery","og_locale":"fr_FR","og_type":"article","og_title":"Premi\u00e8re mondiale : r\u00e9cup\u00e9ration d\u2019urgence du bureau \u00e0 distance - O&amp;O Syspectr","og_description":"Premi\u00e8re mondiale : r\u00e9cup\u00e9ration d\u2019urgence du bureau \u00e0 distance&nbsp; Nous avons int\u00e9gr\u00e9 l\u2019exp\u00e9rience tir\u00e9e de la panne majeure de Crowdstrike cette ann\u00e9e ainsi que les souhaits de nos clients dans le d\u00e9veloppement du tout nouveau O&amp;O BlueCon 22, d\u00e9sormais int\u00e9gr\u00e9 &hellip; Continue reading &rarr;","og_url":"https:\/\/www.syspectr.com\/fr\/oo-bluecon-disaster-recovery","og_site_name":"O&amp;O Syspectr","article_publisher":"https:\/\/www.facebook.com\/OOSoftware","article_modified_time":"2025-07-21T11:42:58+00:00","og_image":[{"width":1200,"height":1200,"url":"https:\/\/www.syspectr.com\/wp-content\/uploads\/logo.png","type":"image\/png"}],"twitter_card":"summary_large_image","twitter_site":"@syspectr","twitter_misc":{"Dur\u00e9e de lecture estim\u00e9e":"3 minutes"},"schema":{"@context":"https:\/\/schema.org","@graph":[{"@type":"WebPage","@id":"https:\/\/www.syspectr.com\/fr\/oo-bluecon-disaster-recovery","url":"https:\/\/www.syspectr.com\/fr\/oo-bluecon-disaster-recovery","name":"Premi\u00e8re mondiale : r\u00e9cup\u00e9ration d\u2019urgence du bureau \u00e0 distance - O&amp;O Syspectr","isPartOf":{"@id":"https:\/\/www.syspectr.com\/fr#website"},"datePublished":"2024-11-13T14:01:36+00:00","dateModified":"2025-07-21T11:42:58+00:00","breadcrumb":{"@id":"https:\/\/www.syspectr.com\/fr\/oo-bluecon-disaster-recovery#breadcrumb"},"inLanguage":"fr-FR","potentialAction":[{"@type":"ReadAction","target":["https:\/\/www.syspectr.com\/fr\/oo-bluecon-disaster-recovery"]}]},{"@type":"BreadcrumbList","@id":"https:\/\/www.syspectr.com\/fr\/oo-bluecon-disaster-recovery#breadcrumb","itemListElement":[{"@type":"ListItem","position":1,"name":"Home","item":"https:\/\/oodev-www.syspectr.com\/fr"},{"@type":"ListItem","position":2,"name":"Premi\u00e8re mondiale : r\u00e9cup\u00e9ration d\u2019urgence du bureau \u00e0 distance"}]},{"@type":"WebSite","@id":"https:\/\/www.syspectr.com\/fr#website","url":"https:\/\/www.syspectr.com\/fr","name":"O&amp;O Syspectr","description":"Manage and monitor your network. Anytime. Anywhere.","publisher":{"@id":"https:\/\/www.syspectr.com\/fr#organization"},"potentialAction":[{"@type":"SearchAction","target":{"@type":"EntryPoint","urlTemplate":"https:\/\/www.syspectr.com\/fr?s={search_term_string}"},"query-input":{"@type":"PropertyValueSpecification","valueRequired":true,"valueName":"search_term_string"}}],"inLanguage":"fr-FR"},{"@type":"Organization","@id":"https:\/\/www.syspectr.com\/fr#organization","name":"O&O Software GmbH","url":"https:\/\/www.syspectr.com\/fr","logo":{"@type":"ImageObject","inLanguage":"fr-FR","@id":"https:\/\/www.syspectr.com\/fr#\/schema\/logo\/image\/","url":"https:\/\/oodev-www.syspectr.com\/wp-content\/uploads\/logo.png","contentUrl":"https:\/\/oodev-www.syspectr.com\/wp-content\/uploads\/logo.png","width":1200,"height":1200,"caption":"O&O Software GmbH"},"image":{"@id":"https:\/\/www.syspectr.com\/fr#\/schema\/logo\/image\/"},"sameAs":["https:\/\/www.facebook.com\/OOSoftware","https:\/\/x.com\/syspectr","https:\/\/ca.linkedin.com\/company\/o&amp;o-software-gmbh","https:\/\/www.youtube.com\/user\/oosoftw"]}]}},"publishpress_future_action":{"enabled":false,"date":"2026-04-23 05:33:25","action":"change-status","newStatus":"draft","terms":[],"taxonomy":"translation_priority"},"publishpress_future_workflow_manual_trigger":{"enabledWorkflows":[]},"_links":{"self":[{"href":"https:\/\/www.syspectr.com\/fr\/wp-json\/wp\/v2\/pages\/9098","targetHints":{"allow":["GET"]}}],"collection":[{"href":"https:\/\/www.syspectr.com\/fr\/wp-json\/wp\/v2\/pages"}],"about":[{"href":"https:\/\/www.syspectr.com\/fr\/wp-json\/wp\/v2\/types\/page"}],"author":[{"embeddable":true,"href":"https:\/\/www.syspectr.com\/fr\/wp-json\/wp\/v2\/users\/15"}],"replies":[{"embeddable":true,"href":"https:\/\/www.syspectr.com\/fr\/wp-json\/wp\/v2\/comments?post=9098"}],"version-history":[{"count":3,"href":"https:\/\/www.syspectr.com\/fr\/wp-json\/wp\/v2\/pages\/9098\/revisions"}],"predecessor-version":[{"id":9129,"href":"https:\/\/www.syspectr.com\/fr\/wp-json\/wp\/v2\/pages\/9098\/revisions\/9129"}],"wp:attachment":[{"href":"https:\/\/www.syspectr.com\/fr\/wp-json\/wp\/v2\/media?parent=9098"}],"curies":[{"name":"wp","href":"https:\/\/api.w.org\/{rel}","templated":true}]}}